{"id":982,"date":"2014-01-30T13:01:34","date_gmt":"2014-01-30T13:01:34","guid":{"rendered":"http:\/\/www.adberlin.com\/neu\/?page_id=982"},"modified":"2014-01-30T13:02:18","modified_gmt":"2014-01-30T13:02:18","slug":"qualitatsmanagement-als-belastung","status":"publish","type":"page","link":"https:\/\/www.adberlin.com\/neu\/assistenzdienst\/qualitatsmanagement-startseite\/qualitaetsmanagement-allgemeine-informationen\/qualitatsmanagement-als-belastung","title":{"rendered":"Qualit\u00e4tsmanagement: Eine Belastung?"},"content":{"rendered":"<table cellspacing=\"10\" cellpadding=\"20\">\n<tbody style=\"background-color: #ffff99;\">\n<tr>\n<td>\n<h2 align=\"center\"><strong> Was ich schon immer mal wissen wollte<\/strong><\/h2>\n<\/td>\n<\/tr>\n<\/tbody>\n<\/table>\n<h3>Wird mit QM der Arbeitsalltag noch mehr durch B\u00fcrokratie und Formalien belastet?<\/h3>\n<p>Ein Beispiel: Im Qualit\u00e4tsmanagementhandbuch (kurz QM-Handbuch) sind alle wichtigen Arbeitsabl\u00e4ufe beschrieben und wenn es einem mal nicht klar ist, kann nachgeschaut werden, was wann mit wem passieren sollte (z.B. wer nimmt an welcher Sitzung teil und wo geht das Protokoll hin).<\/p>\n","protected":false},"excerpt":{"rendered":"<p>Was ich schon immer mal wissen wollte Wird mit QM der Arbeitsalltag noch mehr durch B\u00fcrokratie und Formalien belastet? Ein Beispiel: Im Qualit\u00e4tsmanagementhandbuch (kurz QM-Handbuch) sind alle wichtigen Arbeitsabl\u00e4ufe beschrieben und wenn es einem mal nicht klar ist, kann nachgeschaut &#8230;<br \/> <a href=\"https:\/\/www.adberlin.com\/neu\/assistenzdienst\/qualitatsmanagement-startseite\/qualitaetsmanagement-allgemeine-informationen\/qualitatsmanagement-als-belastung\" class=\"readmore_link\">weiterlesen<\/a><\/p>\n","protected":false},"author":2,"featured_media":0,"parent":960,"menu_order":0,"comment_status":"closed","ping_status":"closed","template":"","meta":[],"_links":{"self":[{"href":"https:\/\/www.adberlin.com\/neu\/wp-json\/wp\/v2\/pages\/982"}],"collection":[{"href":"https:\/\/www.adberlin.com\/neu\/wp-json\/wp\/v2\/pages"}],"about":[{"href":"https:\/\/www.adberlin.com\/neu\/wp-json\/wp\/v2\/types\/page"}],"author":[{"embeddable":true,"href":"https:\/\/www.adberlin.com\/neu\/wp-json\/wp\/v2\/users\/2"}],"replies":[{"embeddable":true,"href":"https:\/\/www.adberlin.com\/neu\/wp-json\/wp\/v2\/comments?post=982"}],"version-history":[{"count":1,"href":"https:\/\/www.adberlin.com\/neu\/wp-json\/wp\/v2\/pages\/982\/revisions"}],"predecessor-version":[{"id":983,"href":"https:\/\/www.adberlin.com\/neu\/wp-json\/wp\/v2\/pages\/982\/revisions\/983"}],"up":[{"embeddable":true,"href":"https:\/\/www.adberlin.com\/neu\/wp-json\/wp\/v2\/pages\/960"}],"wp:attachment":[{"href":"https:\/\/www.adberlin.com\/neu\/wp-json\/wp\/v2\/media?parent=982"}],"curies":[{"name":"wp","href":"https:\/\/api.w.org\/{rel}","templated":true}]}}