{"id":980,"date":"2014-01-30T11:56:45","date_gmt":"2014-01-30T11:56:45","guid":{"rendered":"http:\/\/www.adberlin.com\/neu\/?page_id=980"},"modified":"2014-01-30T11:58:14","modified_gmt":"2014-01-30T11:58:14","slug":"qualitaetsmanagement-kosten","status":"publish","type":"page","link":"https:\/\/www.adberlin.com\/neu\/assistenzdienst\/qualitatsmanagement-startseite\/qualitaetsmanagement-allgemeine-informationen\/qualitaetsmanagement-kosten","title":{"rendered":"Qualit\u00e4tsmanagement: Kosten"},"content":{"rendered":"<table cellspacing=\"10\" cellpadding=\"20\">\n<tbody style=\"background-color: #ffff99;\">\n<tr>\n<td>\n<h2 align=\"center\"><strong> Was ich schon immer mal wissen wollte<\/strong><\/h2>\n<\/td>\n<\/tr>\n<\/tbody>\n<\/table>\n<h3 align=\"left\"><strong><em>Kostet das ad nicht unn\u00f6tig viel Geld? <\/em><\/strong><\/h3>\n<p>Durch die Einf\u00fchrung diverser gesetzlicher Anforderungen, wie dem Pflegeversicherungsgesetz, seit 1995, dem PflegeQualit\u00e4tssicherungsgesetz seit 2001, dem PflegeWeiterentwicklungsgesetz seit 2008 ergibt sich f\u00fcr ambulante dienste e.V. die Verpflichtung f\u00fcr ein internes Qualit\u00e4tsmanagement. Der Qualit\u00e4tszirkel bei ambulante dienste e.V. existiert seit 2003.<\/p>\n<p>x<\/p>\n","protected":false},"excerpt":{"rendered":"<p>Was ich schon immer mal wissen wollte Kostet das ad nicht unn\u00f6tig viel Geld? Durch die Einf\u00fchrung diverser gesetzlicher Anforderungen, wie dem Pflegeversicherungsgesetz, seit 1995, dem PflegeQualit\u00e4tssicherungsgesetz seit 2001, dem PflegeWeiterentwicklungsgesetz seit 2008 ergibt sich f\u00fcr ambulante dienste e.V. die &#8230;<br \/> <a href=\"https:\/\/www.adberlin.com\/neu\/assistenzdienst\/qualitatsmanagement-startseite\/qualitaetsmanagement-allgemeine-informationen\/qualitaetsmanagement-kosten\" class=\"readmore_link\">weiterlesen<\/a><\/p>\n","protected":false},"author":2,"featured_media":0,"parent":960,"menu_order":0,"comment_status":"closed","ping_status":"closed","template":"","meta":[],"_links":{"self":[{"href":"https:\/\/www.adberlin.com\/neu\/wp-json\/wp\/v2\/pages\/980"}],"collection":[{"href":"https:\/\/www.adberlin.com\/neu\/wp-json\/wp\/v2\/pages"}],"about":[{"href":"https:\/\/www.adberlin.com\/neu\/wp-json\/wp\/v2\/types\/page"}],"author":[{"embeddable":true,"href":"https:\/\/www.adberlin.com\/neu\/wp-json\/wp\/v2\/users\/2"}],"replies":[{"embeddable":true,"href":"https:\/\/www.adberlin.com\/neu\/wp-json\/wp\/v2\/comments?post=980"}],"version-history":[{"count":1,"href":"https:\/\/www.adberlin.com\/neu\/wp-json\/wp\/v2\/pages\/980\/revisions"}],"predecessor-version":[{"id":981,"href":"https:\/\/www.adberlin.com\/neu\/wp-json\/wp\/v2\/pages\/980\/revisions\/981"}],"up":[{"embeddable":true,"href":"https:\/\/www.adberlin.com\/neu\/wp-json\/wp\/v2\/pages\/960"}],"wp:attachment":[{"href":"https:\/\/www.adberlin.com\/neu\/wp-json\/wp\/v2\/media?parent=980"}],"curies":[{"name":"wp","href":"https:\/\/api.w.org\/{rel}","templated":true}]}}