{"id":976,"date":"2014-01-30T11:43:09","date_gmt":"2014-01-30T11:43:09","guid":{"rendered":"http:\/\/www.adberlin.com\/neu\/?page_id=976"},"modified":"2014-01-30T11:44:55","modified_gmt":"2014-01-30T11:44:55","slug":"qualitaetsmanagement-aufgaben-des-qualitaetszirkels","status":"publish","type":"page","link":"https:\/\/www.adberlin.com\/neu\/assistenzdienst\/qualitatsmanagement-startseite\/qualitaetsmanagement-allgemeine-informationen\/qualitaetsmanagement-aufgaben-des-qualitaetszirkels","title":{"rendered":"Qualit\u00e4tsmanagement: Aufgaben des Qualit\u00e4tszirkels"},"content":{"rendered":"<table cellspacing=\"10\" cellpadding=\"20\">\n<tbody style=\"background-color: #ffff99;\">\n<tr>\n<td>\n<h2 align=\"center\"><strong> Was ich schon immer mal wissen wollte<\/strong><\/h2>\n<\/td>\n<\/tr>\n<\/tbody>\n<\/table>\n<h3>\u00a0<strong><em>Was macht der QZ und wozu? <\/em><\/strong><\/h3>\n<p align=\"left\">Im Qualit\u00e4tszirkel von ambulante dienste e.V. arbeiten VertreterInnen aus den unterschiedlichen Gremien\/Arbeitsbereichen.<\/p>\n<p align=\"left\">Der QZ ist das zentrale Steuerungsgremium des Qualit\u00e4tsmanagements bei ambulante dienste e.V. und hat das Ziel eines Qualit\u00e4tsmanagements mit gr\u00f6\u00dftm\u00f6glicher Mitarbeiterbeteiligung. Unsere Hauptaufgabe besteht darin, bestehende Arbeitsabl\u00e4ufe aufzunehmen und zu beschreiben. Wir erfinden nichts Neues.<\/p>\n<p>Wir arbeiten interdisziplin\u00e4r, damit die spezifischen Perspektiven von MitarbeiterInnen und KundInnen in das Qualit\u00e4tsmanagement einflie\u00dfen k\u00f6nnen.<\/p>\n<p>Je nach Priorit\u00e4t werden unterschiedliche Themen von uns bearbeitet. Bearbeitet werden hei\u00dft, dass die einzelnen Arbeitsschritte von Personen, die an diesem Arbeitslauf beteiligt sind, zun\u00e4chst besprochen und dann schriftlich festgehalten werden. Der dann fertige Text wird als Verfahren bezeichnet und steht nach seiner Freigabe im QM-Handbuch.<\/p>\n<p>Prinzipiell k\u00f6nnen wir sagen, dass jedes Verfahren eine festgelegte Struktur hat damit die MitarbeiterInnen m\u00f6glichst \u00fcbersichtlich bestimmte Themen im QM-Handbuch wieder finden k\u00f6nnen.<\/p>\n<p>Die zentralen Aufgaben des QZ sind:<\/p>\n<ul>\n<li>Arbeitsprozesses aufnehmen und beschreiben<\/li>\n<li>Verfahren\/Arbeitsgrundlagen aufnehmen und beschreiben<\/li>\n<li>MultiplikatorInnen\/Informations\u00fcbermittlerInnen f\u00fcr das jeweilige Team\/Gremium<\/li>\n<li>Entscheidungsgrundlagen f\u00fcr das LG vorbereiten<\/li>\n<li>Interne Audits<\/li>\n<\/ul>\n","protected":false},"excerpt":{"rendered":"<p>Was ich schon immer mal wissen wollte \u00a0Was macht der QZ und wozu? Im Qualit\u00e4tszirkel von ambulante dienste e.V. arbeiten VertreterInnen aus den unterschiedlichen Gremien\/Arbeitsbereichen. Der QZ ist das zentrale Steuerungsgremium des Qualit\u00e4tsmanagements bei ambulante dienste e.V. und hat das &#8230;<br \/> <a href=\"https:\/\/www.adberlin.com\/neu\/assistenzdienst\/qualitatsmanagement-startseite\/qualitaetsmanagement-allgemeine-informationen\/qualitaetsmanagement-aufgaben-des-qualitaetszirkels\" class=\"readmore_link\">weiterlesen<\/a><\/p>\n","protected":false},"author":2,"featured_media":0,"parent":960,"menu_order":0,"comment_status":"closed","ping_status":"closed","template":"","meta":[],"_links":{"self":[{"href":"https:\/\/www.adberlin.com\/neu\/wp-json\/wp\/v2\/pages\/976"}],"collection":[{"href":"https:\/\/www.adberlin.com\/neu\/wp-json\/wp\/v2\/pages"}],"about":[{"href":"https:\/\/www.adberlin.com\/neu\/wp-json\/wp\/v2\/types\/page"}],"author":[{"embeddable":true,"href":"https:\/\/www.adberlin.com\/neu\/wp-json\/wp\/v2\/users\/2"}],"replies":[{"embeddable":true,"href":"https:\/\/www.adberlin.com\/neu\/wp-json\/wp\/v2\/comments?post=976"}],"version-history":[{"count":2,"href":"https:\/\/www.adberlin.com\/neu\/wp-json\/wp\/v2\/pages\/976\/revisions"}],"predecessor-version":[{"id":978,"href":"https:\/\/www.adberlin.com\/neu\/wp-json\/wp\/v2\/pages\/976\/revisions\/978"}],"up":[{"embeddable":true,"href":"https:\/\/www.adberlin.com\/neu\/wp-json\/wp\/v2\/pages\/960"}],"wp:attachment":[{"href":"https:\/\/www.adberlin.com\/neu\/wp-json\/wp\/v2\/media?parent=976"}],"curies":[{"name":"wp","href":"https:\/\/api.w.org\/{rel}","templated":true}]}}