{"id":960,"date":"2014-01-30T11:11:17","date_gmt":"2014-01-30T11:11:17","guid":{"rendered":"http:\/\/www.adberlin.com\/neu\/?page_id=960"},"modified":"2014-01-30T13:22:09","modified_gmt":"2014-01-30T13:22:09","slug":"qualitaetsmanagement-allgemeine-informationen","status":"publish","type":"page","link":"https:\/\/www.adberlin.com\/neu\/assistenzdienst\/qualitatsmanagement-startseite\/qualitaetsmanagement-allgemeine-informationen","title":{"rendered":"Qualit\u00e4tsmanagement: Allgemeine Informationen"},"content":{"rendered":"<table cellspacing=\"10\" cellpadding=\"20\">\n<tbody style=\"background-color: #ffff99;\">\n<tr>\n<td>\n<h2 align=\"center\"><strong> Was ich schon immer mal wissen wollte<\/strong><\/h2>\n<\/td>\n<\/tr>\n<\/tbody>\n<\/table>\n<h3 align=\"left\"><strong><em>Was macht der Qualit\u00e4tszirkel (QZ) und wozu? <\/em><\/strong><\/h3>\n<p><strong><em>\u00a0 <a href=\"https:\/\/www.adberlin.com\/neu\/wp-content\/uploads\/2014\/01\/zwei-koepfe.jpg\"><img decoding=\"async\" loading=\"lazy\" class=\"alignnone size-full wp-image-961\" alt=\"zwei-koepfe\" src=\"https:\/\/www.adberlin.com\/neu\/wp-content\/uploads\/2014\/01\/zwei-koepfe.jpg\" width=\"125\" height=\"75\" \/><\/a><br \/>\n<\/em><\/strong><\/p>\n<p>Wir arbeiten als QZ-Team zusammen, um zu \u00fcberpr\u00fcfen, ob die betrieblichen Regelungen zu den verschiedenen Arbeitsabl\u00e4ufen erfolgreich sind und wie vorgesehen umgesetzt werden.<\/p>\n<p>Durch das QM unterzieht sich ambulante dienste e.V. einer fortw\u00e4hrenden Weiterentwicklung und Selbst\u00fcberpr\u00fcfung, um Verbesserungsans\u00e4tze zu nutzen und um m\u00f6gliche Fehler und Missst\u00e4nde zu beheben. Auch geht es darum, auf die \u00dcberpr\u00fcfung von au\u00dfen durch den MDK besser vorbereitet zu sein. [<a title=\"Qualit\u00e4tsmanagement: Aufgaben des Qualit\u00e4tszirkels\" href=\"https:\/\/www.adberlin.com\/neu\/assistenzdienst\/qualitatsmanagement-startseite\/qualitaetsmanagement-allgemeine-informationen\/qualitaetsmanagement-aufgaben-des-qualitaetszirkels\">mehr<\/a>]<\/p>\n<p>&nbsp;<\/p>\n<h3><strong><em> Kostet das ad nicht unn\u00f6tig viel Geld? <\/em><\/strong><\/h3>\n<p><strong><em>\u00a0 <a href=\"https:\/\/www.adberlin.com\/neu\/wp-content\/uploads\/2014\/01\/kopf-mit-tier.jpg\"><img decoding=\"async\" loading=\"lazy\" class=\"alignnone size-full wp-image-962\" alt=\"kopf-mit-tier\" src=\"https:\/\/www.adberlin.com\/neu\/wp-content\/uploads\/2014\/01\/kopf-mit-tier.jpg\" width=\"197\" height=\"103\" \/><\/a><br \/>\n<\/em><\/strong><\/p>\n<p><strong><em> \u00a0Nat\u00fcrlich unternimmt ambulante dienste e.V. zun\u00e4chst eine Investition mit dem QZ. Diese ist im Verh\u00e4ltnis zu anderen Posten allerdings sehr \u00fcbersichtlich. <\/em><\/strong><\/p>\n<p><strong><em> Das Ziel dieser Investition besteht zum einen darin, m\u00f6glichst reibungslose Arbeitsabl\u00e4ufe zu unterst\u00fctzen und zum anderen unkalkulierbare Folgekosten f\u00fcr ambulante dienste e.V. von vorneherein zu vermeiden. <\/em><\/strong><\/p>\n<p>Durch <strong><em>reibungslose<\/em><\/strong> Arbeit lassen sich Kosten einsparen. Zeigt sich bei der \u00dcberpr\u00fcfung durch den QZ eine Abweichung im Umgang mit einer betrieblichen Regelung in der Praxis, so zeigt dies entweder, dass die Regelung nicht ausreichend bekannt ist, verbesserungsw\u00fcrdig ist, sie sich als unpraktisch erweist, oder gar \u00fcberfl\u00fcssig ist.<\/p>\n<p><strong><em> Unkalkulierbare Folgekosten durch Haftung oder unerf\u00fcllte Qualit\u00e4tsanforderungen sollen vermieden werden. <\/em><\/strong><\/p>\n<p><strong><em>Insbesondere das Spannungsfeld zwischen externen Qualit\u00e4tsanforderungen und der Besonderheit von ambulante dienste e.V. als Assistenzdienst sind in der Arbeit des QZ Rechnung zu tragen.<\/em><\/strong> [<a title=\"Qualit\u00e4tsmanagement: Kosten\" href=\"https:\/\/www.adberlin.com\/neu\/assistenzdienst\/qualitatsmanagement-startseite\/qualitaetsmanagement-allgemeine-informationen\/qualitaetsmanagement-kosten\">mehr<\/a>]<\/p>\n<p>&nbsp;<\/p>\n<h3><strong><em> Wird mit QM der Arbeitsalltag noch mehr durch B\u00fcrokratie und Formalien belastet?<\/em><\/strong><\/h3>\n<p><a href=\"https:\/\/www.adberlin.com\/neu\/wp-content\/uploads\/2014\/01\/koerper-auf-tischplatte.jpg\"><img decoding=\"async\" loading=\"lazy\" class=\"alignnone size-full wp-image-967\" alt=\"koerper-auf-tischplatte\" src=\"https:\/\/www.adberlin.com\/neu\/wp-content\/uploads\/2014\/01\/koerper-auf-tischplatte.jpg\" width=\"153\" height=\"118\" \/><\/a><\/p>\n<p>Formalien schaffen nicht automatisch mehr Papierarbeit. Bei gut durchdachtem Einsatz entsteht mehr \u00dcberblick und Klarheit in den Abl\u00e4ufen und dienen als Ordnungshilfe. Formalien und Vereinbarungen bedeuten nicht gleich Formalismus. [<a title=\"Qualit\u00e4tsmanagement: Eine Belastung?\" href=\"https:\/\/www.adberlin.com\/neu\/assistenzdienst\/qualitatsmanagement-startseite\/qualitaetsmanagement-allgemeine-informationen\/qualitatsmanagement-als-belastung\">mehr<\/a>]<\/p>\n<p>&nbsp;<\/p>\n<h3><strong><em>Warum sollte mich das \u00fcberhaupt interessieren und wem n\u00fctzt das? <\/em><\/strong><\/h3>\n<p><strong><em>\u00a0 <a href=\"https:\/\/www.adberlin.com\/neu\/wp-content\/uploads\/2014\/01\/menschenkette.jpg\"><img decoding=\"async\" loading=\"lazy\" class=\"alignnone size-full wp-image-968\" alt=\"menschenkette\" src=\"https:\/\/www.adberlin.com\/neu\/wp-content\/uploads\/2014\/01\/menschenkette.jpg\" width=\"188\" height=\"83\" \/><\/a><br \/>\n<\/em><\/strong><\/p>\n<p>Grunds\u00e4tzlich betrifft das QM jede\/n Einzelne\/n innerhalb von ambulante dienste e.V.. Die Arbeit des QZ dient der besseren Koordination und Umsetzung der Arbeit sowohl f\u00fcr alle AssisnteznehmerInnen, als auch der besseren Koordination und Zusammenarbeit aller MitarbeiterInnen AssistentInnen, wie OrganisationsmitarbeiterInnen. [<a title=\"Qualit\u00e4tsmanagement: Zielsetzung\" href=\"https:\/\/www.adberlin.com\/neu\/assistenzdienst\/qualitatsmanagement-startseite\/qualitaetsmanagement-allgemeine-informationen\/qualitaetsmanagement-zielsetzung\">mehr<\/a>]<\/p>\n<p>&nbsp;<\/p>\n<p>&nbsp;<\/p>\n","protected":false},"excerpt":{"rendered":"<p>Was ich schon immer mal wissen wollte Was macht der Qualit\u00e4tszirkel (QZ) und wozu? \u00a0 Wir arbeiten als QZ-Team zusammen, um zu \u00fcberpr\u00fcfen, ob die betrieblichen Regelungen zu den verschiedenen Arbeitsabl\u00e4ufen erfolgreich sind und wie vorgesehen umgesetzt werden. Durch das &#8230;<br \/> <a href=\"https:\/\/www.adberlin.com\/neu\/assistenzdienst\/qualitatsmanagement-startseite\/qualitaetsmanagement-allgemeine-informationen\" class=\"readmore_link\">weiterlesen<\/a><\/p>\n","protected":false},"author":2,"featured_media":0,"parent":947,"menu_order":0,"comment_status":"closed","ping_status":"closed","template":"","meta":[],"_links":{"self":[{"href":"https:\/\/www.adberlin.com\/neu\/wp-json\/wp\/v2\/pages\/960"}],"collection":[{"href":"https:\/\/www.adberlin.com\/neu\/wp-json\/wp\/v2\/pages"}],"about":[{"href":"https:\/\/www.adberlin.com\/neu\/wp-json\/wp\/v2\/types\/page"}],"author":[{"embeddable":true,"href":"https:\/\/www.adberlin.com\/neu\/wp-json\/wp\/v2\/users\/2"}],"replies":[{"embeddable":true,"href":"https:\/\/www.adberlin.com\/neu\/wp-json\/wp\/v2\/comments?post=960"}],"version-history":[{"count":9,"href":"https:\/\/www.adberlin.com\/neu\/wp-json\/wp\/v2\/pages\/960\/revisions"}],"predecessor-version":[{"id":989,"href":"https:\/\/www.adberlin.com\/neu\/wp-json\/wp\/v2\/pages\/960\/revisions\/989"}],"up":[{"embeddable":true,"href":"https:\/\/www.adberlin.com\/neu\/wp-json\/wp\/v2\/pages\/947"}],"wp:attachment":[{"href":"https:\/\/www.adberlin.com\/neu\/wp-json\/wp\/v2\/media?parent=960"}],"curies":[{"name":"wp","href":"https:\/\/api.w.org\/{rel}","templated":true}]}}