{"id":93,"date":"2011-05-11T23:21:35","date_gmt":"2011-05-11T23:21:35","guid":{"rendered":"http:\/\/www.adberlin.com\/neu\/?page_id=93"},"modified":"2026-02-05T15:00:30","modified_gmt":"2026-02-05T14:00:30","slug":"impressum","status":"publish","type":"page","link":"https:\/\/www.adberlin.com\/neu\/impressum","title":{"rendered":"Impressum"},"content":{"rendered":"<p><b>ambulante dienste e. V.<\/b><br \/>\nWilhelm-Kabus-Stra\u00dfe 21-35<br \/>\n10829 Berlin<\/p>\n<p>Telefon: 030 \/ 69 59 75 -410<br \/>\nTelefax: 030 \/ 69 59 75 -423<\/p>\n<p>E-Mail:&nbsp;<a href=\"mailto:sekretariat@adberlin.org\">sekretariat@adberlin.org<\/a><br \/>\nInternet:&nbsp;<a href=\"http:\/\/www.adberlin.org\/\">www.adberlin.org<\/a><\/p>\n<p>&nbsp;<\/p>\n<p><b>Vorstand:<\/b><\/p>\n<p>Ursula Aurien, Dennis Jeromin, Michael S\u00fchnel<\/p>\n<p><b>Gesch\u00e4ftsf\u00fchrerin:<\/b> Uta Wehde<br \/>\n<b>Registergericht:<\/b> Amtsgericht Charlottenburg<br \/>\n<b>Registernummer:<\/b> 6619 Nz<\/p>\n<p><b>Betreuung der Internetpr\u00e4senz:<\/b> <a href=\"mailto:m.seidler@adberlin.org\">Martin Seidler<\/a><\/p>\n<p>&nbsp;<\/p>\n<p>&nbsp;<\/p>\n<p><b>Haftungsausschluss f\u00fcr Links<\/b><\/p>\n<p>Unsere Internetpr\u00e4senz enth\u00e4lt Links zu Webseiten Dritter, auf deren Inhalte wir keinen Einfluss haben.<br \/>\nGerichtlich wurde entschieden, dass der Betreiber einer Website ggf. f\u00fcr Inhalte auf Seiten mitverantwortlich gemacht werden kann, zu denen Links f\u00fchren. Dies kann lt. Gericht nur dadurch verhindert werden, dass man sich ausdr\u00fccklich von diesen Inhalten distanziert.<br \/>\nDeshalb m\u00f6chten wir an dieser Stelle ausdr\u00fccklich feststellen:<br \/>\nambulante dienste e. V. hat keinerlei Einfluss auf die Gestaltung und die Inhalte der Websites haben, zu denen Links von unseren Seiten aus f\u00fchren. F\u00fcr den Inhalt der verlinkten Seiten ist ausschlie\u00dflich deren Betreiber bzw. Anbieter verantwortlich. Aus diesem Grund \u00fcbernehmen wir keine Haftung und Gew\u00e4hr f\u00fcr die Inhalte dieser Internet-Seiten.<\/p>\n<p>Die verlinkten Seiten wurden zum Zeitpunkt der Verlinkung auf m\u00f6gliche Rechtsverst\u00f6\u00dfe \u00fcberpr\u00fcft. Rechtswidrige Inhalte waren zum Zeitpunkt der Verlinkung nicht erkennbar. Eine permanente inhaltliche Kontrolle der verlinkten Seiten ist jedoch ohne konkrete Anhaltspunkte einer Rechtsverletzung nicht zumutbar. Bei Bekanntwerden von Rechtsverletzungen werden wir derartige Links umgehend entfernen.<\/p>\n<p>&nbsp;<\/p>\n<p><b>Urheberrecht<br \/>\n<\/b><br \/>\nWir sind bem\u00fcht, stets die Urheberrechte anderer zu beachten bzw. auf selbst erstellte sowie lizenzfreie Werke zur\u00fcckzugreifen. Die durch uns erstellten Inhalte und Werke auf diesen Seiten unterliegen dem deutschen Urheberrecht. Beitr\u00e4ge Dritter sind als solche gekennzeichnet. Die Vervielf\u00e4ltigung, Bearbeitung, Verbreitung und jede Art der Verwertung au\u00dferhalb der Grenzen des Urheberrechtes bed\u00fcrfen der schriftlichen Zustimmung des jeweiligen Autors bzw. Erstellers. Downloads und Kopien dieser Seite sowie deren Inhalte sind nur f\u00fcr den privaten, nicht kommerziellen Gebrauch gestattet. Jeder Versto\u00df ist strafbar.<\/p>\n<p>&nbsp;<\/p>\n","protected":false},"excerpt":{"rendered":"<p>ambulante dienste e. V. Wilhelm-Kabus-Stra\u00dfe 21-35 10829 Berlin Telefon: 030 \/ 69 59 75 -410 Telefax: 030 \/ 69 59 75 -423 E-Mail:&nbsp;sekretariat@adberlin.org Internet:&nbsp;www.adberlin.org &nbsp; Vorstand: Ursula Aurien, Dennis Jeromin, Michael S\u00fchnel Gesch\u00e4ftsf\u00fchrerin: Uta Wehde Registergericht: Amtsgericht Charlottenburg Registernummer: 6619 &#8230;<br \/> <a href=\"https:\/\/www.adberlin.com\/neu\/impressum\" class=\"readmore_link\">weiterlesen<\/a><\/p>\n","protected":false},"author":2,"featured_media":0,"parent":0,"menu_order":0,"comment_status":"closed","ping_status":"closed","template":"","meta":[],"_links":{"self":[{"href":"https:\/\/www.adberlin.com\/neu\/wp-json\/wp\/v2\/pages\/93"}],"collection":[{"href":"https:\/\/www.adberlin.com\/neu\/wp-json\/wp\/v2\/pages"}],"about":[{"href":"https:\/\/www.adberlin.com\/neu\/wp-json\/wp\/v2\/types\/page"}],"author":[{"embeddable":true,"href":"https:\/\/www.adberlin.com\/neu\/wp-json\/wp\/v2\/users\/2"}],"replies":[{"embeddable":true,"href":"https:\/\/www.adberlin.com\/neu\/wp-json\/wp\/v2\/comments?post=93"}],"version-history":[{"count":16,"href":"https:\/\/www.adberlin.com\/neu\/wp-json\/wp\/v2\/pages\/93\/revisions"}],"predecessor-version":[{"id":5786,"href":"https:\/\/www.adberlin.com\/neu\/wp-json\/wp\/v2\/pages\/93\/revisions\/5786"}],"wp:attachment":[{"href":"https:\/\/www.adberlin.com\/neu\/wp-json\/wp\/v2\/media?parent=93"}],"curies":[{"name":"wp","href":"https:\/\/api.w.org\/{rel}","templated":true}]}}