{"id":89,"date":"2011-05-11T23:21:15","date_gmt":"2011-05-11T23:21:15","guid":{"rendered":"http:\/\/www.adberlin.com\/neu\/?page_id=89"},"modified":"2026-04-01T14:27:12","modified_gmt":"2026-04-01T13:27:12","slug":"stellen","status":"publish","type":"page","link":"https:\/\/www.adberlin.com\/neu\/stellen","title":{"rendered":"Jobs"},"content":{"rendered":"<ul>\n<li style=\"margin-bottom: 20px;\"><\/li>\n<\/ul>\n<h2 style=\"text-align: center;\"><strong>Wir suchen st\u00e4ndig:<\/strong><\/h2>\n<p><strong>Frauen\/M\u00e4nner\/non-bin\u00e4re Personen<br \/>\nf\u00fcr die T\u00e4tigkeit in der pers\u00f6nlichen Assistenz!<\/strong><\/p>\n<div style=\"width: 80%; border: 2px solid black; background-color: #ecf1af; margin: 0px auto; margin-top: 50px; margin-bottom: 20px; padding: 5px;\">\n<p style=\"text-align: left;\">Wir zahlen Assistent*innen nach Einstellung <strong><b>17,77 \u20ac\/Std.<\/b><\/strong> und nach 12 Monaten <strong><b>19,13 \u20ac\/Std. <\/b><\/strong>sowie unterschiedliche Zuschl\u00e4ge in der H\u00f6he von 3,98 \u20ac pro Std. (f\u00fcr Nachtarbeit) bis zu 6,96 \u20ac pro Std. (f\u00fcr die Arbeit an Feiertagen).<\/p>\n<\/div>\n<p>&nbsp;<br \/>\nWir empfehlen Dir die Lekt\u00fcre unserer <strong>Brosch\u00fcre SELBST BESTIMMT LEBEN mit pers\u00f6nlicher Assistenz<\/strong>. N\u00e4heres dazu <a title=\"Aktuelles\" href=\"https:\/\/www.adberlin.com\/neu\/aktuelles#broschuere\">hier<\/a>.<\/p>\n<p>Damit Du Dir ein genaueres Bild davon machen kannst, welche Aufgaben in der Assistenz auf Dich zukommen und welche Anforderungen wir an Dich haben, sowie was Dir ambulante dienste e.V. als Arbeitgeber bietet, haben wir hier eine <a href=\"http:\/\/www.adberlin.com\/downloads\/stellenauschreibungen\/2025StellenanzeigeAssistenz.pdf\">Stellenanzeige<\/a> f\u00fcr Dich hinterlegt.<\/p>\n<p style=\"text-align: left;\">Wenn Dich die T\u00e4tigkeit in der pers\u00f6nlichen Assistenz interessiert, freuen wir uns \u00fcber Deine Bewerbung! Schicke einfach Deinen <strong>vollst\u00e4ndigen Lebenslauf im PDF-Format* <\/strong>an:<\/p>\n<p style=\"text-align: center;\"><strong>bewerbungen@adberlin.org<\/strong><\/p>\n<p style=\"text-align: left;\">Unsere Gespr\u00e4chsf\u00fchrer*innen werden sich innerhalb der n\u00e4chsten zwei Wochen telefonisch bei Dir melden. Dann f\u00fchren wir (ggf. nach zeitlicher Absprache) ein 10-15 min\u00fctiges Telefoninterview mit Dir, wo Du auch schon Deine ersten Fragen loswerden kannst.<\/p>\n<h5 style=\"padding-left: 40px;\">Nach einem zweimonatigen Gespr\u00e4chsstopp und der Wiederaufnahme der telefonischen Erstgespr\u00e4che Anfang April 2026 kann es aufgrund der Vielzahl an weiterhin eingegangenen Bewerbungen zu erheblich langen Wartezeiten kommen. Wir bitten um euer Verst\u00e4ndnis und bedanken uns f\u00fcr eure Geduld.<\/h5>\n<p style=\"text-align: left;\">\n&nbsp;<br \/>\nDecken sich unsere Vorstellungen, wirst Du zu einem pers\u00f6nlichen Gespr\u00e4ch eingeladen, damit wir Dich n\u00e4her kennenlernen und Dir ambulante dienste e.V. als Arbeitgeber mit allen Besonderheiten pr\u00e4sentieren k\u00f6nnen.<\/p>\n<p>K\u00f6nnen sich beide Seiten danach eine Zusammenarbeit gut vorstellen? Dann ist es perfekt! Einer Teilnahme an einer unserer Basisqualifikationen, die wir in regelm\u00e4\u00dfigen Abst\u00e4nden anbieten, steht nichts mehr im Weg &#8211; wobei die Anzahl der Pl\u00e4tze pro Kurs begrenzt ist!<\/p>\n<p style=\"text-align: center;\"><strong>Wir freuen uns auf Deine Bewerbung! <\/strong><br \/>\n<a href=\"https:\/\/www.adberlin.com\/downloads\/stellenausschreibungen\/2025-05-23_Wochenend-Assistenz_extern.pdf\">Bitte bewirb Dich auch dann, wenn Du nur am Wochenende arbeiten kannst oder willst!<\/a><\/p>\n<p style=\"text-align: center;\"><strong>Du hast noch Fragen?<\/strong><br \/>\nDu erreichst unsere Personalreferentin unter der Telefonnummer:<br \/>\n<strong>030 \/ 69 59 75 \u2013 422<\/strong><\/p>\n<p>*) Aus Sicherheitsgr\u00fcnden k\u00f6nnen wir ausschlie\u00dflich Dateien im PDF- oder JPEG-Format bearbeiten.<\/p>\n","protected":false},"excerpt":{"rendered":"<p>Wir suchen st\u00e4ndig: Frauen\/M\u00e4nner\/non-bin\u00e4re Personen f\u00fcr die T\u00e4tigkeit in der pers\u00f6nlichen Assistenz! Wir zahlen Assistent*innen nach Einstellung 17,77 \u20ac\/Std. und nach 12 Monaten 19,13 \u20ac\/Std. sowie unterschiedliche Zuschl\u00e4ge in der H\u00f6he von 3,98 \u20ac pro Std. (f\u00fcr Nachtarbeit) bis zu &#8230;<br \/> <a href=\"https:\/\/www.adberlin.com\/neu\/stellen\" class=\"readmore_link\">weiterlesen<\/a><\/p>\n","protected":false},"author":2,"featured_media":0,"parent":0,"menu_order":0,"comment_status":"closed","ping_status":"closed","template":"","meta":[],"_links":{"self":[{"href":"https:\/\/www.adberlin.com\/neu\/wp-json\/wp\/v2\/pages\/89"}],"collection":[{"href":"https:\/\/www.adberlin.com\/neu\/wp-json\/wp\/v2\/pages"}],"about":[{"href":"https:\/\/www.adberlin.com\/neu\/wp-json\/wp\/v2\/types\/page"}],"author":[{"embeddable":true,"href":"https:\/\/www.adberlin.com\/neu\/wp-json\/wp\/v2\/users\/2"}],"replies":[{"embeddable":true,"href":"https:\/\/www.adberlin.com\/neu\/wp-json\/wp\/v2\/comments?post=89"}],"version-history":[{"count":258,"href":"https:\/\/www.adberlin.com\/neu\/wp-json\/wp\/v2\/pages\/89\/revisions"}],"predecessor-version":[{"id":5897,"href":"https:\/\/www.adberlin.com\/neu\/wp-json\/wp\/v2\/pages\/89\/revisions\/5897"}],"wp:attachment":[{"href":"https:\/\/www.adberlin.com\/neu\/wp-json\/wp\/v2\/media?parent=89"}],"curies":[{"name":"wp","href":"https:\/\/api.w.org\/{rel}","templated":true}]}}