{"id":79,"date":"2011-05-11T23:18:12","date_gmt":"2011-05-11T23:18:12","guid":{"rendered":"http:\/\/www.adberlin.com\/neu\/?page_id=79"},"modified":"2025-04-23T12:48:01","modified_gmt":"2025-04-23T11:48:01","slug":"kontakt","status":"publish","type":"page","link":"https:\/\/www.adberlin.com\/neu\/kontakt","title":{"rendered":"Kontakt"},"content":{"rendered":"<p><b>Wir sind f\u00fcr Sie da\u2026<\/b><\/p>\n<p><b>\u2026 in der Einsatzstelle<\/b><\/p>\n<p>Wilhelm-Kabus-Stra\u00dfe 21-35<br \/>\n(Eingang 2, 1. Etage)<br \/>\n10829 Berlin-Sch\u00f6neberg<br \/>\n(\u00d6PNV: S 2, 25, 26, 41, 42, 45, 46 [S\u00fcdkreuz], S 1 [Julius-Leber-Br\u00fccke], Bus 104 [Kesselsdorfstra\u00dfe])<\/p>\n<p>Tel.:&nbsp; 030 \/ 69 59 75 -410<br \/>\nFax:&nbsp;  030 \/ 69 59 75 -423<\/p>\n<p>E-Mail:&nbsp;<a href=\"mailto:sekretariat@adberlin.org\">sekretariat@adberlin.org<\/a><\/p>\n<p>Erreichbarkeit: Mo bis Fr 8.00-16.00 Uhr<\/p>\n<p>&nbsp;<\/p>\n<p><b>Unsere Sozialarbeiter*innen sind f\u00fcr Sie da \u2026<\/b><\/p>\n<p><b>\u2026 im Beratungsb\u00fcro Nord\/Ost:<br \/>\n<\/b><br \/>\nWilhelm-Kabus-Stra\u00dfe 21-35<br \/>\n(Eingang 2, 1. Etage)<br \/>\n10829 Berlin-Sch\u00f6neberg<br \/>\n(\u00d6PNV: S 2, 25, 26, 41, 42, 45, 46 [S\u00fcdkreuz], S 1 [Julius-Leber-Br\u00fccke], Bus 104 [Kesselsdorfstra\u00dfe])<\/p>\n<p>Tel.:&nbsp; 030 \/ 69 59 75 -30<br \/>\nFax:&nbsp;  030 \/ 58 84 48 45<\/p>\n<p>E-Mail:&nbsp;<a href=\"mailto:nordost@adberlin.org\">nordost@adberlin.org<\/a><\/p>\n<p>Erreichbarkeit: Mo bis Fr 9.00-16.00 Uhr<\/p>\n<p>&nbsp;<\/p>\n<p><b>\u2026 im Beratungsb\u00fcro West:<\/b><\/p>\n<p>Wilhelm-Kabus-Stra\u00dfe 21-35<br \/>\n(Eingang 2, 1. Etage)<br \/>\n10829 Berlin-Sch\u00f6neberg<br \/>\n(\u00d6PNV: S 2, 25, 26, 41, 42, 45, 46 [S\u00fcdkreuz], S 1 [Julius-Leber-Br\u00fccke],&nbsp; Bus 104 [Kesselsdorfstra\u00dfe])<\/p>\n<p>Tel.:&nbsp; 030 \/ 69 59 75 -60<br \/>\nFax:&nbsp;  030 \/ 58 84 48 45<\/p>\n<p>E-Mail:&nbsp;<a href=\"mailto:west@adberlin.org\">west@adberlin.org<\/a><\/p>\n<p>Erreichbarkeit: Mo bis Fr 9.00-16.00 Uhr<\/p>\n<p>&nbsp;<\/p>\n<p><b>\u2026 im Beratungsb\u00fcro S\u00fcd:<\/b><\/p>\n<p>Gneisenaustr. 2a (im Mehringhof)<br \/>\n10961 Berlin-Kreuzberg<br \/>\n(\u00d6PNV: U 6, 7 bzw. Bus M19, 140 [Mehringdamm])<\/p>\n<p>Tel.:&nbsp; 030 \/ 69 59 75 -10<br \/>\nFax:&nbsp;  030 \/ 82 40 97 -82<\/p>\n<p>E-Mail:&nbsp;<a href=\"mailto:sued@adberlin.org\">sued@adberlin.org<\/a><\/p>\n<div>\n<p>Erreichbarkeit: Mo bis Fr 9.00-16.00 Uhr<\/p>\n<\/div>\n","protected":false},"excerpt":{"rendered":"<p>Wir sind f\u00fcr Sie da\u2026 \u2026 in der Einsatzstelle Wilhelm-Kabus-Stra\u00dfe 21-35 (Eingang 2, 1. Etage) 10829 Berlin-Sch\u00f6neberg (\u00d6PNV: S 2, 25, 26, 41, 42, 45, 46 [S\u00fcdkreuz], S 1 [Julius-Leber-Br\u00fccke], Bus 104 [Kesselsdorfstra\u00dfe]) Tel.:&nbsp; 030 \/ 69 59 75 -410 &#8230;<br \/> <a href=\"https:\/\/www.adberlin.com\/neu\/kontakt\" class=\"readmore_link\">weiterlesen<\/a><\/p>\n","protected":false},"author":2,"featured_media":0,"parent":0,"menu_order":0,"comment_status":"closed","ping_status":"closed","template":"","meta":[],"_links":{"self":[{"href":"https:\/\/www.adberlin.com\/neu\/wp-json\/wp\/v2\/pages\/79"}],"collection":[{"href":"https:\/\/www.adberlin.com\/neu\/wp-json\/wp\/v2\/pages"}],"about":[{"href":"https:\/\/www.adberlin.com\/neu\/wp-json\/wp\/v2\/types\/page"}],"author":[{"embeddable":true,"href":"https:\/\/www.adberlin.com\/neu\/wp-json\/wp\/v2\/users\/2"}],"replies":[{"embeddable":true,"href":"https:\/\/www.adberlin.com\/neu\/wp-json\/wp\/v2\/comments?post=79"}],"version-history":[{"count":26,"href":"https:\/\/www.adberlin.com\/neu\/wp-json\/wp\/v2\/pages\/79\/revisions"}],"predecessor-version":[{"id":5419,"href":"https:\/\/www.adberlin.com\/neu\/wp-json\/wp\/v2\/pages\/79\/revisions\/5419"}],"wp:attachment":[{"href":"https:\/\/www.adberlin.com\/neu\/wp-json\/wp\/v2\/media?parent=79"}],"curies":[{"name":"wp","href":"https:\/\/api.w.org\/{rel}","templated":true}]}}