{"id":672,"date":"2013-12-16T14:16:21","date_gmt":"2013-12-16T14:16:21","guid":{"rendered":"http:\/\/www.adberlin.com\/neu\/?page_id=672"},"modified":"2026-02-18T18:01:33","modified_gmt":"2026-02-18T17:01:33","slug":"mitarbeiterinnenbereich_sprechzeiten","status":"publish","type":"page","link":"https:\/\/www.adberlin.com\/neu\/mitarbeiterinnenbereich_startseite\/mitarbeiterinnenbereich_sprechzeiten","title":{"rendered":"MitarbeiterInnenbereich: Sprechzeiten"},"content":{"rendered":"<h2 class=\"Stil3\" align=\"center\">Sprechzeiten von Betriebsrat, Beschwerdestelle AGG,<br \/>\nder Betriebs\u00e4rztin, den Mitarbeiter*innen der Einsatzstelle und der Vertrauensstelle gegen sexualisierte Gewalt und sexuelle Bel\u00e4stigung<\/h2>\n<hr width=\"80%\">\n<p>&nbsp;<\/p>\n<p><strong>Betriebsrat:<\/strong><br \/>\n(Wilhelm-Kabus-Stra\u00dfe 21-35, Eingang 2, 10829 Berlin-Sch\u00f6neberg, Tel. 69 59 75 78, Fax: 58 84 48 46, E-Mail: <a href=\"mailto:Betriebsrat.Ambulante_Dienste@web.de\">Betriebsrat.Ambulante_Dienste@web.de<\/a>, Website: <a href=\"http:\/\/www.betriebsrat-ad.de\/\">www.betriebsrat-ad.de<\/a> )<\/p>\n<p>&#8211; Montag: 10.00 bis 13.00 Uhr<br \/>\n&#8211; Mittwoch: 12.00 bis 15.00 Uhr<br \/>\n&#8211; Freitag: 10.00 bis 13.00 Uhr<\/p>\n<p>&nbsp;<\/p>\n<p><strong>Beschwerdestelle nach dem Allgemeinen Gleichbehandlungsgesetz (AGG)<\/strong><br \/>\nWilhelm-Kabus-Stra\u00dfe 21-35, Eingang 2, 10829 Berlin-Sch\u00f6neberg, Tel. 69 59 75 69, E-Mail: <a href=\"mailto:agg-beschwerdestelle@adberlin.org\">agg-beschwerdestelle@adberlin.org<\/a><\/p>\n<p>Ansprechpartner*innen:<br \/>\n* Reiner Dybiec, Einsatzbegleitung<br \/>\n* Alexandra Staedt, Assistentin<\/p>\n<p>Sprechzeiten:<br \/>\n&#8211; jeden 2. Donnerstag im Monat von 12:00-15:00 Uhr<br \/>\nund<br \/>\n&#8211; jeden 4. Dienstag im Monat von 16:00-19:00 Uhr<\/p>\n<p>&nbsp;<\/p>\n<p><strong>Betriebs\u00e4rztin<\/strong><br \/>\nDr. Annette Gei\u00dfler, Hedemannstra\u00dfe 13, 10969 Berlin-Kreuzberg, Tel. 78 66 400<\/p>\n<p>&nbsp;<\/p>\n<p><strong>Lohnbuchhaltung:<\/strong><br \/>\n(Wilhelm-Kabus-Stra\u00dfe 21-35, Eingang 2, 10829 Berlin-Sch\u00f6neberg)<\/p>\n<p>&#8211; Mo + Do: 09.30 bis 13.30 Uhr<br \/>\n&#8211; Di + Fr: 10.00 bis 12.00 Uhr<br \/>\n[an den ersten 10 Tagen im Monat jedoch \u00fcberhaupt nicht]<\/p>\n<p>Zust\u00e4ndigkeitsverteilung:<\/p>\n<table style=\" border=\" 2\"=\"\" cellspacing=\"1\" cellpadding=\"1\">\n<tbody>\n<tr>\n<td valign=\"top\" width=\"140\">Anfangsbuchstabe(n) des Nachnamens<\/td>\n<td valign=\"top\" width=\"140\">Name der zust\u00e4ndigen Mitarbeiterin<\/td>\n<td valign=\"top\" width=\"168\">Telefonnummer<br \/>\nE-Mail-Adresse<\/td>\n<\/tr>\n<tr>\n<td valign=\"top\" width=\"168\">A-Fi<\/td>\n<td valign=\"top\" width=\"132\">Beatrice Reschke<\/td>\n<td valign=\"top\" width=\"168\">Tel. 69 59 75 432<br \/>\n<a href=\"mailto:b.reschke@adberlin.org\">b.reschke@adberlin.org<\/a><\/td>\n<\/tr>\n<tr>\n<td valign=\"top\" width=\"168\">Fj-H<\/td>\n<td valign=\"top\" width=\"132\">Ines Makowsky<\/td>\n<td valign=\"top\" width=\"168\">Tel. 69 59 75 431<br \/>\n<a href=\"mailto:i.makowsky@adberlin.org\">i.makowsky@adberlin.org<\/a><\/td>\n<\/tr>\n<tr>\n<td valign=\"top\" width=\"168\">I-M<\/td>\n<td valign=\"top\" width=\"132\">Katharina Neumann<\/td>\n<td valign=\"top\" width=\"168\">Tel. 69 59 75 427<br \/>\n<a href=\"mailto:k.neumann@adberlin.org\">k.neumann@adberlin.org<\/a><\/td>\n<\/tr>\n<tr>\n<td valign=\"top\" width=\"168\">N-R<\/td>\n<td valign=\"top\" width=\"132\">Jenny Gradt<\/td>\n<td valign=\"top\" width=\"168\">Tel. 69 59 75 437<br \/>\n<a href=\"mailto:j.gradt@adberlin.org\">j.gradt@adberlin.org<\/a><\/td>\n<\/tr>\n<tr>\n<td valign=\"top\" width=\"168\">S-Y<\/td>\n<td valign=\"top\" width=\"132\">Lioba Bergmann<\/td>\n<td valign=\"top\" width=\"168\">Tel. 69 59 75 430<br \/>\n<a href=\"mailto:l.bergmann@adberlin.org\">l.bergmann@adberlin.org<\/a><\/td>\n<\/tr>\n<tr>\n<td valign=\"top\" width=\"168\">Z<\/td>\n<td valign=\"top\" width=\"132\">Jenny Gradt<\/td>\n<td valign=\"top\" width=\"168\">Tel. 69 59 75 437<br \/>\n<a href=\"mailto:j.gradt@adberlin.org\">j.gradt@adberlin.org<\/a><\/td>\n<\/tr>\n<\/tbody>\n<\/table>\n<p>(Stand: Januar 2026)<\/p>\n<p>Sollte eine der Kolleginnen l\u00e4nger nicht im Haus sein, werden die Mails automatisch an die jeweilige Vertretung weitergeleitet. Ihr k\u00f6nnt eure Mail also immer an eure Ansprechpartnerin schicken.<br \/>\n&nbsp;<\/p>\n<p><strong>Gesch\u00e4ftsf\u00fchrung<\/strong>:<br \/>\n(Wilhelm-Kabus-Stra\u00dfe 21-35, Eingang 2, 10829 Berlin-Sch\u00f6neberg, Tel. 69 59 75 -410, E-Mail: <a href=\"mailto:gf@adberlin.com\">gf@adberlin.com<\/a>)<\/p>\n<p>&nbsp;<\/p>\n<p><strong>Vertrauensstelle gegen sexualisierte Gewalt und sexuelle Bel\u00e4stigung<\/strong><br \/>\nUrbanstr. 100 (Eingang im Durchgang zum 2. Hinterhof), 10967 Berlin-Kreuzberg, Tel. 030 \/ 69 59 75 -556, E-Mail: <a href=\"mailto:vertrauensstelle-ad@posteo.de\">vertrauensstelle-ad@posteo.de<\/a><\/p>\n<p>Ansprechpartner*innen:<br \/>\n* Johanna Harbeck (sie\/ihr), Assistentin<br \/>\n* Kirsti Renner (kein Pronomen), Assistent*in<br \/>\n* Siga Mbaraga (sie\/ihr), Assistentin<br \/>\n* Merle Wichmann (sie\/ihr), Organisationsmitarbeiterin<\/p>\n<p>Sprechzeiten:<br \/>\n&#8211; jeden Mittwoch in geraden Kalenderwochen von 14:00 bis 18:00 Uhr<br \/>\n&#8211; jeden Mittwoch in ungeraden Kalenderwochen von 10:00 bis 14:00 Uhr<br \/>\n&nbsp;<\/p>\n","protected":false},"excerpt":{"rendered":"<p>Sprechzeiten von Betriebsrat, Beschwerdestelle AGG, der Betriebs\u00e4rztin, den Mitarbeiter*innen der Einsatzstelle und der Vertrauensstelle gegen sexualisierte Gewalt und sexuelle Bel\u00e4stigung &nbsp; Betriebsrat: (Wilhelm-Kabus-Stra\u00dfe 21-35, Eingang 2, 10829 Berlin-Sch\u00f6neberg, Tel. 69 59 75 78, Fax: 58 84 48 46, E-Mail: Betriebsrat.Ambulante_Dienste@web.de, &#8230;<br \/> <a href=\"https:\/\/www.adberlin.com\/neu\/mitarbeiterinnenbereich_startseite\/mitarbeiterinnenbereich_sprechzeiten\" class=\"readmore_link\">weiterlesen<\/a><\/p>\n","protected":false},"author":2,"featured_media":0,"parent":636,"menu_order":0,"comment_status":"closed","ping_status":"closed","template":"","meta":[],"_links":{"self":[{"href":"https:\/\/www.adberlin.com\/neu\/wp-json\/wp\/v2\/pages\/672"}],"collection":[{"href":"https:\/\/www.adberlin.com\/neu\/wp-json\/wp\/v2\/pages"}],"about":[{"href":"https:\/\/www.adberlin.com\/neu\/wp-json\/wp\/v2\/types\/page"}],"author":[{"embeddable":true,"href":"https:\/\/www.adberlin.com\/neu\/wp-json\/wp\/v2\/users\/2"}],"replies":[{"embeddable":true,"href":"https:\/\/www.adberlin.com\/neu\/wp-json\/wp\/v2\/comments?post=672"}],"version-history":[{"count":71,"href":"https:\/\/www.adberlin.com\/neu\/wp-json\/wp\/v2\/pages\/672\/revisions"}],"predecessor-version":[{"id":5830,"href":"https:\/\/www.adberlin.com\/neu\/wp-json\/wp\/v2\/pages\/672\/revisions\/5830"}],"up":[{"embeddable":true,"href":"https:\/\/www.adberlin.com\/neu\/wp-json\/wp\/v2\/pages\/636"}],"wp:attachment":[{"href":"https:\/\/www.adberlin.com\/neu\/wp-json\/wp\/v2\/media?parent=672"}],"curies":[{"name":"wp","href":"https:\/\/api.w.org\/{rel}","templated":true}]}}