{"id":640,"date":"2013-12-15T18:45:12","date_gmt":"2013-12-15T18:45:12","guid":{"rendered":"http:\/\/www.adberlin.com\/neu\/?page_id=640"},"modified":"2026-03-23T22:21:22","modified_gmt":"2026-03-23T21:21:22","slug":"mitarbeiterinnenbereich_stellenausschreibungen","status":"publish","type":"page","link":"https:\/\/www.adberlin.com\/neu\/mitarbeiterinnenbereich_startseite\/mitarbeiterinnenbereich_stellenausschreibungen","title":{"rendered":"Mitarbeiter*innenbereich: Interne Ausschreibungen"},"content":{"rendered":"<p>[Die neueste Stellenausschreibung steht oben!]<\/p>\n<p><span style=\"color: white;\">Zurzeit liegen keine Stellenausschreibungen vor.<\/span><\/p>\n<ul>\n<li style=\"margin-bottom: 20px;\"><a href=\"https:\/\/www.adberlin.com\/downloads\/stellenausschreibungen\/2026-03-23 mehrere Assistent_innen fuer eine Frau in Koepenick.pdf\">ab 1.5.2026:<br \/>\nmehrere Assistent*innen<br \/>\nzum Aufbau eines neuen Teams f\u00fcr eine Frau (Mitte 40) in K\u00f6penick <\/a><\/li>\n<li style=\"margin-bottom: 20px;\"><a href=\"https:\/\/www.adberlin.com\/downloads\/stellenausschreibungen\/2026-03-10_eine Assistenzkraft fuer 42-jaehrige Frau in Kreuzberg.pdf\">ab April 2026:<br \/>\neine Assistenzkraft<br \/>\nf\u00fcr 42-j\u00e4hrige Frau in Kreuzberg<\/a><\/li>\n<li style=\"margin-bottom: 20px;\"><a href=\"https:\/\/www.adberlin.com\/downloads\/stellenausschreibungen\/2026-03-04 mehrere Assistenten fuer einen Mann in Neukoelln.pdf\">ab sofort:<br \/>\nmehrere Assistent*innen<br \/>\nf\u00fcr einen Mann in Neuk\u00f6lln<\/a><\/li>\n<li style=\"margin-bottom: 20px;\"><a href=\"https:\/\/www.adberlin.com\/downloads\/stellenausschreibungen\/2026-03-02 eine_n Assistent_in fuer eine Frau in Hohenschoenhausen.pdf\">ab Mitte April 2026:<br \/>\neine*n Assistent*in<br \/>\nf\u00fcr eine Frau in Hohensch\u00f6nhausen<\/a><\/li>\n<\/ul>\n<p class=\"has-text-align-right\">Letzte \u00c4nderung: 23.03.2026<\/p>\n","protected":false},"excerpt":{"rendered":"<p>[Die neueste Stellenausschreibung steht oben!] Zurzeit liegen keine Stellenausschreibungen vor. ab 1.5.2026: mehrere Assistent*innen zum Aufbau eines neuen Teams f\u00fcr eine Frau (Mitte 40) in K\u00f6penick ab April 2026: eine Assistenzkraft f\u00fcr 42-j\u00e4hrige Frau in Kreuzberg ab sofort: mehrere Assistent*innen &#8230;<br \/> <a href=\"https:\/\/www.adberlin.com\/neu\/mitarbeiterinnenbereich_startseite\/mitarbeiterinnenbereich_stellenausschreibungen\" class=\"readmore_link\">weiterlesen<\/a><\/p>\n","protected":false},"author":2,"featured_media":0,"parent":636,"menu_order":0,"comment_status":"closed","ping_status":"closed","template":"","meta":[],"_links":{"self":[{"href":"https:\/\/www.adberlin.com\/neu\/wp-json\/wp\/v2\/pages\/640"}],"collection":[{"href":"https:\/\/www.adberlin.com\/neu\/wp-json\/wp\/v2\/pages"}],"about":[{"href":"https:\/\/www.adberlin.com\/neu\/wp-json\/wp\/v2\/types\/page"}],"author":[{"embeddable":true,"href":"https:\/\/www.adberlin.com\/neu\/wp-json\/wp\/v2\/users\/2"}],"replies":[{"embeddable":true,"href":"https:\/\/www.adberlin.com\/neu\/wp-json\/wp\/v2\/comments?post=640"}],"version-history":[{"count":1167,"href":"https:\/\/www.adberlin.com\/neu\/wp-json\/wp\/v2\/pages\/640\/revisions"}],"predecessor-version":[{"id":5885,"href":"https:\/\/www.adberlin.com\/neu\/wp-json\/wp\/v2\/pages\/640\/revisions\/5885"}],"up":[{"embeddable":true,"href":"https:\/\/www.adberlin.com\/neu\/wp-json\/wp\/v2\/pages\/636"}],"wp:attachment":[{"href":"https:\/\/www.adberlin.com\/neu\/wp-json\/wp\/v2\/media?parent=640"}],"curies":[{"name":"wp","href":"https:\/\/api.w.org\/{rel}","templated":true}]}}