{"id":612,"date":"2013-11-19T12:56:42","date_gmt":"2013-11-19T12:56:42","guid":{"rendered":"http:\/\/www.adberlin.com\/neu\/?page_id=612"},"modified":"2025-12-04T18:48:20","modified_gmt":"2025-12-04T17:48:20","slug":"rechtsprechung","status":"publish","type":"page","link":"https:\/\/www.adberlin.com\/neu\/rechtsprechung","title":{"rendered":"Rechtliches: Gesetze, juristische Entscheidungen, u. a."},"content":{"rendered":"<h3>Auf dieser Seite finden Sie<\/p>\n<ol>\n<li>Urteile und Beschl\u00fcsse deutscher Gerichte, die f\u00fcr Menschen mit einer Behinderung interessant sind \u2013 mit Kurzbeschreibungen und mit Links zu den Urteilstexten<\/li>\n<li>Links, unter denen Sie selbst nach weiteren Urteilen und Beschl\u00fcssen deutscher Gerichte recherchieren k\u00f6nnen \u2013 sowohl allgemein, als auch speziell zum Thema Behinderung, Pers\u00f6nliche Assistenz oder Sozialhilfe<\/li>\n<li>Links zu Gesetzessammlungen bzw Informationen, u. a. zu den Themen Hilfsmittel, Rehabilitation, Teilhabe, Barrierefreiheit und Grundsicherung<\/li>\n<\/ol>\n<\/h3>\n<p style=\"text-align: center;\">_______________________________________________________<\/p>\n<p>&nbsp;<\/p>\n<h3>1. Urteile und Beschl\u00fcsse von deutschen Gerichten, die f\u00fcr Menschen mit einer Behinderung interessant sind \u2013 mit Kurzbeschreibungen und mit Links zu den Urteilstexten<\/h3>\n<p>&nbsp;<br \/>\nSie sind sortiert nach den Themen<\/p>\n<ul>\n<li><strong>Behinderung und Lebensunterhalt<\/strong><br \/>\n&#8211; <a title=\"Entscheidungen_Behinderung und Lebensunterhalt\" href=\"http:\/\/www.adberlin.com\/downloads\/recht\/Entscheidungen_Behinderung und Lebensunterhalt.pdf\">Liste mit Kurzbeschreibungen<\/a><\/li>\n<li><strong>Hilfe zur Pflege \/ Kosten f\u00fcr Assistenz<\/strong><br \/>\n&#8211; <a title=\"Entscheidungen_Pflege und Assistenz\" href=\"http:\/\/www.adberlin.com\/downloads\/recht\/Entscheidungen_Pflege und Assistenz.pdf\">Liste mit Kurzbeschreibungen<\/a><\/li>\n<li><strong>personelle Hilfe im Studium oder im Arbeitsleben<\/strong><br \/>\n&#8211; <a href=\"http:\/\/www.adberlin.com\/downloads\/recht\/Entscheidungen_personelle Hilfe im Studium oder im Arbeitsleben.pdf\">Liste mit Kurzbeschreibungen<br \/>\n<\/a><\/li>\n<li><strong>Hilfsmittel<\/strong>\n<ol>\n<li>Hilfsmittel im Allgemeinen<br \/>\n&#8211; <a href=\"http:\/\/www.adberlin.com\/downloads\/recht\/Entscheidungen_Hilfsmittel-allgemein.pdf\">Liste mit Kurzbeschreibungen<\/a><\/li>\n<li>&nbsp;Hilfsmittel bei K\u00f6rperbehinderung<br \/>\n&#8211; <a href=\"http:\/\/www.adberlin.com\/downloads\/recht\/Entscheidungen_Hilfsmittel bei Koerperbehinderung.pdf\">Liste mit Kurzbeschreibungen<\/a><\/li>\n<li>&nbsp;Hilfsmittel bei Sinnesbehinderung<br \/>\n&#8211; <a href=\"http:\/\/www.adberlin.com\/downloads\/recht\/Entscheidungen_Hilfsmittel bei Sinnesbehinderung.pdf\">Liste mit Kurzbeschreibungen<\/a><\/li>\n<\/ol>\n<\/li>\n<li><strong>gesetzliche Betreuung<\/strong><br \/>\n&#8211; <a href=\"http:\/\/www.adberlin.com\/downloads\/recht\/Entscheidungen__gesetzliche Betreuung.pdf\">Liste mit Kurzbeschreibungen<br \/>\n<\/a><\/li>\n<li><strong>steuerliche Absetzbarkeit von behinderungsbedingten Kosten<\/strong><br \/>\n&#8211; <a href=\"http:\/\/www.adberlin.com\/downloads\/recht\/Entscheidungen_Behinderung und Steuerrecht.pdf\">Liste mit Kurzbeschreibungen<br \/>\n<\/a><\/li>\n<li><strong>Sonstiges<\/strong><br \/>\n&#8211; <a title=\"Entscheidungen_Sonstiges\" href=\"http:\/\/www.adberlin.com\/downloads\/recht\/Entscheidungen_Sonstiges.pdf\">Liste mit Kurzbeschreibungen<\/a><\/li>\n<\/ul>\n<p>&nbsp;<\/p>\n<h3>2. Links, unter denen Sie selbst nach weiteren Urteilen und Beschl\u00fcssen deutscher Gerichte recherchieren k\u00f6nnen<\/h3>\n<p>&nbsp;<br \/>\n<a href=\"http:\/\/www.bundessozialgericht.de\" target=\"_blank\" rel=\"noopener\">www.bundessozialgericht.de<\/a><br \/>\nHomepage des Bundessozialgerichts in Kassel<br \/>\n(Dort k\u00f6nnen u. a. \u00fcber die Stichwortsuche h\u00f6chstrichterliche Urteile zu bestimmten Themen gesucht werden.)<\/p>\n<p><a href=\"http:\/\/www.bundeverwaltungsgericht.de\" target=\"_blank\" rel=\"noopener\">www.bundesverwaltungsgericht.de<\/a><br \/>\nHomepage des Bundesverwaltungsgerichts in Leipzig<br \/>\n(Dort k\u00f6nnen u. a. \u00fcber die Volltextsuche h\u00f6chstrichterliche Urteile zu bestimmten Themen gesucht werden.)<\/p>\n<p><a href=\"http:\/\/www.forsea.de\/content-126-urteile.html\" target=\"_blank\" rel=\"noopener\">www.forsea.de\/content-126-urteile.html<\/a><br \/>\nHomepage vom <em>Forum selbstbestimmter Assistenz behinderter Menschen e. V.<\/em>: Urteile zum Themenbereich &#8222;pers\u00f6nliche Assistenz&#8220;<\/p>\n<p><a href=\"https:\/\/www.rehadat-recht.de\">www.rehadat-recht.de<br \/>\n<\/a>Urteile und Gesetze zu Behinderung und beruflicher Teilhabe vom Projekt REHADAT des Instituts der deutschen Wirtschaft<\/p>\n<p><a href=\"http:\/\/www.sozialgerichtsbarkeit.de\" target=\"_blank\" rel=\"noopener\">www.sozialgerichtsbarkeit.de<\/a><br \/>\nInternetportal der bundesdeutschen Sozialgerichtsbarkeit:<br \/>\nRecherchem\u00f6glichkeit nach Urteilen der Sozialgerichte, Landessozialgerichte und des Bundessozialgerichts aufgrund von Stichworten<br \/>\n&nbsp;<\/p>\n<h3>3. Links zu Gesetzessammlungen bzw Informationen, u. a. zu den Themen Hilfsmittel, Rehabilitation, Teilhabe und Barrierefreiheit<\/h3>\n<p>&nbsp;<br \/>\n<a href=\"https:\/\/www.gesetze-im-internet.de\/\" target=\"_blank\" rel=\"noopener\">www.gesetze-im-internet.de <\/a><br \/>\n(Hier k\u00f6nnen seit November 2005 alle rund 5000 Gesetze und Verordnungen des Bundes kostenlos abgerufen werden.)<\/p>\n<p><a href=\"https:\/\/www.bundesfachstelle-barrierefreiheit.de\/DE\/Rechtssammlung\/Rechtssammlung_Suche_Formular.html?nn=?cl2Categories_Bundesressort=&amp;sortOrder=title_text_sort+asc\" target=\"_blank\" rel=\"noopener\">www.bundesfachstelle-barrierefreiheit.de\/DE\/Rechtssammlung\/Rechtssammlung_Suche_Formular.html?nn=?cl2Categories_Bundesressort=&amp;sortOrder=title_text_sort+asc<\/a><br \/>\nRechtssammlung zum Thema Barrierefreiheit der Bundesfachstelle Barrierefreiheit<\/p>\n<p><a href=\"https:\/\/www.gemeinsam-einfach-machen.de\/GEM\/DE\/AS\/Home\/as_node.html\" target=\"_blank\" rel=\"noopener\">www.gemeinsam-einfach-machen.de<\/a><br \/>\nHomepage des Bundesministeriums f\u00fcr Arbeit und Soziales zur Umsetzung der UN-Behindertenrechtskonvention in Deutschland<\/p>\n<p><a href=\"https:\/\/www.lebenshilfe.de\/informieren\/familie\/wie-komme-ich-zu-meinen-hilfsmitteln\" target=\"_blank\" rel=\"noopener\">www.lebenshilfe.de\/informieren\/familie\/wie-komme-ich-zu-meinen-hilfsmitteln<\/a><br \/>\nInformationen der Bundesvereinigung Lebenshilfe e. V. zum Thema Hilfsmittel<\/p>\n<p><a href=\"http:\/\/www.nw3.de\/\" target=\"_blank\" rel=\"noopener\">www.nw3.de<\/a><br \/>\nHomepage vom <em>Netzwerk Artikel 3<\/em>:<br \/>\nInformationen zum Bundesgleichstellungsgesetz f\u00fcr Menschen mit Behinderungen und den Gleichstellungsgesetzen auf Landesebene<\/p>\n<p><a href=\"http:\/\/www.reha-recht.de\/\" target=\"_blank\" rel=\"noopener\">www.reha-recht.de<\/a><br \/>\nReha-Recht Portal f\u00fcr Rehabilitationsrecht, Teilhaberecht, Schwerbehindertenrecht, Arbeitsrecht der Deutschenvereinigung f\u00fcr Rehabilitation<\/p>\n<p><a href=\"http:\/\/www.tacheles-sozialhilfe.de\/\" target=\"_blank\" rel=\"noopener\">www.tacheles-sozialhilfe.de<\/a><br \/>\nHomepage vom Erwerbslosenverein Tacheles e. V.:<br \/>\nInformationen rund um SGB II, Sozialrecht, soziale Ausgrenzung und Gegenwehr<\/p>\n<p><a href=\"https:\/\/umsetzungsbegleitung-bthg.de\/\" target=\"_blank\" rel=\"noopener\">https:\/\/umsetzungsbegleitung-bthg.de\/<\/a><br \/>\nHomepage des Deutschen Vereins f\u00fcr \u00f6ffentliche und private F\u00fcrsorge e. V. zur Begleitung der Umsetzung des Bundesteilhabegesetzes (BTHG)<\/p>\n<p><strong>ACHTUNG: F\u00fcr den Inhalt der Seiten, auf die ein Link gesetzt ist, kann keine Haftung \u00fcbernommen werden!&nbsp;<\/strong><\/p>\n","protected":false},"excerpt":{"rendered":"<p>Auf dieser Seite finden Sie Urteile und Beschl\u00fcsse deutscher Gerichte, die f\u00fcr Menschen mit einer Behinderung interessant sind \u2013 mit Kurzbeschreibungen und mit Links zu den Urteilstexten Links, unter denen Sie selbst nach weiteren Urteilen und Beschl\u00fcssen deutscher Gerichte recherchieren &#8230;<br \/> <a href=\"https:\/\/www.adberlin.com\/neu\/rechtsprechung\" class=\"readmore_link\">weiterlesen<\/a><\/p>\n","protected":false},"author":2,"featured_media":0,"parent":0,"menu_order":0,"comment_status":"closed","ping_status":"closed","template":"","meta":[],"_links":{"self":[{"href":"https:\/\/www.adberlin.com\/neu\/wp-json\/wp\/v2\/pages\/612"}],"collection":[{"href":"https:\/\/www.adberlin.com\/neu\/wp-json\/wp\/v2\/pages"}],"about":[{"href":"https:\/\/www.adberlin.com\/neu\/wp-json\/wp\/v2\/types\/page"}],"author":[{"embeddable":true,"href":"https:\/\/www.adberlin.com\/neu\/wp-json\/wp\/v2\/users\/2"}],"replies":[{"embeddable":true,"href":"https:\/\/www.adberlin.com\/neu\/wp-json\/wp\/v2\/comments?post=612"}],"version-history":[{"count":49,"href":"https:\/\/www.adberlin.com\/neu\/wp-json\/wp\/v2\/pages\/612\/revisions"}],"predecessor-version":[{"id":5733,"href":"https:\/\/www.adberlin.com\/neu\/wp-json\/wp\/v2\/pages\/612\/revisions\/5733"}],"wp:attachment":[{"href":"https:\/\/www.adberlin.com\/neu\/wp-json\/wp\/v2\/media?parent=612"}],"curies":[{"name":"wp","href":"https:\/\/api.w.org\/{rel}","templated":true}]}}