{"id":5402,"date":"2025-04-15T15:31:06","date_gmt":"2025-04-15T14:31:06","guid":{"rendered":"https:\/\/www.adberlin.com\/neu\/?page_id=5402"},"modified":"2025-04-23T13:50:16","modified_gmt":"2025-04-23T12:50:16","slug":"service-uebersicht-barrierefreie-arztpraxen","status":"publish","type":"page","link":"https:\/\/www.adberlin.com\/neu\/service-uebersicht-barrierefreie-arztpraxen","title":{"rendered":"Service: \u00dcbersicht barrierefreie Arztpraxen"},"content":{"rendered":"\n<p><\/p>\n\n\n\n<p>Hier finden Sie unsere \u00dcbersichten barrierefreier Arztpraxen:<\/p>\n\n\n\n<p><a href=\"http:\/\/www.adberlin.com\/downloads\/barrierefreieArztpraxen\/2025SchmerztherapeutischeArztpraxeninBerlin.pdf\">Schmerztherapeutische Arztpraxen<\/a> <\/p>\n\n\n\n<p><a href=\"http:\/\/www.adberlin.com\/downloads\/barrierefreieArztpraxen\/2025barrierefreieGynaekologinnenBerlin.pdf\">Gyn\u00e4kologische Arztpraxen<\/a><\/p>\n\n\n\n<p><a href=\"http:\/\/www.adberlin.com\/downloads\/barrierefreieArztpraxen\/2025zahnaerztlicheArztpraxen.pdf\">Zahn\u00e4rztliche Praxen<\/a><\/p>\n\n\n\n<p><\/p>\n\n\n\n<p>Bitte beachten Sie auch unsere Sammlung von <a href=\"https:\/\/www.adberlin.com\/neu\/umgang-mit-schmerzen\">Videos zum Thema Umgang mit Schmerzen.<\/a><\/p>\n\n\n\n<p><\/p>\n\n\n\n<ul>\n<li><\/li>\n<\/ul>\n","protected":false},"excerpt":{"rendered":"<p>Hier finden Sie unsere \u00dcbersichten barrierefreier Arztpraxen: Schmerztherapeutische Arztpraxen Gyn\u00e4kologische Arztpraxen Zahn\u00e4rztliche Praxen Bitte beachten Sie auch unsere Sammlung von Videos zum Thema Umgang mit Schmerzen.<\/p>\n","protected":false},"author":3,"featured_media":0,"parent":0,"menu_order":0,"comment_status":"closed","ping_status":"closed","template":"","meta":[],"_links":{"self":[{"href":"https:\/\/www.adberlin.com\/neu\/wp-json\/wp\/v2\/pages\/5402"}],"collection":[{"href":"https:\/\/www.adberlin.com\/neu\/wp-json\/wp\/v2\/pages"}],"about":[{"href":"https:\/\/www.adberlin.com\/neu\/wp-json\/wp\/v2\/types\/page"}],"author":[{"embeddable":true,"href":"https:\/\/www.adberlin.com\/neu\/wp-json\/wp\/v2\/users\/3"}],"replies":[{"embeddable":true,"href":"https:\/\/www.adberlin.com\/neu\/wp-json\/wp\/v2\/comments?post=5402"}],"version-history":[{"count":12,"href":"https:\/\/www.adberlin.com\/neu\/wp-json\/wp\/v2\/pages\/5402\/revisions"}],"predecessor-version":[{"id":5439,"href":"https:\/\/www.adberlin.com\/neu\/wp-json\/wp\/v2\/pages\/5402\/revisions\/5439"}],"wp:attachment":[{"href":"https:\/\/www.adberlin.com\/neu\/wp-json\/wp\/v2\/media?parent=5402"}],"curies":[{"name":"wp","href":"https:\/\/api.w.org\/{rel}","templated":true}]}}