{"id":472,"date":"2013-07-19T13:55:17","date_gmt":"2013-07-19T13:55:17","guid":{"rendered":"http:\/\/www.adberlin.com\/neu\/?page_id=472"},"modified":"2017-06-28T18:52:19","modified_gmt":"2017-06-28T16:52:19","slug":"angebote-fur-assistenznehmerinnen","status":"publish","type":"page","link":"https:\/\/www.adberlin.com\/neu\/unser-angebot\/angebote-fur-assistenznehmerinnen","title":{"rendered":"weiteres Angebot f\u00fcr Assistenznehmer*innen"},"content":{"rendered":"<p>Auch bei einer starken Behinderung ist mit pers\u00f6nlicher Assistenz ein selbstbestimmtes Leben m\u00f6glich.<\/p>\n<p>Wer die n\u00f6tige Unterst\u00fctzung bisher komplett von seinen Eltern bekommen hat oder aus einem Heim ausgezogen ist, muss oft erst lernen, mit pers\u00f6nlicher Assistenz umzugehen. Nur wer die <a title=\"Rechte der Assistenznehmer*innen\" href=\"https:\/\/www.adberlin.com\/neu\/unser-angebot\/personliche-assistenz\/rechte-der-assistenznehmerinnen\">Rechte von Assistenznehmer*innen<\/a> kennt und nutzt, kann die Chancen und M\u00f6glichkeiten voll nutzen, die pers\u00f6nliche Assistenz bietet.<\/p>\n<p>Um (neue) Assistenznehmer*innen in ihrer Rolle zu st\u00e4rken, bietet ambulante dienste e. V. einen <a title=\"Gespr\u00e4chskreis f\u00fcr behinderte Menschen mit Hilfe- bzw. Assistenzbedarf\" href=\"https:\/\/www.adberlin.com\/neu\/unser-angebot\/angebote-fur-assistenznehmerinnen\/gespraechskreis-fuer-behinderte-menschen-mit-hilfe-bzw-assistenzbedarf\">Gespr\u00e4chskreis f\u00fcr behinderte Menschen mit Hilfe- bzw. Assistenzbedarf mit Jutta R\u00fctter<\/a> an.<\/p>\n<p>&nbsp;<\/p>\n","protected":false},"excerpt":{"rendered":"<p>Auch bei einer starken Behinderung ist mit pers\u00f6nlicher Assistenz ein selbstbestimmtes Leben m\u00f6glich. Wer die n\u00f6tige Unterst\u00fctzung bisher komplett von seinen Eltern bekommen hat oder aus einem Heim ausgezogen ist, muss oft erst lernen, mit pers\u00f6nlicher Assistenz umzugehen. Nur wer &#8230;<br \/> <a href=\"https:\/\/www.adberlin.com\/neu\/unser-angebot\/angebote-fur-assistenznehmerinnen\" class=\"readmore_link\">weiterlesen<\/a><\/p>\n","protected":false},"author":2,"featured_media":0,"parent":400,"menu_order":0,"comment_status":"closed","ping_status":"closed","template":"","meta":[],"_links":{"self":[{"href":"https:\/\/www.adberlin.com\/neu\/wp-json\/wp\/v2\/pages\/472"}],"collection":[{"href":"https:\/\/www.adberlin.com\/neu\/wp-json\/wp\/v2\/pages"}],"about":[{"href":"https:\/\/www.adberlin.com\/neu\/wp-json\/wp\/v2\/types\/page"}],"author":[{"embeddable":true,"href":"https:\/\/www.adberlin.com\/neu\/wp-json\/wp\/v2\/users\/2"}],"replies":[{"embeddable":true,"href":"https:\/\/www.adberlin.com\/neu\/wp-json\/wp\/v2\/comments?post=472"}],"version-history":[{"count":8,"href":"https:\/\/www.adberlin.com\/neu\/wp-json\/wp\/v2\/pages\/472\/revisions"}],"predecessor-version":[{"id":2666,"href":"https:\/\/www.adberlin.com\/neu\/wp-json\/wp\/v2\/pages\/472\/revisions\/2666"}],"up":[{"embeddable":true,"href":"https:\/\/www.adberlin.com\/neu\/wp-json\/wp\/v2\/pages\/400"}],"wp:attachment":[{"href":"https:\/\/www.adberlin.com\/neu\/wp-json\/wp\/v2\/media?parent=472"}],"curies":[{"name":"wp","href":"https:\/\/api.w.org\/{rel}","templated":true}]}}