{"id":469,"date":"2013-07-19T13:51:40","date_gmt":"2013-07-19T13:51:40","guid":{"rendered":"http:\/\/www.adberlin.com\/neu\/?page_id=469"},"modified":"2019-05-27T23:39:29","modified_gmt":"2019-05-27T21:39:29","slug":"qualifizierung-von-assistentinnen","status":"publish","type":"page","link":"https:\/\/www.adberlin.com\/neu\/unser-angebot\/qualifizierung-von-assistentinnen","title":{"rendered":"Qualifizierung von Assistent*innen"},"content":{"rendered":"<p>In der langj\u00e4hrigen Arbeit von ambulante dienste e. V. hat es sich als hilfreich bzw.\u00a0 zum Teil auch als dringend notwendig herausgestellt, den Personen, die zuk\u00fcnftig als Assistent*innen arbeiten m\u00f6chten,\u00a0 Grundkenntnisse f\u00fcr ihre neue T\u00e4tigkeit zu vermitteln.<\/p>\n<p>Unsere so genannte Basisqualifikation, die von Fachkr\u00e4ften mit langj\u00e4hriger Erfahrung in den einzelnen Bereichen durchgef\u00fchrt wird, besteht aus folgenden Modulen:<\/p>\n<ul>\n<li>\u00a0<b>Einf\u00fchrung <\/b>(Selbstbestimmung behinderter Menschen, Entwicklung von pers\u00f6nlicher Assistenz, u. a.)<\/li>\n<li><b>Arbeitsschutz \/ Hygiene \/ Hauswirtschaft<\/b><\/li>\n<li><b>Heben und Tragen <\/b><\/li>\n<li><b>Rollstuhltraining<\/b><\/li>\n<li><b>Pflege (<\/b>mit den Untermodulen Hygieneanforderungen, rechtliche Aspekte, K\u00f6rperpflege, Ern\u00e4hrung, Ausscheidungen, u. a.)<\/li>\n<li><b>N\u00e4he und Distanz<\/b><\/li>\n<\/ul>\n<p>Dar\u00fcber hinaus bieten wir auf Anfrage Fortbildungen zu verschiedenen Behinderungsbildern an.<\/p>\n<div>\n<p>Wenn Sie als Nutzer*in eines pers\u00f6nlichen Budgets Ihre Assistent*innen qualifizieren bzw. fortbilden lassen wollen, sind Sie bei uns herzlich willkommen. Termine und Preise erfahren Sie auf Anfrage (E-Mail: <a href=\"mailto:ad@adberlin.com\">ad@adberlin.com<\/a>).<\/p>\n<p>&nbsp;<\/p>\n<\/div>\n","protected":false},"excerpt":{"rendered":"<p>In der langj\u00e4hrigen Arbeit von ambulante dienste e. V. hat es sich als hilfreich bzw.\u00a0 zum Teil auch als dringend notwendig herausgestellt, den Personen, die zuk\u00fcnftig als Assistent*innen arbeiten m\u00f6chten,\u00a0 Grundkenntnisse f\u00fcr ihre neue T\u00e4tigkeit zu vermitteln. Unsere so genannte &#8230;<br \/> <a href=\"https:\/\/www.adberlin.com\/neu\/unser-angebot\/qualifizierung-von-assistentinnen\" class=\"readmore_link\">weiterlesen<\/a><\/p>\n","protected":false},"author":2,"featured_media":0,"parent":400,"menu_order":0,"comment_status":"closed","ping_status":"closed","template":"","meta":[],"_links":{"self":[{"href":"https:\/\/www.adberlin.com\/neu\/wp-json\/wp\/v2\/pages\/469"}],"collection":[{"href":"https:\/\/www.adberlin.com\/neu\/wp-json\/wp\/v2\/pages"}],"about":[{"href":"https:\/\/www.adberlin.com\/neu\/wp-json\/wp\/v2\/types\/page"}],"author":[{"embeddable":true,"href":"https:\/\/www.adberlin.com\/neu\/wp-json\/wp\/v2\/users\/2"}],"replies":[{"embeddable":true,"href":"https:\/\/www.adberlin.com\/neu\/wp-json\/wp\/v2\/comments?post=469"}],"version-history":[{"count":8,"href":"https:\/\/www.adberlin.com\/neu\/wp-json\/wp\/v2\/pages\/469\/revisions"}],"predecessor-version":[{"id":3403,"href":"https:\/\/www.adberlin.com\/neu\/wp-json\/wp\/v2\/pages\/469\/revisions\/3403"}],"up":[{"embeddable":true,"href":"https:\/\/www.adberlin.com\/neu\/wp-json\/wp\/v2\/pages\/400"}],"wp:attachment":[{"href":"https:\/\/www.adberlin.com\/neu\/wp-json\/wp\/v2\/media?parent=469"}],"curies":[{"name":"wp","href":"https:\/\/api.w.org\/{rel}","templated":true}]}}