{"id":456,"date":"2013-07-17T14:57:58","date_gmt":"2013-07-17T14:57:58","guid":{"rendered":"http:\/\/www.adberlin.com\/neu\/?page_id=456"},"modified":"2024-07-30T11:27:40","modified_gmt":"2024-07-30T10:27:40","slug":"preisliste-personlichen-budgets","status":"publish","type":"page","link":"https:\/\/www.adberlin.com\/neu\/unser-angebot\/dienstleistungen-fur-bezieherinnen-eines-personlichen-budgets\/preisliste-personlichen-budgets","title":{"rendered":"Preisliste f\u00fcr Leistungen im Rahmen eines pers\u00f6nlichen Budgets"},"content":{"rendered":"<table border=\"1\" cellspacing=\"0\" cellpadding=\"0\">\n<tbody>\n<tr>\n<td valign=\"top\" width=\"277\"><b>Angebot<\/b><\/td>\n<td valign=\"top\" width=\"331\"><b>Grundlagen \/ Preise<\/b><\/td>\n<\/tr>\n<tr>\n<td valign=\"top\" width=\"277\"><b>1. Leistungen der Pers\u00f6nlichen Assistenz<\/b><\/p>\n<p>(Da ambulante dienste e. V. \u00fcber einen Versorgungsvertrag nach dem SGB XI verf\u00fcgt, k\u00f6nnen auch Sachleistungen der Pflegeversicherung \u00fcber Gutscheine im Rahmen des pers\u00f6nlichen Budgets erbracht werden.)<\/td>\n<td><b>Pers\u00f6nliche Assistenz<br \/>\n<\/b><br \/>\nvon 06:00 Uhr bis 21:00 Uhr:<br \/>\n55,64 \u20ac \/ Std.<br \/>\n<font size=\"-2\">(54,28 \u20ac + 2,5 % Investitionskostenpauschale gem. \u00a7 82 SGB XI<br \/>\n<\/font><\/p>\n<p>von 00:00 Uhr bis 06:00 Uhr bzw. 21:00 Uhr bis 24:00 Uhr:<br \/>\n59,26 \u20ac \/ Std.<br \/>\n<font size=\"-2\">(57,81 \u20ac + 2,5 % Investitionskostenpauschale gem. \u00a7 82 SGB XI<br \/>\n<\/font><\/td>\n<\/tr>\n<\/tbody>\n<\/table>\n<p>Die Assistenzleistungen werden durch Assistent*innen erbracht, die von ambulante dienste e. V. geschult wurden.<\/p>\n<p>&nbsp;<\/p>\n<table border=\"1\" cellspacing=\"0\" cellpadding=\"0\">\n<tbody>\n<tr>\n<td valign=\"top\" width=\"277\"><b>Angebot<\/b><\/td>\n<td valign=\"top\" width=\"331\"><b>Grundlagen \/ Preise<\/b><\/td>\n<\/tr>\n<tr>\n<td valign=\"top\" width=\"277\"><b>2. Beratung<\/b><\/p>\n<p>Einzelne Beratungsleistungen f\u00fcr Budgetnehmer*innen wie u.a.<\/p>\n<ul>\n<li>Hilfe bei sozialrechtlichen Fragen<\/li>\n<li>Psychosoziale Beratung<\/li>\n<li>Pflegerische Beratung<\/li>\n<li>Konfliktmanagement<\/li>\n<li>Personalakquise<\/li>\n<\/ul>\n<p>werden von Sozialarbeiter*innen und Sozialp\u00e4dagog*innen, examinierten Pflegefachkr\u00e4ften und einem Juristen erbracht.<\/td>\n<td valign=\"top\" width=\"331\">45,&#8211; \u20ac \/ Std.<br \/>\n(Abrechnung nach Aufwand)<\/td>\n<\/tr>\n<\/tbody>\n<\/table>\n<table border=\"1\" cellspacing=\"0\" cellpadding=\"0\">\n<tbody>\n<tr>\n<td valign=\"top\" width=\"277\"><b>3. Begleitungs- und Unterst\u00fctzungsleistungen<\/b><\/p>\n<p>&nbsp;<\/p>\n<ul>\n<li>Einsatzplanung<\/li>\n<li>Einsatzorganisation<\/li>\n<li>Einsatzbegleitung<\/li>\n<li>Pflegerische Begleitung<\/li>\n<\/ul>\n<\/td>\n<td valign=\"top\" width=\"331\">2,80 \u20ac pro durch ambulante dienste e. V. begleiteter Assistenzstunde<\/td>\n<\/tr>\n<tr>\n<td valign=\"top\" width=\"277\"><b>4. Qualifizierung als Angebot f\u00fcr Ihre AssistentInnen und andere Menschen, die Sie unterst\u00fctzen<\/b><\/p>\n<p>Module zu den Themen:<\/p>\n<ul>\n<li>Transfertechniken<\/li>\n<li>Rollstuhltraining<\/li>\n<li>Pflege<\/li>\n<li>N\u00e4he und Distanz<\/li>\n<\/ul>\n<p>Wir haben \u00fcber 20 Jahre Erfahrung in der Qualifizierung von Assistent*innen im Bereich der pers\u00f6nlichen Assistenz.<\/td>\n<td valign=\"top\" width=\"331\">Preis auf Anfrage<br \/>\n(Gruppe von mehr als 10 TeilnehmerInnen erforderlich)<\/td>\n<\/tr>\n<\/tbody>\n<\/table>\n<p>Die Module k\u00f6nnen einzeln gebucht und nach Absprache entsprechend Ihren W\u00fcnschen zusammengestellt werden.<\/p>\n<div>\n<p>Sind Sie interessiert? Nehmen Sie Kontakt mit uns auf!<\/p>\n<\/div>\n","protected":false},"excerpt":{"rendered":"<p>Angebot Grundlagen \/ Preise 1. Leistungen der Pers\u00f6nlichen Assistenz (Da ambulante dienste e. V. \u00fcber einen Versorgungsvertrag nach dem SGB XI verf\u00fcgt, k\u00f6nnen auch Sachleistungen der Pflegeversicherung \u00fcber Gutscheine im Rahmen des pers\u00f6nlichen Budgets erbracht werden.) Pers\u00f6nliche Assistenz von 06:00 &#8230;<br \/> <a href=\"https:\/\/www.adberlin.com\/neu\/unser-angebot\/dienstleistungen-fur-bezieherinnen-eines-personlichen-budgets\/preisliste-personlichen-budgets\" class=\"readmore_link\">weiterlesen<\/a><\/p>\n","protected":false},"author":3,"featured_media":0,"parent":452,"menu_order":2,"comment_status":"closed","ping_status":"closed","template":"","meta":[],"_links":{"self":[{"href":"https:\/\/www.adberlin.com\/neu\/wp-json\/wp\/v2\/pages\/456"}],"collection":[{"href":"https:\/\/www.adberlin.com\/neu\/wp-json\/wp\/v2\/pages"}],"about":[{"href":"https:\/\/www.adberlin.com\/neu\/wp-json\/wp\/v2\/types\/page"}],"author":[{"embeddable":true,"href":"https:\/\/www.adberlin.com\/neu\/wp-json\/wp\/v2\/users\/3"}],"replies":[{"embeddable":true,"href":"https:\/\/www.adberlin.com\/neu\/wp-json\/wp\/v2\/comments?post=456"}],"version-history":[{"count":43,"href":"https:\/\/www.adberlin.com\/neu\/wp-json\/wp\/v2\/pages\/456\/revisions"}],"predecessor-version":[{"id":5142,"href":"https:\/\/www.adberlin.com\/neu\/wp-json\/wp\/v2\/pages\/456\/revisions\/5142"}],"up":[{"embeddable":true,"href":"https:\/\/www.adberlin.com\/neu\/wp-json\/wp\/v2\/pages\/452"}],"wp:attachment":[{"href":"https:\/\/www.adberlin.com\/neu\/wp-json\/wp\/v2\/media?parent=456"}],"curies":[{"name":"wp","href":"https:\/\/api.w.org\/{rel}","templated":true}]}}