{"id":452,"date":"2013-07-17T14:43:36","date_gmt":"2013-07-17T14:43:36","guid":{"rendered":"http:\/\/www.adberlin.com\/neu\/?page_id=452"},"modified":"2024-07-30T11:54:02","modified_gmt":"2024-07-30T10:54:02","slug":"dienstleistungen-fur-bezieherinnen-eines-personlichen-budgets","status":"publish","type":"page","link":"https:\/\/www.adberlin.com\/neu\/unser-angebot\/dienstleistungen-fur-bezieherinnen-eines-personlichen-budgets","title":{"rendered":"Dienstleistungen f\u00fcr Nutzer*innen eines Pers\u00f6nlichen Budgets"},"content":{"rendered":"<p>F\u00fcr Menschen mit Behinderungen, die Unterst\u00fctzung im t\u00e4glichen Leben ben\u00f6tigen, besteht die M\u00f6glichkeit, ein Pers\u00f6nliches Budget zu beantragen. Das hei\u00dft, sie k\u00f6nnen die Leistungen, die der Leistungstr\u00e4ger (z. B. das LAGeSo als Tr\u00e4ger der Eingliederunghilfe, das in Berlin f\u00fcr die Finanzierung von Pers\u00f6nlicher Assistenz zust\u00e4ndig ist) bisher direkt an den Leistungserbringer (z. B. an ambulante dienste e. V.) gezahlt hat, jetzt als Geldbetrag auf ihr Konto \u00fcberwiesen bekommen. \u00dcber diese Summe k\u00f6nnen sie dann verf\u00fcgen und entscheiden, wo sie welche Hilfe \u201eeinkaufen\u201c wollen.<\/p>\n<p>Als Budgetnehmer*in ist es z. B. m\u00f6glich, dass Sie weiterhin den Dienst bezahlen, der Ihnen bisher geholfen hat und ggf. einzelne Tage bzw. Schichten selbst organisieren.<br \/>\nEs ist nicht zu leugnen, dass einige Herausforderungen auf Sie zukommen, wenn Sie Ihre Hilfe ganz oder teilweise selber organisieren: Sie m\u00fcssen sich geeignetes Personal selber suchen, Vertr\u00e4ge abschlie\u00dfen, einen \u00dcberblick \u00fcber die f\u00e4lligen Gehaltszahlungen haben, bei Konflikten mit Ihren Angestellten zurecht kommen usw..<\/p>\n<p><strong>Der Assistenzdienst ambulante dienste e. V. bietet Ihnen spezielle Dienstleistungen f\u00fcr Nutzer*innen eines Pers\u00f6nlichen Budgets an:<\/strong><\/p>\n<ul>\n<li>Kontinuierliche Budgetbegleitung und -beratung<\/li>\n<li>Assistenzleistungen bzw. Pers\u00f6nliche Assistenz<\/li>\n<li>Beratung<\/li>\n<li><a title=\"Qualifizierung von AssistentInnen\" href=\"https:\/\/www.adberlin.com\/neu\/unser-angebot\/qualifizierung-von-assistentinnen\">Qualifizierung<\/a> von Assistent*innen,<\/li>\n<\/ul>\n<p><strong>Genauere Beschreibungen unserer Leistungen entnehmen Sie bitte unserem Flyer zum Pers\u00f6nlichen Budget:<\/strong><br \/>\n&gt; <a href=\"http:\/\/www.adberlin.com\/downloads\/Flyer_persoenliches-Budget_web..pdf\">Flyer \u201cPers\u00f6nliches Budget&#8220; (PDF)<\/a><\/p>\n<p>Die Beratung und kontinuierliche Begleitung werden nach Aufwand in Rechnung gestellt mit einem Honorar in H\u00f6he von derzeit 45,00 \u20ac\/Std..<br \/>\nDie aktuellen Preise f\u00fcr den Einkauf von Assistenzstunden finden Sie <a href=\"https:\/\/www.adberlin.com\/neu\/unser-angebot\/personliche-assistenz\/finanzierung-von-personlicher-assistenz\">hier<\/a>.<br \/>\nDie Kosten zur Qualifizierung der Assistent*innen k\u00f6nnen Sie jederzeit bei uns erfragen. Wir erstellen Ihnen gerne ein individuelles Angebot.<br \/>\nEin erstes Beratungsgespr\u00e4ch ist jedoch kostenfrei.<\/p>\n<p>Haben Sie Bedarf an einer oder mehreren dieser Leistungen? &#8211; Dann wenden Sie sich bitte an das <a href=\"https:\/\/www.adberlin.com\/neu\/assistenzdienst\/beratungsbueros\">Beratungsb\u00fcro S\u00fcd<\/a>.<\/p>\n","protected":false},"excerpt":{"rendered":"<p>F\u00fcr Menschen mit Behinderungen, die Unterst\u00fctzung im t\u00e4glichen Leben ben\u00f6tigen, besteht die M\u00f6glichkeit, ein Pers\u00f6nliches Budget zu beantragen. Das hei\u00dft, sie k\u00f6nnen die Leistungen, die der Leistungstr\u00e4ger (z. B. das LAGeSo als Tr\u00e4ger der Eingliederunghilfe, das in Berlin f\u00fcr die &#8230;<br \/> <a href=\"https:\/\/www.adberlin.com\/neu\/unser-angebot\/dienstleistungen-fur-bezieherinnen-eines-personlichen-budgets\" class=\"readmore_link\">weiterlesen<\/a><\/p>\n","protected":false},"author":3,"featured_media":0,"parent":400,"menu_order":0,"comment_status":"closed","ping_status":"closed","template":"","meta":[],"_links":{"self":[{"href":"https:\/\/www.adberlin.com\/neu\/wp-json\/wp\/v2\/pages\/452"}],"collection":[{"href":"https:\/\/www.adberlin.com\/neu\/wp-json\/wp\/v2\/pages"}],"about":[{"href":"https:\/\/www.adberlin.com\/neu\/wp-json\/wp\/v2\/types\/page"}],"author":[{"embeddable":true,"href":"https:\/\/www.adberlin.com\/neu\/wp-json\/wp\/v2\/users\/3"}],"replies":[{"embeddable":true,"href":"https:\/\/www.adberlin.com\/neu\/wp-json\/wp\/v2\/comments?post=452"}],"version-history":[{"count":18,"href":"https:\/\/www.adberlin.com\/neu\/wp-json\/wp\/v2\/pages\/452\/revisions"}],"predecessor-version":[{"id":5146,"href":"https:\/\/www.adberlin.com\/neu\/wp-json\/wp\/v2\/pages\/452\/revisions\/5146"}],"up":[{"embeddable":true,"href":"https:\/\/www.adberlin.com\/neu\/wp-json\/wp\/v2\/pages\/400"}],"wp:attachment":[{"href":"https:\/\/www.adberlin.com\/neu\/wp-json\/wp\/v2\/media?parent=452"}],"curies":[{"name":"wp","href":"https:\/\/api.w.org\/{rel}","templated":true}]}}