{"id":443,"date":"2013-07-17T13:33:54","date_gmt":"2013-07-17T13:33:54","guid":{"rendered":"http:\/\/www.adberlin.com\/neu\/?page_id=443"},"modified":"2020-01-07T19:59:49","modified_gmt":"2020-01-07T17:59:49","slug":"assistenz-im-krankenhaus","status":"publish","type":"page","link":"https:\/\/www.adberlin.com\/neu\/unser-angebot\/personliche-assistenz\/personliche-assistenz-in-besonderen-lebenssituationen\/assistenz-im-krankenhaus","title":{"rendered":"Assistenz im Krankenhaus"},"content":{"rendered":"<p><b>Assistenz im Krankenhaus<\/b><\/p>\n<p style=\"text-align: center;\"><a href=\"https:\/\/www.adberlin.com\/neu\/wp-content\/uploads\/2013\/07\/k-IMG_8476.jpg\"><img decoding=\"async\" loading=\"lazy\" class=\"aligncenter size-medium wp-image-2574\" src=\"https:\/\/www.adberlin.com\/neu\/wp-content\/uploads\/2013\/07\/k-IMG_8476-300x199.jpg\" alt=\"k-IMG_8476\" width=\"300\" height=\"199\" srcset=\"https:\/\/www.adberlin.com\/neu\/wp-content\/uploads\/2013\/07\/k-IMG_8476-300x199.jpg 300w, https:\/\/www.adberlin.com\/neu\/wp-content\/uploads\/2013\/07\/k-IMG_8476.jpg 320w\" sizes=\"(max-width: 300px) 100vw, 300px\" \/><\/a><\/p>\n<p>&#8230; <strong>ist oft \u00fcberlebenswichtig<\/strong> f\u00fcr Menschen mit einer Behinderung, die im allt\u00e4glichen Leben auf pers\u00f6nliche Assistenz angewiesen sind. [<a title=\"Assistenz im Krankenhaus ist f\u00fcr viele \u00fcberlebensnotwendig!\" href=\"https:\/\/www.adberlin.com\/neu\/unser-angebot\/personliche-assistenz\/personliche-assistenz-in-besonderen-lebenssituationen\/assistenz-im-krankenhaus\/assistenz-im-krankenhaus-ist-fuer-viele-ueberlebensnotwendig\">mehr<\/a>]<\/p>\n<p>Das Problem war aber, dass bei Kund*innen von Assistenzdiensten niemand bereit war, die Kosten f\u00fcr diese dringend notwendige Leistung zu \u00fcbernehmen.<\/p>\n<p><strong>Mit dem Inkrafttreten der\u00a0 dritten Stufe des Bundesteilhabegesetzes (BTHG) am 01.01.2020 hat sich dieses Problem in Luft aufgel\u00f6st<\/strong>: Nun werden die Leistungen der Pers\u00f6nlichen Assistenz (in Berlin) nicht mehr nur der Hilfe zur Pflege, sondern auch der Eingliederungshilfe nach dem SGB IX zugeordnet. Durch diese neue Zuordnung besteht in bestimmten F\u00e4llen auch erstmals die M\u00f6glichkeit, Assistenzleistungen an einem &#8222;anderen Ort&#8220;, z.B. w\u00e4hrend eines Krankenhausaufenthaltes, in Anspruch zu nehmen.<\/p>\n<p><strong>\u00a0Das bedeutet, dass die individuell erforderliche Assistenz im Krankenhaus seit 1.1.2020 in voller H\u00f6he (re-)finanziert wird.<\/strong><\/p>\n<p>&nbsp;<\/p>\n<p>ambulante dienste e. V. hatte<strong> mehrere Initiativen<\/strong> unternommen, auf die davor bestehende Ungerechtigkeit zwischen Kund*innen von Assistenzdiensten und behinderten Arbeitgeber*innen aufmerksam zu machen, die seit Inkrafttreten des Gesetzes zur Regelung des Assistenzpflegebedarfs im Krankenhaus im August 2009\u00a0die individuell erforderliche Assistenz im Krankenhaus in voller H\u00f6he (re-)finanziert bekommen haben:<\/p>\n<ul>\n<li>Mai 2012 &#8211; April 2013:<br \/>\nEine <a href=\"https:\/\/epetitionen.bundestag.de\/petitionen\/_2012\/_05\/_16\/Petition_24616.nc.html\">Petition<\/a> unseres Mitarbeiters Martin Seidler, die auf die Gleichbehandlung aller Menschen mit Assistenzbedarf abzielte, wurde leider mit einem <a href=\"https:\/\/epetitionen.bundestag.de\/petitionen\/_2012\/_05\/_16\/Petition_24616.abschlussbegruendungpdf.pdf\">unbefriedigenden Ergebnis<\/a> abgeschlossen.<br \/>\n[<a title=\"Petition zum Thema \u201cAssistenz im Krankenhaus\u201d\" href=\"https:\/\/www.adberlin.com\/neu\/unser-angebot\/personliche-assistenz\/personliche-assistenz-in-besonderen-lebenssituationen\/assistenz-im-krankenhaus\/petition-zum-thema-assistenz-im-krankenhaus\">Mehr zur Petition<\/a>]<\/li>\n<li>Oktober 2017:<br \/>\n<a title=\"Aktionstag \u201eHorror auf Station \u2013 nicht nur zu Halloween\u201c\" href=\"https:\/\/www.adberlin.com\/neu\/unser-angebot\/personliche-assistenz\/personliche-assistenz-in-besonderen-lebenssituationen\/assistenz-im-krankenhaus\/aktionstag-horror-auf-station-nicht-nur-zu-halloween\">Aktionstag &#8222;Horror auf Station\u00a0 &#8211; nicht nur zu Halloween&#8220;<\/a><\/li>\n<li>April 2018:<br \/>\nE-Mails an\u00a0 die Leitung des Bundesgesundheitsministerium sowie an die behindertenpolitischen und die gesundheitspolitischen Sprecher*innen der Bundestagsfraktionen (au\u00dfer AfD) [<a href=\"http:\/\/www.adberlin.com\/downloads\/Mails%20Bundespolitik (April 2018).pdf\">Text der E-Mails<\/a>]<\/li>\n<\/ul>\n<p>Das Ziel dieser Aktivit\u00e4ten war es jeweils, eine \u00c4nderung der Gesetzeslage zu erreichen.<\/p>\n<p>Das Problem ist alt: Zu diesem Thema fand bereits am 4. Dezember 2007 eine <b>Fachtagung <\/b>statt, deren Inhalte leider nach wie vor aktuell sind. <a href=\"http:\/\/www.adberlin.com\/downloads\/Dokumentation Fachtagung_Endversion.pdf\">[Dokumentation der Veranstaltung]<\/a>.<\/p>\n<p>&nbsp;<\/p>\n<p>Weitere Informationen: <a href=\"http:\/\/www.forsea.de\/content-81-kampagne_fuer_die_assistenz_im_krankenhaus.html\">ForseA-Kampagne \u201cIch muss ins Krankenhaus \u2026 und nun\u201d<\/a><\/p>\n","protected":false},"excerpt":{"rendered":"<p>Assistenz im Krankenhaus &#8230; ist oft \u00fcberlebenswichtig f\u00fcr Menschen mit einer Behinderung, die im allt\u00e4glichen Leben auf pers\u00f6nliche Assistenz angewiesen sind. [mehr] Das Problem war aber, dass bei Kund*innen von Assistenzdiensten niemand bereit war, die Kosten f\u00fcr diese dringend notwendige &#8230;<br \/> <a href=\"https:\/\/www.adberlin.com\/neu\/unser-angebot\/personliche-assistenz\/personliche-assistenz-in-besonderen-lebenssituationen\/assistenz-im-krankenhaus\" class=\"readmore_link\">weiterlesen<\/a><\/p>\n","protected":false},"author":3,"featured_media":0,"parent":426,"menu_order":0,"comment_status":"closed","ping_status":"closed","template":"","meta":[],"_links":{"self":[{"href":"https:\/\/www.adberlin.com\/neu\/wp-json\/wp\/v2\/pages\/443"}],"collection":[{"href":"https:\/\/www.adberlin.com\/neu\/wp-json\/wp\/v2\/pages"}],"about":[{"href":"https:\/\/www.adberlin.com\/neu\/wp-json\/wp\/v2\/types\/page"}],"author":[{"embeddable":true,"href":"https:\/\/www.adberlin.com\/neu\/wp-json\/wp\/v2\/users\/3"}],"replies":[{"embeddable":true,"href":"https:\/\/www.adberlin.com\/neu\/wp-json\/wp\/v2\/comments?post=443"}],"version-history":[{"count":20,"href":"https:\/\/www.adberlin.com\/neu\/wp-json\/wp\/v2\/pages\/443\/revisions"}],"predecessor-version":[{"id":3572,"href":"https:\/\/www.adberlin.com\/neu\/wp-json\/wp\/v2\/pages\/443\/revisions\/3572"}],"up":[{"embeddable":true,"href":"https:\/\/www.adberlin.com\/neu\/wp-json\/wp\/v2\/pages\/426"}],"wp:attachment":[{"href":"https:\/\/www.adberlin.com\/neu\/wp-json\/wp\/v2\/media?parent=443"}],"curies":[{"name":"wp","href":"https:\/\/api.w.org\/{rel}","templated":true}]}}