{"id":440,"date":"2013-07-17T13:30:02","date_gmt":"2013-07-17T13:30:02","guid":{"rendered":"http:\/\/www.adberlin.com\/neu\/?page_id=440"},"modified":"2023-03-23T18:40:58","modified_gmt":"2023-03-23T16:40:58","slug":"urlaubs-bzw-reiseassistenz","status":"publish","type":"page","link":"https:\/\/www.adberlin.com\/neu\/unser-angebot\/personliche-assistenz\/personliche-assistenz-in-besonderen-lebenssituationen\/urlaubs-bzw-reiseassistenz","title":{"rendered":"Urlaubs- bzw. Reiseassistenz"},"content":{"rendered":"<p><b>Urlaubs- bzw. Reiseassistenz<\/b><\/p>\n<p>Unsere AssistentInnen&nbsp; begleiten unsere KundInnen auch bei Urlaubs- und Wochenendreisen.<\/p>\n<p>Die Assistenzsituation auf Reisen ist f\u00fcr die behinderte Person und ihre Assistenzperson(en) oft eine besondere Herausforderung: Es gibt keine oder wenig R\u00fcckzugsm\u00f6glichkeiten, das individuell eingerichtete Bad fehlt, oft muss auch auf vertraute Hilfsmittel verzichtet werden.<\/p>\n<p>Trotzdem wagen viele unserer KundInnen dieses Abenteuer.<\/p>\n<p>Im umgekehrten Falle bem\u00fchen wir uns darum, denjenigen Assistenz zu vermitteln, die in Berlin Urlaub machen m\u00f6chten und auf Unterst\u00fctzung angewiesen sind. Entsprechende Anfragen senden Sie bitte an <a href=\"mailto:ad@adberlin.com\">ad@adberlin.com.<\/a><\/p>\n<p>&nbsp;<\/p>\n<p>&gt; Plakatserie \u201cReise- und Urlaubserfahrungen von AssistenznehmerInnen\u201d:<\/p>\n\r\n\t<div class=\"slideshow_container slideshow_container_style-light\" style=\" max-width: 400px;\" data-slideshow-id=\"576\" data-style-name=\"style-light\" data-style-version=\"2.3.1\" >\r\n\r\n\t\t\t\t\t<div class=\"slideshow_loading_icon\"><\/div>\r\n\t\t\r\n\t\t<div class=\"slideshow_content\" style=\"display: none;\">\r\n\r\n\t\t\t<div class=\"slideshow_view\">\r\n\t\t\t\t<div class=\"slideshow_slide slideshow_slide_image\">\r\n\t\t\t\t\t\t\t\t\t\t\t<img src=\"https:\/\/www.adberlin.com\/neu\/wp-content\/uploads\/2013\/07\/az_web.jpg\" alt=\"az_web\" width=\"602\" height=\"843\" \/>\r\n\t\t\t\t\t\t\t\t\t\t<div class=\"slideshow_description_box slideshow_transparent\">\r\n\t\t\t\t\t\t<div class=\"slideshow_title\">az_web<\/div>\t\t\t\t\t\t\t\t\t\t\t<\/div>\r\n\t\t\t\t<\/div>\r\n\r\n\t\t\t\t\t\t<div style=\"clear: both;\"><\/div><\/div><div class=\"slideshow_view\">\r\n\t\t\t\t<div class=\"slideshow_slide slideshow_slide_image\">\r\n\t\t\t\t\t\t\t\t\t\t\t<img src=\"https:\/\/www.adberlin.com\/neu\/wp-content\/uploads\/2013\/07\/sl2_oN_web.jpg\" alt=\"sl2_oN_web\" width=\"593\" height=\"843\" \/>\r\n\t\t\t\t\t\t\t\t\t\t<div class=\"slideshow_description_box slideshow_transparent\">\r\n\t\t\t\t\t\t<div class=\"slideshow_title\">sl2_oN_web<\/div>\t\t\t\t\t\t\t\t\t\t\t<\/div>\r\n\t\t\t\t<\/div>\r\n\r\n\t\t\t\t\t\t<div style=\"clear: both;\"><\/div><\/div><div class=\"slideshow_view\">\r\n\t\t\t\t<div class=\"slideshow_slide slideshow_slide_image\">\r\n\t\t\t\t\t\t\t\t\t\t\t<img src=\"https:\/\/www.adberlin.com\/neu\/wp-content\/uploads\/2013\/07\/bg2_oN_web.jpg\" alt=\"bg2_oN_web\" width=\"577\" height=\"843\" \/>\r\n\t\t\t\t\t\t\t\t\t\t<div class=\"slideshow_description_box slideshow_transparent\">\r\n\t\t\t\t\t\t<div class=\"slideshow_title\">bg2_oN_web<\/div>\t\t\t\t\t\t\t\t\t\t\t<\/div>\r\n\t\t\t\t<\/div>\r\n\r\n\t\t\t\t\t\t<div style=\"clear: both;\"><\/div><\/div><div class=\"slideshow_view\">\r\n\t\t\t\t<div class=\"slideshow_slide slideshow_slide_image\">\r\n\t\t\t\t\t\t\t\t\t\t\t<img src=\"https:\/\/www.adberlin.com\/neu\/wp-content\/uploads\/2013\/07\/cs2_oN_web.jpg\" alt=\"cs2_oN_web\" width=\"606\" height=\"843\" \/>\r\n\t\t\t\t\t\t\t\t\t\t<div class=\"slideshow_description_box slideshow_transparent\">\r\n\t\t\t\t\t\t<div class=\"slideshow_title\">cs2_oN_web<\/div>\t\t\t\t\t\t\t\t\t\t\t<\/div>\r\n\t\t\t\t<\/div>\r\n\r\n\t\t\t\t\t\t<div style=\"clear: both;\"><\/div><\/div><div class=\"slideshow_view\">\r\n\t\t\t\t<div class=\"slideshow_slide slideshow_slide_image\">\r\n\t\t\t\t\t\t\t\t\t\t\t<img src=\"https:\/\/www.adberlin.com\/neu\/wp-content\/uploads\/2013\/07\/ff_oN_web.jpg\" alt=\"ff_oN_web\" width=\"602\" height=\"843\" \/>\r\n\t\t\t\t\t\t\t\t\t\t<div class=\"slideshow_description_box slideshow_transparent\">\r\n\t\t\t\t\t\t<div class=\"slideshow_title\">ff_oN_web<\/div>\t\t\t\t\t\t\t\t\t\t\t<\/div>\r\n\t\t\t\t<\/div>\r\n\r\n\t\t\t\t\t\t<div style=\"clear: both;\"><\/div><\/div><div class=\"slideshow_view\">\r\n\t\t\t\t<div class=\"slideshow_slide slideshow_slide_image\">\r\n\t\t\t\t\t\t\t\t\t\t\t<img src=\"https:\/\/www.adberlin.com\/neu\/wp-content\/uploads\/2013\/07\/fm2_oN_web.jpg\" alt=\"fm2_oN_web\" width=\"594\" height=\"843\" \/>\r\n\t\t\t\t\t\t\t\t\t\t<div class=\"slideshow_description_box slideshow_transparent\">\r\n\t\t\t\t\t\t<div class=\"slideshow_title\">fm2_oN_web<\/div>\t\t\t\t\t\t\t\t\t\t\t<\/div>\r\n\t\t\t\t<\/div>\r\n\r\n\t\t\t\t\t\t<div style=\"clear: both;\"><\/div><\/div><div class=\"slideshow_view\">\r\n\t\t\t\t<div class=\"slideshow_slide slideshow_slide_image\">\r\n\t\t\t\t\t\t\t\t\t\t\t<img src=\"https:\/\/www.adberlin.com\/neu\/wp-content\/uploads\/2013\/07\/gb_web_oN.jpg\" alt=\"gb_web_oN\" width=\"596\" height=\"843\" \/>\r\n\t\t\t\t\t\t\t\t\t\t<div class=\"slideshow_description_box slideshow_transparent\">\r\n\t\t\t\t\t\t<div class=\"slideshow_title\">gb_web_oN<\/div>\t\t\t\t\t\t\t\t\t\t\t<\/div>\r\n\t\t\t\t<\/div>\r\n\r\n\t\t\t\t\t\t<div style=\"clear: both;\"><\/div><\/div><div class=\"slideshow_view\">\r\n\t\t\t\t<div class=\"slideshow_slide slideshow_slide_image\">\r\n\t\t\t\t\t\t\t\t\t\t\t<img src=\"https:\/\/www.adberlin.com\/neu\/wp-content\/uploads\/2013\/07\/jk_oN_web.jpg\" alt=\"jk_oN_web\" width=\"595\" height=\"843\" \/>\r\n\t\t\t\t\t\t\t\t\t\t<div class=\"slideshow_description_box slideshow_transparent\">\r\n\t\t\t\t\t\t<div class=\"slideshow_title\">jk_oN_web<\/div>\t\t\t\t\t\t\t\t\t\t\t<\/div>\r\n\t\t\t\t<\/div>\r\n\r\n\t\t\t\t\t\t<div style=\"clear: both;\"><\/div><\/div><div class=\"slideshow_view\">\r\n\t\t\t\t<div class=\"slideshow_slide slideshow_slide_image\">\r\n\t\t\t\t\t\t\t\t\t\t\t<img src=\"https:\/\/www.adberlin.com\/neu\/wp-content\/uploads\/2013\/07\/jr_oN_web_2.jpg\" alt=\"jr_oN_web_2\" width=\"561\" height=\"807\" \/>\r\n\t\t\t\t\t\t\t\t\t\t<div class=\"slideshow_description_box slideshow_transparent\">\r\n\t\t\t\t\t\t<div class=\"slideshow_title\">jr_oN_web_2<\/div>\t\t\t\t\t\t\t\t\t\t\t<\/div>\r\n\t\t\t\t<\/div>\r\n\r\n\t\t\t\t\t\t<div style=\"clear: both;\"><\/div><\/div><div class=\"slideshow_view\">\r\n\t\t\t\t<div class=\"slideshow_slide slideshow_slide_image\">\r\n\t\t\t\t\t\t\t\t\t\t\t<img src=\"https:\/\/www.adberlin.com\/neu\/wp-content\/uploads\/2013\/07\/lh_oN_web.jpg\" alt=\"lh_oN_web\" width=\"599\" height=\"843\" \/>\r\n\t\t\t\t\t\t\t\t\t\t<div class=\"slideshow_description_box slideshow_transparent\">\r\n\t\t\t\t\t\t<div class=\"slideshow_title\">lh_oN_web<\/div>\t\t\t\t\t\t\t\t\t\t\t<\/div>\r\n\t\t\t\t<\/div>\r\n\r\n\t\t\t\t\t\t<div style=\"clear: both;\"><\/div><\/div><div class=\"slideshow_view\">\r\n\t\t\t\t<div class=\"slideshow_slide slideshow_slide_image\">\r\n\t\t\t\t\t\t\t\t\t\t\t<img src=\"https:\/\/www.adberlin.com\/neu\/wp-content\/uploads\/2013\/07\/rw_web_oN+.jpg\" alt=\"rw_web_oN+\" width=\"600\" height=\"843\" \/>\r\n\t\t\t\t\t\t\t\t\t\t<div class=\"slideshow_description_box slideshow_transparent\">\r\n\t\t\t\t\t\t<div class=\"slideshow_title\">rw_web_oN+<\/div>\t\t\t\t\t\t\t\t\t\t\t<\/div>\r\n\t\t\t\t<\/div>\r\n\r\n\t\t\t\t\t\t<div style=\"clear: both;\"><\/div><\/div><div class=\"slideshow_view\">\r\n\t\t\t\t<div class=\"slideshow_slide slideshow_slide_image\">\r\n\t\t\t\t\t\t\t\t\t\t\t<img src=\"https:\/\/www.adberlin.com\/neu\/wp-content\/uploads\/2013\/07\/sbs-as_oN_web.jpg\" alt=\"sbs-as_oN_web\" width=\"599\" height=\"843\" \/>\r\n\t\t\t\t\t\t\t\t\t\t<div class=\"slideshow_description_box slideshow_transparent\">\r\n\t\t\t\t\t\t<div class=\"slideshow_title\">sbs-as_oN_web<\/div>\t\t\t\t\t\t\t\t\t\t\t<\/div>\r\n\t\t\t\t<\/div>\r\n\r\n\t\t\t\t\t\t<div style=\"clear: both;\"><\/div><\/div>\r\n\t\t<\/div>\r\n\r\n\t\t<div class=\"slideshow_controlPanel slideshow_transparent\" style=\"display: none;\"><ul><li class=\"slideshow_togglePlay\" data-play-text=\"Abspielen\" data-pause-text=\"Pause\"><\/li><\/ul><\/div>\r\n\r\n\t\t<div class=\"slideshow_button slideshow_previous slideshow_transparent\" role=\"button\" data-previous-text=\"Zur\u00fcck\" style=\"display: none;\"><\/div>\r\n\t\t<div class=\"slideshow_button slideshow_next slideshow_transparent\" role=\"button\" data-next-text=\"N\u00e4chstes\" style=\"display: none;\"><\/div>\r\n\r\n\t\t<div class=\"slideshow_pagination\" style=\"display: none;\" data-go-to-text=\"Gehe zum Bild\"><div class=\"slideshow_pagination_center\"><\/div><\/div>\r\n\r\n\t\t<!-- WordPress Slideshow Version 2.3.1 -->\r\n\r\n\t\t\t<\/div>\r\n\r\n\n<p>&nbsp;<\/p>\n<p>&nbsp;<\/p>\n<p>&nbsp;<\/p>\n<p>&nbsp;<\/p>\n","protected":false},"excerpt":{"rendered":"<p>Urlaubs- bzw. Reiseassistenz Unsere AssistentInnen&nbsp; begleiten unsere KundInnen auch bei Urlaubs- und Wochenendreisen. Die Assistenzsituation auf Reisen ist f\u00fcr die behinderte Person und ihre Assistenzperson(en) oft eine besondere Herausforderung: Es gibt keine oder wenig R\u00fcckzugsm\u00f6glichkeiten, das individuell eingerichtete Bad fehlt, &#8230;<br \/> <a href=\"https:\/\/www.adberlin.com\/neu\/unser-angebot\/personliche-assistenz\/personliche-assistenz-in-besonderen-lebenssituationen\/urlaubs-bzw-reiseassistenz\" class=\"readmore_link\">weiterlesen<\/a><\/p>\n","protected":false},"author":3,"featured_media":0,"parent":426,"menu_order":0,"comment_status":"closed","ping_status":"closed","template":"","meta":[],"_links":{"self":[{"href":"https:\/\/www.adberlin.com\/neu\/wp-json\/wp\/v2\/pages\/440"}],"collection":[{"href":"https:\/\/www.adberlin.com\/neu\/wp-json\/wp\/v2\/pages"}],"about":[{"href":"https:\/\/www.adberlin.com\/neu\/wp-json\/wp\/v2\/types\/page"}],"author":[{"embeddable":true,"href":"https:\/\/www.adberlin.com\/neu\/wp-json\/wp\/v2\/users\/3"}],"replies":[{"embeddable":true,"href":"https:\/\/www.adberlin.com\/neu\/wp-json\/wp\/v2\/comments?post=440"}],"version-history":[{"count":12,"href":"https:\/\/www.adberlin.com\/neu\/wp-json\/wp\/v2\/pages\/440\/revisions"}],"predecessor-version":[{"id":4495,"href":"https:\/\/www.adberlin.com\/neu\/wp-json\/wp\/v2\/pages\/440\/revisions\/4495"}],"up":[{"embeddable":true,"href":"https:\/\/www.adberlin.com\/neu\/wp-json\/wp\/v2\/pages\/426"}],"wp:attachment":[{"href":"https:\/\/www.adberlin.com\/neu\/wp-json\/wp\/v2\/media?parent=440"}],"curies":[{"name":"wp","href":"https:\/\/api.w.org\/{rel}","templated":true}]}}