{"id":435,"date":"2013-07-17T13:22:23","date_gmt":"2013-07-17T13:22:23","guid":{"rendered":"http:\/\/www.adberlin.com\/neu\/?page_id=435"},"modified":"2023-12-08T21:18:03","modified_gmt":"2023-12-08T19:18:03","slug":"arbeitsassistenz","status":"publish","type":"page","link":"https:\/\/www.adberlin.com\/neu\/unser-angebot\/personliche-assistenz\/personliche-assistenz-in-besonderen-lebenssituationen\/arbeitsassistenz","title":{"rendered":"Arbeitsassistenz"},"content":{"rendered":"<p><b>Arbeitsassistenz\/Arbeitsplatzassistenz<\/b><\/p>\n<p>Im Rahmen der Assistenzleistungen im privaten Bereich erbringen wir f\u00fcr Menschen mit Behinderungen auch Arbeitsassistenz. Diese beinhaltet alle erforderlichen Unterst\u00fctzungsleistungen im Rahmen einer beruflichen T\u00e4tigkeit bzw. pr\u00e4ziser:<\/p>\n<blockquote><p>\u201edie \u00fcber gelegentliche Handreichungen hinausgehende, zeitlich wie t\u00e4tigkeitsbezogen regelm\u00e4\u00dfig wiederkehrende Unterst\u00fctzung von schwerbehinderten Menschen (Assistenznehmern) bei der Arbeitsausf\u00fchrung in Form einer von ihnen beauftragten Assistenzkraft im Rahmen der Erlangung oder Erhaltung eines Arbeitsplatzes auf dem allgemeinen Arbeitsmarkt\u201c,<\/p><\/blockquote>\n<p>so die Bundesarbeitsgemeinschaft der Integrations\u00e4mter und Hauptf\u00fcrsorgestellen (BIH) in ihren g\u00fcltigen Empfehlungen zur Arbeitsassistenz.<\/p>\n<p>&nbsp;<\/p>\n<p>Arbeitsassistenz ist die einzige Form der pers\u00f6nlichen Assistenz, auf die ein Rechtsanspruch besteht (vgl. <a href=\"https:\/\/www.gesetze-im-internet.de\/sgb_9_2018\/__49.html\">\u00a7 49 Abs. 8 SGB IX<\/a> sowie <a href=\"https:\/\/www.gesetze-im-internet.de\/sgb_9_2018\/__185.html\">\u00a7 185 Abs. 5 SGB IX<\/a>) und die einkommensunabh\u00e4ngig gew\u00e4hrt wird.<\/p>\n<p>Wie bei der Studienassistenz ist es auch bei der Arbeitsassistenz von Vorteil, wenn die Assistenzkraft nicht ganz \u201cfachfremd\u201d ist.<\/p>\n<p>Mehr Informationen: <a href=\"http:\/\/www.arbeitsassistenz.de\">Bundesarbeitsgemeinschaft f\u00fcr unterst\u00fctzte Besch\u00e4ftigung e. V.<\/a><\/p>\n","protected":false},"excerpt":{"rendered":"<p>Arbeitsassistenz\/Arbeitsplatzassistenz Im Rahmen der Assistenzleistungen im privaten Bereich erbringen wir f\u00fcr Menschen mit Behinderungen auch Arbeitsassistenz. Diese beinhaltet alle erforderlichen Unterst\u00fctzungsleistungen im Rahmen einer beruflichen T\u00e4tigkeit bzw. pr\u00e4ziser: \u201edie \u00fcber gelegentliche Handreichungen hinausgehende, zeitlich wie t\u00e4tigkeitsbezogen regelm\u00e4\u00dfig wiederkehrende Unterst\u00fctzung von &#8230;<br \/> <a href=\"https:\/\/www.adberlin.com\/neu\/unser-angebot\/personliche-assistenz\/personliche-assistenz-in-besonderen-lebenssituationen\/arbeitsassistenz\" class=\"readmore_link\">weiterlesen<\/a><\/p>\n","protected":false},"author":3,"featured_media":805,"parent":426,"menu_order":0,"comment_status":"closed","ping_status":"closed","template":"","meta":[],"_links":{"self":[{"href":"https:\/\/www.adberlin.com\/neu\/wp-json\/wp\/v2\/pages\/435"}],"collection":[{"href":"https:\/\/www.adberlin.com\/neu\/wp-json\/wp\/v2\/pages"}],"about":[{"href":"https:\/\/www.adberlin.com\/neu\/wp-json\/wp\/v2\/types\/page"}],"author":[{"embeddable":true,"href":"https:\/\/www.adberlin.com\/neu\/wp-json\/wp\/v2\/users\/3"}],"replies":[{"embeddable":true,"href":"https:\/\/www.adberlin.com\/neu\/wp-json\/wp\/v2\/comments?post=435"}],"version-history":[{"count":7,"href":"https:\/\/www.adberlin.com\/neu\/wp-json\/wp\/v2\/pages\/435\/revisions"}],"predecessor-version":[{"id":4816,"href":"https:\/\/www.adberlin.com\/neu\/wp-json\/wp\/v2\/pages\/435\/revisions\/4816"}],"up":[{"embeddable":true,"href":"https:\/\/www.adberlin.com\/neu\/wp-json\/wp\/v2\/pages\/426"}],"wp:featuredmedia":[{"embeddable":true,"href":"https:\/\/www.adberlin.com\/neu\/wp-json\/wp\/v2\/media\/805"}],"wp:attachment":[{"href":"https:\/\/www.adberlin.com\/neu\/wp-json\/wp\/v2\/media?parent=435"}],"curies":[{"name":"wp","href":"https:\/\/api.w.org\/{rel}","templated":true}]}}