{"id":432,"date":"2013-07-17T13:17:21","date_gmt":"2013-07-17T13:17:21","guid":{"rendered":"http:\/\/www.adberlin.com\/neu\/?page_id=432"},"modified":"2014-06-16T15:50:43","modified_gmt":"2014-06-16T13:50:43","slug":"studienassistenz","status":"publish","type":"page","link":"https:\/\/www.adberlin.com\/neu\/unser-angebot\/personliche-assistenz\/personliche-assistenz-in-besonderen-lebenssituationen\/studienassistenz","title":{"rendered":"Studienassistenz"},"content":{"rendered":"<p><b>Studienassistenz<\/b><\/p>\n<p>Viele k\u00f6rperlich eingeschr\u00e4nkte Menschen ben\u00f6tigen Unterst\u00fctzung, wenn sie an einer Hochschule studieren. Diese Hilfe kann bei k\u00f6rperlich behinderten Menschen bestehen aus der Unterst\u00fctzung<\/p>\n<ul>\n<li>bei der Mobilit\u00e4t (zur Hochschule, zwischen den verschiedenen R\u00e4umen bzw. Geb\u00e4uden der Hochschule, auf dem Weg von der Hochschule nach Hause),<\/li>\n<li>beim Mitschreiben in Vorlesungen, Seminaren und \u00dcbungen,<\/li>\n<li>bei der Recherche und der Buchausleihe in der Bibliothek,<\/li>\n<li>beim Kopieren von B\u00fcchern bzw. Artikeln,<\/li>\n<li>beim Tippen von Hausarbeiten,<\/li>\n<li>oder bei Toiletteng\u00e4ngen bzw. beim Essen in der Mensa.<\/li>\n<\/ul>\n<p>&nbsp;<\/p>\n<p>Mehr Informationen zum Thema Studienassistenz finden Sie <a href=\"http:\/\/www.behinderung-und-studium.de\/dokumentationen\/assistenzfinanzierung\/situation-der-finanzierung\">hier<\/a>.<\/p>\n","protected":false},"excerpt":{"rendered":"<p>Studienassistenz Viele k\u00f6rperlich eingeschr\u00e4nkte Menschen ben\u00f6tigen Unterst\u00fctzung, wenn sie an einer Hochschule studieren. Diese Hilfe kann bei k\u00f6rperlich behinderten Menschen bestehen aus der Unterst\u00fctzung bei der Mobilit\u00e4t (zur Hochschule, zwischen den verschiedenen R\u00e4umen bzw. Geb\u00e4uden der Hochschule, auf dem Weg &#8230;<br \/> <a href=\"https:\/\/www.adberlin.com\/neu\/unser-angebot\/personliche-assistenz\/personliche-assistenz-in-besonderen-lebenssituationen\/studienassistenz\" class=\"readmore_link\">weiterlesen<\/a><\/p>\n","protected":false},"author":3,"featured_media":0,"parent":426,"menu_order":0,"comment_status":"closed","ping_status":"closed","template":"","meta":[],"_links":{"self":[{"href":"https:\/\/www.adberlin.com\/neu\/wp-json\/wp\/v2\/pages\/432"}],"collection":[{"href":"https:\/\/www.adberlin.com\/neu\/wp-json\/wp\/v2\/pages"}],"about":[{"href":"https:\/\/www.adberlin.com\/neu\/wp-json\/wp\/v2\/types\/page"}],"author":[{"embeddable":true,"href":"https:\/\/www.adberlin.com\/neu\/wp-json\/wp\/v2\/users\/3"}],"replies":[{"embeddable":true,"href":"https:\/\/www.adberlin.com\/neu\/wp-json\/wp\/v2\/comments?post=432"}],"version-history":[{"count":4,"href":"https:\/\/www.adberlin.com\/neu\/wp-json\/wp\/v2\/pages\/432\/revisions"}],"predecessor-version":[{"id":1407,"href":"https:\/\/www.adberlin.com\/neu\/wp-json\/wp\/v2\/pages\/432\/revisions\/1407"}],"up":[{"embeddable":true,"href":"https:\/\/www.adberlin.com\/neu\/wp-json\/wp\/v2\/pages\/426"}],"wp:attachment":[{"href":"https:\/\/www.adberlin.com\/neu\/wp-json\/wp\/v2\/media?parent=432"}],"curies":[{"name":"wp","href":"https:\/\/api.w.org\/{rel}","templated":true}]}}