{"id":426,"date":"2013-07-17T13:07:52","date_gmt":"2013-07-17T13:07:52","guid":{"rendered":"http:\/\/www.adberlin.com\/neu\/?page_id=426"},"modified":"2014-06-16T15:18:53","modified_gmt":"2014-06-16T13:18:53","slug":"personliche-assistenz-in-besonderen-lebenssituationen","status":"publish","type":"page","link":"https:\/\/www.adberlin.com\/neu\/unser-angebot\/personliche-assistenz\/personliche-assistenz-in-besonderen-lebenssituationen","title":{"rendered":"Pers\u00f6nliche Assistenz in besonderen Lebenssituationen"},"content":{"rendered":"<p>Wenn ein behinderter Mensch studiert, berufst\u00e4tig ist,\u00a0 in Urlaub f\u00e4hrt, ein Kind bekommt oder ins Krankenhaus muss, entsteht oft ein Assistenzbedarf neu oder der bereits vorhandene Assistenzbedarf vergr\u00f6\u00dfert sich.<\/p>\n<p>In diesen Lebenssituationen ist eine darauf abgestimmte pers\u00f6nliche Assistenz von\u00a0 n\u00f6tig, bei der es von Vorteil ist, wenn die Assistenzkraft \u00fcber besondere Kenntnisse verf\u00fcgt.<br \/>\nOft sind es dabei die \u00e4u\u00dferen Umst\u00e4nde, die pers\u00f6nliche Assistenz zeitweise belastender machen als \u201cnormalerweise\u201d.<\/p>\n<p>Als Beispiele f\u00fcr Pers\u00f6nliche Assistenz in besonderen Lebenssituationen, die ambulante dienste e. V. f\u00fcr ihre KundInnen zus\u00e4tzlich zur &#8222;normalen&#8220; pers\u00f6nlichen Assistenz in der eigenen Wohnung oder bei Freizeitaktivit\u00e4ten anbietet, werden hier beschrieben:<\/p>\n<ul>\n<li><a title=\"Elternassistenz\" href=\"https:\/\/www.adberlin.com\/neu\/unser-angebot\/personliche-assistenz\/personliche-assistenz-in-besonderen-lebenssituationen\/elternassistenz\">Elternassistenz<\/a>,<\/li>\n<li><a title=\"Studienassistenz\" href=\"https:\/\/www.adberlin.com\/neu\/unser-angebot\/personliche-assistenz\/personliche-assistenz-in-besonderen-lebenssituationen\/studienassistenz\">Studienassistenz<\/a>,<\/li>\n<li><a title=\"Arbeitsassistenz\" href=\"https:\/\/www.adberlin.com\/neu\/unser-angebot\/personliche-assistenz\/personliche-assistenz-in-besonderen-lebenssituationen\/arbeitsassistenz\">Arbeitsassistenz<\/a>,<\/li>\n<li><a title=\"Urlaubs- bzw. Reiseassistenz\" href=\"https:\/\/www.adberlin.com\/neu\/unser-angebot\/personliche-assistenz\/personliche-assistenz-in-besonderen-lebenssituationen\/urlaubs-bzw-reiseassistenz\">Urlaubs- bzw. Reiseassistenz<\/a> und<\/li>\n<li><a title=\"Assistenz im Krankenhaus\" href=\"https:\/\/www.adberlin.com\/neu\/unser-angebot\/personliche-assistenz\/personliche-assistenz-in-besonderen-lebenssituationen\/assistenz-im-krankenhaus\">Assistenz im Krankenhaus<\/a>.<\/li>\n<\/ul>\n<p>&nbsp;<\/p>\n","protected":false},"excerpt":{"rendered":"<p>Wenn ein behinderter Mensch studiert, berufst\u00e4tig ist,\u00a0 in Urlaub f\u00e4hrt, ein Kind bekommt oder ins Krankenhaus muss, entsteht oft ein Assistenzbedarf neu oder der bereits vorhandene Assistenzbedarf vergr\u00f6\u00dfert sich. In diesen Lebenssituationen ist eine darauf abgestimmte pers\u00f6nliche Assistenz von\u00a0 n\u00f6tig, &#8230;<br \/> <a href=\"https:\/\/www.adberlin.com\/neu\/unser-angebot\/personliche-assistenz\/personliche-assistenz-in-besonderen-lebenssituationen\" class=\"readmore_link\">weiterlesen<\/a><\/p>\n","protected":false},"author":3,"featured_media":0,"parent":403,"menu_order":0,"comment_status":"closed","ping_status":"closed","template":"","meta":[],"_links":{"self":[{"href":"https:\/\/www.adberlin.com\/neu\/wp-json\/wp\/v2\/pages\/426"}],"collection":[{"href":"https:\/\/www.adberlin.com\/neu\/wp-json\/wp\/v2\/pages"}],"about":[{"href":"https:\/\/www.adberlin.com\/neu\/wp-json\/wp\/v2\/types\/page"}],"author":[{"embeddable":true,"href":"https:\/\/www.adberlin.com\/neu\/wp-json\/wp\/v2\/users\/3"}],"replies":[{"embeddable":true,"href":"https:\/\/www.adberlin.com\/neu\/wp-json\/wp\/v2\/comments?post=426"}],"version-history":[{"count":8,"href":"https:\/\/www.adberlin.com\/neu\/wp-json\/wp\/v2\/pages\/426\/revisions"}],"predecessor-version":[{"id":1405,"href":"https:\/\/www.adberlin.com\/neu\/wp-json\/wp\/v2\/pages\/426\/revisions\/1405"}],"up":[{"embeddable":true,"href":"https:\/\/www.adberlin.com\/neu\/wp-json\/wp\/v2\/pages\/403"}],"wp:attachment":[{"href":"https:\/\/www.adberlin.com\/neu\/wp-json\/wp\/v2\/media?parent=426"}],"curies":[{"name":"wp","href":"https:\/\/api.w.org\/{rel}","templated":true}]}}