{"id":403,"date":"2013-07-17T11:56:00","date_gmt":"2013-07-17T11:56:00","guid":{"rendered":"http:\/\/www.adberlin.com\/neu\/?page_id=403"},"modified":"2025-07-08T18:03:30","modified_gmt":"2025-07-08T17:03:30","slug":"personliche-assistenz","status":"publish","type":"page","link":"https:\/\/www.adberlin.com\/neu\/unser-angebot\/personliche-assistenz","title":{"rendered":"Pers\u00f6nliche Assistenz"},"content":{"rendered":"<p><strong>Pers\u00f6nliche Assistenz erm\u00f6glicht es auch Menschen mit einem hohen Hilfebedarf, ein selbstbestimmtes Leben zu f\u00fchren und ihren Alltag bzw. ihren Tagesablauf selbst zu gestalten.<\/strong><\/p>\n<p>Pers\u00f6nliche Assistenz bezeichnet eine ganzheitliche Unterst\u00fctzung bzw. Hilfeleistung eines behinderten Menschen in allen Lebensbereichen:<\/p>\n<ul>\n<li>bei der K\u00f6rperpflege<br \/>\n(z. B. beim Duschen, bei der Mund- und Zahnpflege und beim An- und Auskleiden),<\/li>\n<li>bei der Ern\u00e4hrung<br \/>\n(dazu geh\u00f6rt u. a. die Unterst\u00fctzung beim Einkaufen, bei der Zubereitung von Mahlzeiten und beim Essen und Trinken),<\/li>\n<li>im Haushalt<br \/>\n(z. B. beim Putzen der Wohnung, beim Absp\u00fclen oder W\u00e4sche waschen),<\/li>\n<li>bei der Kommunikation<br \/>\n(beispielsweise beim Tippen von Briefen bzw. E-Mails oder beim Dolmetschen im Falle einer Sprechbehinderung),<\/li>\n<li>bei der Mobilit\u00e4t bzw. der Begleitung au\u00dferhalb der eigenen Wohnung \u2013 sowohl zu Freizeitaktivit\u00e4ten, als auch zu Arzt- bzw. Therapieterminen oder in die Universit\u00e4t bzw. zur Arbeitsstelle,<\/li>\n<li>beim Bewegen und bei der Fortbewegung<br \/>\n(z. B. beim Transfer in und aus dem Rollstuhl)<\/li>\n<li>sowie bei allen im Alltag notwendig werdenden Handreichungen.<\/li>\n<\/ul>\n<p>Unter pers\u00f6nliche Assistenz ist auch die Anwesenheit in unvorhergesehenen und\/oder gef\u00e4hrlichen Situationen zu verstehen, in denen schnelle und\/oder sachkundige Hilfe notwendig ist.<\/p>\n<p>Der Umfang der Assistenz richtet sich nach dem individuellen Bedarf \u2013 er kann variieren zwischen wenigen Stunden am Tag und Assistenz \u201erund um die Uhr\u201c.<\/p>\n<p>Im Unterschied zu anderen Hilfeformen entscheidet die behinderte Person bei pers\u00f6nlicher Assistenz dar\u00fcber, wer ihr wann, wo, bei welchen T\u00e4tigkeiten in welcher Form hilft. [<a title=\"Rechte der AssistenznehmerInnen\" href=\"https:\/\/www.adberlin.com\/neu\/unser-angebot\/personliche-assistenz\/rechte-der-assistenznehmerinnen\">Rechte von Assistenznehmer*innen<\/a>]<\/p>\n<p>Je nach pers\u00f6nlicher Lebenslage sind <a title=\"Pers\u00f6nliche Assistenz in besonderen Lebenssituationen\" href=\"https:\/\/www.adberlin.com\/neu\/unser-angebot\/personliche-assistenz\/personliche-assistenz-in-besonderen-lebenssituationen\">spezielle Arten von pers\u00f6nlicher Assistenz<\/a> erforderlich.<\/p>\n<p>In Berlin wird Pers\u00f6nliche Assistenz als Komplexleistung im Rahmen der Eingliederungshilfe finanziert. N\u00e4heres dazu <a title=\"Finanzierung von pers\u00f6nlicher Assistenz\" href=\"https:\/\/www.adberlin.com\/neu\/unser-angebot\/personliche-assistenz\/finanzierung-von-personlicher-assistenz\">hier<\/a>.<\/p>\n<p>&nbsp;<\/p>\n<p><strong>Wenn Sie einen Assistenzbedarf haben, wenden Sie sich bitte an unsere <a title=\"Die Einsatzstelle in Berlin-Kreuzberg\" href=\"https:\/\/www.adberlin.com\/neu\/assistenzdienst\/einsatzstelle\">Einsatzstelle<\/a>. Wir versuchen, die f\u00fcr Sie notwendige Unterst\u00fctzung zu organisieren &#8211; sei es dauerhaft oder nur <a title=\"zeitlich befristete Assistenz\" href=\"https:\/\/www.adberlin.com\/neu\/unser-angebot\/personliche-assistenz\/personliche-assistenz-in-besonderen-lebenssituationen\/zeitlich-befristete-assistenz\">zeitlich befristet<\/a> (z. B. bei einem Urlaubsaufenthalt oder w\u00e4hrend der Zeit eines Praktikums in Berlin).<\/strong><\/p>\n<p>&nbsp;<\/p>\n<div>\n<p>&gt; <a href=\"http:\/\/www.adberlin.com\/downloads\/Flyer_persoenliche-Assistenz_web.pdf\">Pers\u00f6nliche Assistenz<\/a> ( PDF )<br \/>\n&gt; <a href=\"http:\/\/adberlin.com\/film2010\/index.html\">Film &#8222;Rein ins Leben mit pers\u00f6nlicher Assistenz&#8220;<\/a><\/p>\n<\/div>\n","protected":false},"excerpt":{"rendered":"<p>Pers\u00f6nliche Assistenz erm\u00f6glicht es auch Menschen mit einem hohen Hilfebedarf, ein selbstbestimmtes Leben zu f\u00fchren und ihren Alltag bzw. ihren Tagesablauf selbst zu gestalten. Pers\u00f6nliche Assistenz bezeichnet eine ganzheitliche Unterst\u00fctzung bzw. Hilfeleistung eines behinderten Menschen in allen Lebensbereichen: bei der &#8230;<br \/> <a href=\"https:\/\/www.adberlin.com\/neu\/unser-angebot\/personliche-assistenz\" class=\"readmore_link\">weiterlesen<\/a><\/p>\n","protected":false},"author":3,"featured_media":811,"parent":400,"menu_order":0,"comment_status":"closed","ping_status":"closed","template":"","meta":[],"_links":{"self":[{"href":"https:\/\/www.adberlin.com\/neu\/wp-json\/wp\/v2\/pages\/403"}],"collection":[{"href":"https:\/\/www.adberlin.com\/neu\/wp-json\/wp\/v2\/pages"}],"about":[{"href":"https:\/\/www.adberlin.com\/neu\/wp-json\/wp\/v2\/types\/page"}],"author":[{"embeddable":true,"href":"https:\/\/www.adberlin.com\/neu\/wp-json\/wp\/v2\/users\/3"}],"replies":[{"embeddable":true,"href":"https:\/\/www.adberlin.com\/neu\/wp-json\/wp\/v2\/comments?post=403"}],"version-history":[{"count":16,"href":"https:\/\/www.adberlin.com\/neu\/wp-json\/wp\/v2\/pages\/403\/revisions"}],"predecessor-version":[{"id":5571,"href":"https:\/\/www.adberlin.com\/neu\/wp-json\/wp\/v2\/pages\/403\/revisions\/5571"}],"up":[{"embeddable":true,"href":"https:\/\/www.adberlin.com\/neu\/wp-json\/wp\/v2\/pages\/400"}],"wp:featuredmedia":[{"embeddable":true,"href":"https:\/\/www.adberlin.com\/neu\/wp-json\/wp\/v2\/media\/811"}],"wp:attachment":[{"href":"https:\/\/www.adberlin.com\/neu\/wp-json\/wp\/v2\/media?parent=403"}],"curies":[{"name":"wp","href":"https:\/\/api.w.org\/{rel}","templated":true}]}}