{"id":400,"date":"2013-07-17T11:26:50","date_gmt":"2013-07-17T11:26:50","guid":{"rendered":"http:\/\/www.adberlin.com\/neu\/?page_id=400"},"modified":"2021-06-28T17:23:30","modified_gmt":"2021-06-28T15:23:30","slug":"unser-angebot","status":"publish","type":"page","link":"https:\/\/www.adberlin.com\/neu\/unser-angebot","title":{"rendered":"Unser Angebot"},"content":{"rendered":"<p>Das Angebot von ambulante dienste e. V. besteht im Wesentlichen aus drei S\u00e4ulen:<\/p>\n<ul>\n<li>die <a title=\"Pers\u00f6nliche Assistenz\" href=\"https:\/\/www.adberlin.com\/neu\/unser-angebot\/personliche-assistenz\">Vermittlung von pers\u00f6nlichen Assistent*innen<\/a> zur Sicherstellung Ihres Assistenzbedarfs.<\/li>\n<li>die <a title=\"Beratung\" href=\"https:\/\/www.adberlin.com\/neu\/unser-angebot\/beratung\">Beratung<\/a> zu psychosozialen, pflegefachlichen und\/oder\u00a0 juristischen Themen,<\/li>\n<li>die <a title=\"Qualifizierung von AssistentInnen\" href=\"https:\/\/www.adberlin.com\/neu\/unser-angebot\/qualifizierung-von-assistentinnen\">Qualifizierung und Fortbildung von Assistent*innen<\/a>.<\/li>\n<\/ul>\n<p>Zus\u00e4tzlich bieten wir f\u00fcr diejenigen, die ihre Leistungen in Form eines pers\u00f6nlichen Budgets erhalten, einige speziell auf ihre Situation zugeschnittene Leistungen an. N\u00e4heres dazu <a title=\"Dienstleistungen f\u00fcr BezieherInnen eines Pers\u00f6nlichen Budgets\" href=\"https:\/\/www.adberlin.com\/neu\/unser-angebot\/dienstleistungen-fur-bezieherinnen-eines-personlichen-budgets\">hier<\/a>.<\/p>\n<p>Nutzer*innen von pers\u00f6nlicher Assistenz haben dar\u00fcber hinaus die M\u00f6glichkeit, an einer Gespr\u00e4chsgruppe teilzunehmen, die Beratung nach dem Peer-Counselling-Prinzip (Betroffene beraten Betroffene) anbietet. N\u00e4heres dazu <a title=\"Angebote f\u00fcr AssistenznehmerInnen\" href=\"https:\/\/www.adberlin.com\/neu\/unser-angebot\/angebote-fur-assistenznehmerinnen\">hier<\/a>.<\/p>\n<p>Au\u00dferdem stellen wir unseren Vereinsmitgliedern unsere <a title=\"DJH-Gruppenkarte\" href=\"https:\/\/www.adberlin.com\/neu\/unser-angebot\/djh-gruppenkarte\">Gruppenkarte des Deutschen Jugendherbergswerks e. V. zur \u00dcbernachtung in Jugendherbergen<\/a> zur Verf\u00fcgung.<\/p>\n<div>\n<p>ambulante dienste e. V. ist als ein von der\u00a0<a href=\"http:\/\/www.dmsg.de\/\" target=\"_blank\">DMSG<\/a> gepr\u00fcfter und ausgezeichneter Pflegedienst Mitglied im <a href=\"http:\/\/www.paritaet-berlin.de\/startseite.html\">Landesverband Berlin des PARIT\u00c4TISCHEN<\/a>.<\/p>\n<\/div>\n","protected":false},"excerpt":{"rendered":"<p>Das Angebot von ambulante dienste e. V. besteht im Wesentlichen aus drei S\u00e4ulen: die Vermittlung von pers\u00f6nlichen Assistent*innen zur Sicherstellung Ihres Assistenzbedarfs. die Beratung zu psychosozialen, pflegefachlichen und\/oder\u00a0 juristischen Themen, die Qualifizierung und Fortbildung von Assistent*innen. Zus\u00e4tzlich bieten wir f\u00fcr &#8230;<br \/> <a href=\"https:\/\/www.adberlin.com\/neu\/unser-angebot\" class=\"readmore_link\">weiterlesen<\/a><\/p>\n","protected":false},"author":3,"featured_media":0,"parent":0,"menu_order":0,"comment_status":"closed","ping_status":"closed","template":"","meta":[],"_links":{"self":[{"href":"https:\/\/www.adberlin.com\/neu\/wp-json\/wp\/v2\/pages\/400"}],"collection":[{"href":"https:\/\/www.adberlin.com\/neu\/wp-json\/wp\/v2\/pages"}],"about":[{"href":"https:\/\/www.adberlin.com\/neu\/wp-json\/wp\/v2\/types\/page"}],"author":[{"embeddable":true,"href":"https:\/\/www.adberlin.com\/neu\/wp-json\/wp\/v2\/users\/3"}],"replies":[{"embeddable":true,"href":"https:\/\/www.adberlin.com\/neu\/wp-json\/wp\/v2\/comments?post=400"}],"version-history":[{"count":15,"href":"https:\/\/www.adberlin.com\/neu\/wp-json\/wp\/v2\/pages\/400\/revisions"}],"predecessor-version":[{"id":4016,"href":"https:\/\/www.adberlin.com\/neu\/wp-json\/wp\/v2\/pages\/400\/revisions\/4016"}],"wp:attachment":[{"href":"https:\/\/www.adberlin.com\/neu\/wp-json\/wp\/v2\/media?parent=400"}],"curies":[{"name":"wp","href":"https:\/\/api.w.org\/{rel}","templated":true}]}}