{"id":393,"date":"2013-07-16T13:49:37","date_gmt":"2013-07-16T13:49:37","guid":{"rendered":"http:\/\/www.adberlin.com\/neu\/?page_id=393"},"modified":"2022-05-25T14:38:23","modified_gmt":"2022-05-25T12:38:23","slug":"aktivitaeten","status":"publish","type":"page","link":"https:\/\/www.adberlin.com\/neu\/der-verein-ambulante-dienste-e-v\/aktivitaeten","title":{"rendered":"Unsere Aktivit\u00e4ten und Feste"},"content":{"rendered":"<p>&nbsp;<\/p>\n<table border=\"1\" cellspacing=\"0\" cellpadding=\"0\">\n<tbody>\n<tr>\n<td valign=\"top\">2022<\/td>\n<td valign=\"top\">29. Mai: Er\u00f6ffnung bzw. Freischaltung der <a title=\"virtuelle Dauerausstellung zum 40(+1)-j\u00e4hrigen Bestehen von ambulante dienste e. V.\" href=\"https:\/\/www.adberlin.com\/neu\/der-verein-ambulante-dienste-e-v\/virtuelle-dauerausstellung\">virtuellen Dauerausstellung zum 40(+1)-j\u00e4hrigen Bestehen von ambulante dienste e. V.<\/a><\/td>\n<\/tr>\n<tr>\n<td valign=\"top\">2021<\/td>\n<td valign=\"top\"><a href=\"http:\/\/www.adberlin.com\/downloads\/2021-05-10%20_%2040%20Jahre%20ambulante%20Dienste%20_%20Endfassung.pdf\">Artikel zum 40-j\u00e4hrigen Bestehen des Vereins am 08.05.2021<\/a><\/td>\n<\/tr>\n<tr>\n<td valign=\"top\">2019<\/td>\n<td valign=\"top\">Herausgabe der Brosch\u00fcre<br \/>\n<a title=\"Wir \u00fcber uns\" href=\"http:\/\/www.adberlin.com\/downloads\/Selbst Bestimmt Leben mit Persoenlicher Assistenz (2019).pdf\">\u201cSelbst Bestimmt Leben mit Pers\u00f6nlicher Assistenz\u201d<\/a><\/td>\n<\/tr>\n<tr>\n<td valign=\"top\">2018<\/td>\n<td valign=\"top\"><a title=\"Sommerfest 2016\" href=\"https:\/\/www.adberlin.com\/neu\/der-verein-ambulante-dienste-e-v\/ad-geschichte\/sommerfest-2018\">Sommerfest im &#8222;S\u00fcdblock&#8220;<\/a><\/td>\n<\/tr>\n<tr>\n<td valign=\"top\">2016<\/td>\n<td valign=\"top\"><a title=\"Sommerfest 2016\" href=\"https:\/\/www.adberlin.com\/neu\/der-verein-ambulante-dienste-e-v\/ad-geschichte\/sommerfest-2016\">Sommerfest im &#8222;S\u00fcdblock&#8220;<\/a><\/td>\n<\/tr>\n<tr>\n<td valign=\"top\">2016<\/td>\n<td valign=\"top\"><a title=\"Ausstellung von Jens R\u00f6\u00dfiger\" href=\"https:\/\/www.adberlin.com\/neu\/der-verein-ambulante-dienste-e-v\/aktivitaeten\/ausstellung-von-jens-roessiger\">Ausstellung mit Werken von Jens R\u00f6\u00dfiger<\/a><\/td>\n<\/tr>\n<tr>\n<td valign=\"top\">2016<\/td>\n<td valign=\"top\"><a title=\"Ausstellung von Veronica van de Vorst\" href=\"https:\/\/www.adberlin.com\/neu\/der-verein-ambulante-dienste-e-v\/aktivitaeten\/ausstellung-von-veronica-van-de-vorst\">Ausstellung mit Werken von Veronica van de Vorst<\/a><\/td>\n<\/tr>\n<tr>\n<td valign=\"top\">2015<\/td>\n<td valign=\"top\"><a title=\"Marita Jansen\" href=\"https:\/\/www.adberlin.com\/neu\/marita-jansen\">Ausstellung mit Werken von Marita Jansen<\/a><\/td>\n<\/tr>\n<tr>\n<td valign=\"top\">2015<\/td>\n<td valign=\"top\"><a title=\"Sommerfest 2015\" href=\"https:\/\/www.adberlin.com\/neu\/der-verein-ambulante-dienste-e-v\/ad-geschichte\/sommerfest-2015\">Sommerfest im &#8222;S\u00fcdblock&#8220;<\/a><\/td>\n<\/tr>\n<tr>\n<td valign=\"top\">2014<\/td>\n<td valign=\"top\"><a title=\"Sommerfest 2014\" href=\"https:\/\/www.adberlin.com\/neu\/der-verein-ambulante-dienste-e-v\/ad-geschichte\/sommerfest-2014\">Sommerfest im &#8222;S\u00fcdblock&#8220;<\/a><\/td>\n<\/tr>\n<tr>\n<td valign=\"top\">2013<\/td>\n<td valign=\"top\"><a title=\"Sommerfest 2013\" href=\"https:\/\/www.adberlin.com\/neu\/der-verein-ambulante-dienste-e-v\/ad-geschichte\/sommerfest-2013\">Sommerfest im &#8222;S\u00fcdblock&#8220;<\/a><\/td>\n<\/tr>\n<tr>\n<td valign=\"top\">2012<\/td>\n<td valign=\"top\"><a title=\"Sommerfest 2012\" href=\"https:\/\/www.adberlin.com\/neu\/der-verein-ambulante-dienste-e-v\/ad-geschichte\/sommerfest-2012\">Sommerfest im &#8222;S\u00fcdblock&#8220;<\/a><\/td>\n<\/tr>\n<tr>\n<td valign=\"top\">2011<\/td>\n<td valign=\"top\"><a title=\"30 Jahre amulante dienste e. V.\" href=\"https:\/\/www.adberlin.com\/neu\/der-verein-ambulante-dienste-e-v\/ad-geschichte\/30-jahre-ad\">Feierlichkeiten zum 30-j\u00e4hrigen Bestehen<\/a><\/td>\n<\/tr>\n<tr>\n<td valign=\"top\">2011<\/td>\n<td valign=\"top\"><a title=\"Beteiligung an der Demonstration \u201cRettungsschirme f\u00fcr alle\u201d am 10.5.2011\" href=\"https:\/\/www.adberlin.com\/neu\/der-verein-ambulante-dienste-e-v\/ad-geschichte\/beteiligung-an-der-demonstration-rettungsschirme-fuer-alle-am-10-5-2011\">Beteiligung von ambulante dienste an der Demonstration &#8222;Rettungsschirme f\u00fcr alle&#8220; am 10.5.2011<\/a><\/td>\n<\/tr>\n<tr>\n<td valign=\"top\">2010\/2011<\/td>\n<td valign=\"top\">Beteiligung an den Aktionen zur Durchsetzung einer h\u00f6heren Verg\u00fctung f\u00fcr pers\u00f6nliche Assistenz:\u00a0<a href=\"http:\/\/www.adberlin.com\/buendnis\" target=\"_blank\">\u201cKranaktion\u201d des B\u00fcndnisses f\u00fcr selbstbestimmtes Leben am 25.10.2010<\/a>, <a title=\"Mahnwache zur Durchsetzung einer h\u00f6heren Verg\u00fctung f\u00fcr pers\u00f6nliche Assistenz am 31.5.2011\" href=\"https:\/\/www.adberlin.com\/neu\/der-verein-ambulante-dienste-e-v\/ad-geschichte\/mahnwache-zur-durchsetzung-einer-hoeheren-verguetung-fuer-persoenliche-assistenz-am-31-5-2011\">Mahnwache am 31.5.2011<\/a>, <a title=\"Demonstration zur Durchsetzung einer h\u00f6heren Verg\u00fctung f\u00fcr pers\u00f6nliche Assistenz am 8.6.2011\" href=\"https:\/\/www.adberlin.com\/neu\/der-verein-ambulante-dienste-e-v\/ad-geschichte\/demonstration-zur-durchsetzung-einer-hoeheren-verguetung-fuer-persoenliche-assistenz-am-8-6-2011\">Demonstration am 8.6.2011<\/a><\/td>\n<\/tr>\n<tr>\n<td valign=\"top\">2010<\/td>\n<td valign=\"top\"><a title=\"Sommerfest am 4.9.2010 im pinellodrom\" href=\"https:\/\/www.adberlin.com\/neu\/der-verein-ambulante-dienste-e-v\/ad-geschichte\/sommerfest-am-4-9-2010-im-pinellodrom\">Sommerfest im pinellodrom<\/a><\/td>\n<\/tr>\n<tr>\n<td valign=\"top\">&#8230;<\/td>\n<td valign=\"top\"><\/td>\n<\/tr>\n<tr>\n<td valign=\"top\">&#8230;<\/td>\n<td valign=\"top\"><\/td>\n<\/tr>\n<tr>\n<td valign=\"top\">2001<\/td>\n<td valign=\"top\">Herausgabe der Brosch\u00fcre<br \/>\n<a href=\"http:\/\/www.adberlin.com\/downloads\/Wenn Menschenwuede zum Luxus wird (2001).pdf\">\u201cWenn Menschenw\u00fcrde zum Luxus wird\u201d<br \/>\n<\/a>zum 20j\u00e4hrigen Bestehen<\/td>\n<\/tr>\n<tr>\n<td valign=\"top\">1991<\/td>\n<td valign=\"top\">Herausgabe der Brosch\u00fcre<br \/>\n<a href=\"http:\/\/www.adberlin.com\/downloads\/Ambulante Hilfe ohne Grenzen. Wenn Menschenwuerde zum Luxus wird (1991).pdf\">\u201cAmbulante Hilfe ohne Grenzen. Wenn Menschenwuerde zum Luxus wird\u201d<br \/>\n<\/a>zum 10j\u00e4hrigen Bestehen<\/td>\n<\/tr>\n<tr>\n<td valign=\"top\">1981<\/td>\n<td valign=\"top\">Gr\u00fcndung von ambulante dienste e. V.<\/td>\n<\/tr>\n<\/tbody>\n<\/table>\n","protected":false},"excerpt":{"rendered":"<p>&nbsp; 2022 29. Mai: Er\u00f6ffnung bzw. Freischaltung der virtuellen Dauerausstellung zum 40(+1)-j\u00e4hrigen Bestehen von ambulante dienste e. V. 2021 Artikel zum 40-j\u00e4hrigen Bestehen des Vereins am 08.05.2021 2019 Herausgabe der Brosch\u00fcre \u201cSelbst Bestimmt Leben mit Pers\u00f6nlicher Assistenz\u201d 2018 Sommerfest im &#8230;<br \/> <a href=\"https:\/\/www.adberlin.com\/neu\/der-verein-ambulante-dienste-e-v\/aktivitaeten\" class=\"readmore_link\">weiterlesen<\/a><\/p>\n","protected":false},"author":3,"featured_media":0,"parent":358,"menu_order":0,"comment_status":"closed","ping_status":"closed","template":"","meta":[],"_links":{"self":[{"href":"https:\/\/www.adberlin.com\/neu\/wp-json\/wp\/v2\/pages\/393"}],"collection":[{"href":"https:\/\/www.adberlin.com\/neu\/wp-json\/wp\/v2\/pages"}],"about":[{"href":"https:\/\/www.adberlin.com\/neu\/wp-json\/wp\/v2\/types\/page"}],"author":[{"embeddable":true,"href":"https:\/\/www.adberlin.com\/neu\/wp-json\/wp\/v2\/users\/3"}],"replies":[{"embeddable":true,"href":"https:\/\/www.adberlin.com\/neu\/wp-json\/wp\/v2\/comments?post=393"}],"version-history":[{"count":30,"href":"https:\/\/www.adberlin.com\/neu\/wp-json\/wp\/v2\/pages\/393\/revisions"}],"predecessor-version":[{"id":4220,"href":"https:\/\/www.adberlin.com\/neu\/wp-json\/wp\/v2\/pages\/393\/revisions\/4220"}],"up":[{"embeddable":true,"href":"https:\/\/www.adberlin.com\/neu\/wp-json\/wp\/v2\/pages\/358"}],"wp:attachment":[{"href":"https:\/\/www.adberlin.com\/neu\/wp-json\/wp\/v2\/media?parent=393"}],"curies":[{"name":"wp","href":"https:\/\/api.w.org\/{rel}","templated":true}]}}