{"id":3797,"date":"2020-08-07T17:36:26","date_gmt":"2020-08-07T15:36:26","guid":{"rendered":"http:\/\/www.adberlin.com\/neu\/?page_id=3797"},"modified":"2023-03-29T19:10:00","modified_gmt":"2023-03-29T17:10:00","slug":"videos-zum-thema-behinderung-allgemein","status":"publish","type":"page","link":"https:\/\/www.adberlin.com\/neu\/weiterfuerende-informationen\/videos-zum-thema-behinderung-allgemein","title":{"rendered":"Videos zum Thema Behinderung (allgemein)"},"content":{"rendered":"<p>(Auswahl)<\/p>\n<p>&nbsp;<\/p>\n<ul>\n<li style=\"margin-bottom: 20px;\"><a href=\"https:\/\/www.youtube.com\/watch?v=a8VX7QRW1GI\">lieber arm dran als arm ab<\/a><br \/>\nFilm \u00fcber die Proteste anl\u00e4sslich des Jahrs der Behinderten 1981<\/li>\n<li style=\"margin-bottom: 20px;\"><a href=\"https:\/\/www.youtube.com\/watch?v=OFS8SpwioZ4\">Crip Camp: A Disability Revolution<\/a><br \/>\n(englischsprachig, englische Untertitel einblendbar, ohne Audiodeskription)<br \/>\n[108-min\u00fctiger Dokumentarfilm aus dem Jahr 2020 \u00fcber f\u00fcnf Menschen mit Behinderung, die sich im Jahre 1971 im Camp Jened, einem Sommercamp f\u00fcr Jugendliche mit einer Behinderung im Staat New York, kennenlernten und zu Aktivist*innen der us-amerikanischen Behindertenrechtsbewegung wurden.]<\/li>\n<li style=\"margin-bottom: 20px;\"><a href=\"https:\/\/www.youtube.com\/watch?v=Fg3VXt9Lfzw\">Sexualit\u00e4t, Familienplanung, Selbstbestimmung &#8211; Frauen erz\u00e4hlen vom behindert werden<\/a><\/li>\n<li style=\"margin-bottom: 20px;\"><a href=\"https:\/\/www.zdf.de\/gesellschaft\/einfach-mensch\/einfach-mensch-vom-24-september-2022-100.html\">Svenja Steinke: Ich k\u00e4mpfe f\u00fcr ein Pflegekind (ZDF-Reihe <em>einfach Mensch<\/em>, 2022)<\/a><\/li>\n<li style=\"margin-bottom: 20px;\"><a href=\"https:\/\/www.youtube.com\/watch?v=A_4LitEJevs\">K.O.-Tropfen ver\u00e4nderten ihr Leben f\u00fcr immer &#8211; Marie mit Kind und Rollstuhl | MDR DOK<\/a><\/li>\n<li style=\"margin-bottom: 20px;\"><a href=\"https:\/\/www.youtube.com\/watch?v=1Nbt0up2W4Y\">4-Fach-Amputation nach Schwangerschaft &#8211; Andrea Dahm bei Beinfreiheit &#8211; Der Podcast<\/a><\/li>\n<li style=\"margin-bottom: 20px;\"><a href=\"https:\/\/www.youtube.com\/watch?v=CFyguF5mFpA\">\u00dcbergabe einer Petition an den Bundestag f\u00fcr eine bessere Hilfsmittelversorgung von Menschen mit Behinderung durch die Gesetzliche Krankenversicherung (19.05.2021)<\/a><\/li>\n<li style=\"margin-bottom: 20px;\"><a href=\"https:\/\/www.bodys-wissen.de\/materialien.html\">Gespr\u00e4ch der Zeitzeuginnen Theresia Degener und Birgit Rothenberg mit Kathrin R\u00f6misch \u00fcber das Kr\u00fcppel-Tribunal im Dezember 1981 aus Sicht der Disability Studies. (Dezember 2021)<\/a>[Mehr zum Kr\u00fcppel-Tribunal <a href=\"https:\/\/www.zsl-koeln.de\/40-jahre-krueppeltribunal-was-hat-sich-veraendert\/\">hier<\/a>]<\/li>\n<li style=\"margin-bottom: 20px;\"><a href=\"https:\/\/www.youtube.com\/watch?v=QWFK1TNsWnQ\">Behinderung und Diskriminierung: Der Protest der Bremer Kr\u00fcppelgruppe<\/a><\/li>\n<li style=\"margin-bottom: 20px;\"><a href=\"https:\/\/www.youtube.com\/watch?v=XFisjATJM2M\">Sci-Fi Fantasy Short Film &#8222;Downside Up&#8220; | DUST<\/a><\/li>\n<\/ul>\n","protected":false},"excerpt":{"rendered":"<p>(Auswahl) &nbsp; lieber arm dran als arm ab Film \u00fcber die Proteste anl\u00e4sslich des Jahrs der Behinderten 1981 Crip Camp: A Disability Revolution (englischsprachig, englische Untertitel einblendbar, ohne Audiodeskription) [108-min\u00fctiger Dokumentarfilm aus dem Jahr 2020 \u00fcber f\u00fcnf Menschen mit Behinderung, &#8230;<br \/> <a href=\"https:\/\/www.adberlin.com\/neu\/weiterfuerende-informationen\/videos-zum-thema-behinderung-allgemein\" class=\"readmore_link\">weiterlesen<\/a><\/p>\n","protected":false},"author":2,"featured_media":0,"parent":617,"menu_order":0,"comment_status":"closed","ping_status":"closed","template":"","meta":[],"_links":{"self":[{"href":"https:\/\/www.adberlin.com\/neu\/wp-json\/wp\/v2\/pages\/3797"}],"collection":[{"href":"https:\/\/www.adberlin.com\/neu\/wp-json\/wp\/v2\/pages"}],"about":[{"href":"https:\/\/www.adberlin.com\/neu\/wp-json\/wp\/v2\/types\/page"}],"author":[{"embeddable":true,"href":"https:\/\/www.adberlin.com\/neu\/wp-json\/wp\/v2\/users\/2"}],"replies":[{"embeddable":true,"href":"https:\/\/www.adberlin.com\/neu\/wp-json\/wp\/v2\/comments?post=3797"}],"version-history":[{"count":17,"href":"https:\/\/www.adberlin.com\/neu\/wp-json\/wp\/v2\/pages\/3797\/revisions"}],"predecessor-version":[{"id":4505,"href":"https:\/\/www.adberlin.com\/neu\/wp-json\/wp\/v2\/pages\/3797\/revisions\/4505"}],"up":[{"embeddable":true,"href":"https:\/\/www.adberlin.com\/neu\/wp-json\/wp\/v2\/pages\/617"}],"wp:attachment":[{"href":"https:\/\/www.adberlin.com\/neu\/wp-json\/wp\/v2\/media?parent=3797"}],"curies":[{"name":"wp","href":"https:\/\/api.w.org\/{rel}","templated":true}]}}