{"id":378,"date":"2013-07-16T13:07:53","date_gmt":"2013-07-16T13:07:53","guid":{"rendered":"http:\/\/www.adberlin.com\/neu\/?page_id=378"},"modified":"2024-06-24T19:58:04","modified_gmt":"2024-06-24T18:58:04","slug":"beratungsbueros","status":"publish","type":"page","link":"https:\/\/www.adberlin.com\/neu\/assistenzdienst\/beratungsbueros","title":{"rendered":"Unsere Beratungsb\u00fcros"},"content":{"rendered":"<p>Wenn Sie pers\u00f6nliche Assistenz bzw. Beratung ben\u00f6tigen, wenden Sie sich bitte an eines unserer drei Beratungsb\u00fcros:<br \/>\nan das&nbsp;Beratungsb\u00fcro S\u00fcd, das Beratungsb\u00fcro West, oder an das Beratungsb\u00fcro Nord\/Ost.<\/p>\n<p>Dort begr\u00fc\u00dfen Sie unsere Sozialarbeiter*innen, die durch B\u00fcroorganisationsmitarbeiter*innen unterst\u00fctzt werden.<\/p>\n<p>N\u00e4here Informationen zu den Beratungsb\u00fcros erhalten Sie nachfolgend.<\/p>\n<div align=\"center\">\n<hr width=\"100%\" size=\"2\" align=\"center\">\n<\/div>\n<table width=\"100%\" cellpadding=\"0\" border=\"0\">\n<tbody>\n<tr>\n<td valign=\"top\"><b>Beratungsb\u00fcro S\u00fcd<\/b><\/p>\n<p>Gneisenaustr. 2a<br \/>\n(im Mehringhof)<br \/>\n10961 Berlin-Kreuzberg<br \/>\nTel.: 030 \/ 69 59 75 -10<br \/>\nFax: 030 \/ 82 40 97 82<br \/>\nE-Mail: <a href=\"mailto:sued@adberlin.org\">sued@adberlin.org<br \/>\n<\/a><\/p>\n<p>Sprechzeit:<br \/>\nMo bis Fr 9.00-16.00 Uhr<\/p>\n<p>&nbsp;<\/p>\n<p>Sie erreichen das S\u00fcdb\u00fcro mit dem \u00d6PNV:<\/p>\n<ul>\n<li>\u2026 mit der U6 bzw. U7 bis Bahnhof Mehringdamm (barrierefrei zug\u00e4nglich)<\/li>\n<li>\u2026 mit den Bussen M19 bzw. 140 bis Haltestelle Mehringdamm<\/li>\n<\/ul>\n<\/td>\n<td width=\"360\" valign=\"right\"><iframe loading=\"lazy\" src=\"https:\/\/maps.google.de\/maps?f=q&amp;source=s_q&amp;hl=de&amp;geocode=&amp;q=Gneisenaustra%C3%9Fe+2a,+Berlin&amp;aq=t&amp;sll=48.178813,11.532671&amp;sspn=0.010674,0.01929&amp;g=Gneisenaustra%C3%9Fe,+M%C3%BCnchen&amp;ie=UTF8&amp;hq=&amp;hnear=Gneisenaustra%C3%9Fe+2A,+10967+Berlin&amp;t=m&amp;ll=52.492841,13.388901&amp;spn=0.009145,0.01502&amp;z=15&amp;output=embed\" marginwidth=\"0\" marginheight=\"0\" scrolling=\"no\" width=\"360\" height=\"360\" frameborder=\"0\"><\/iframe><br \/>\n<small><a style=\"color: #0000ff; text-align: left;\" href=\"https:\/\/maps.google.de\/maps?f=q&amp;source=embed&amp;hl=de&amp;geocode=&amp;q=Gneisenaustra%C3%9Fe+2a,+Berlin&amp;aq=t&amp;sll=48.178813,11.532671&amp;sspn=0.010674,0.01929&amp;g=Gneisenaustra%C3%9Fe,+M%C3%BCnchen&amp;ie=UTF8&amp;hq=&amp;hnear=Gneisenaustra%C3%9Fe+2A,+10967+Berlin&amp;t=m&amp;ll=52.492841,13.388901&amp;spn=0.009145,0.01502&amp;z=15\">Gr\u00f6\u00dfere Kartenansicht<\/a><\/small><\/td>\n<\/tr>\n<\/tbody>\n<\/table>\n<p>&nbsp;<\/p>\n<p>&nbsp;<\/p>\n<table width=\"100%\" cellpadding=\"0\" border=\"0\">\n<tbody>\n<tr>\n<td valign=\"top\"><b>Beratungsb\u00fcro West<\/b><\/p>\n<p>Wilhelm-Kabus-Stra\u00dfe 21-35<br \/>\n(Eingang 2, 1. Etage)<br \/>\n10829 Berlin-Sch\u00f6neberg<br \/>\nTel.: 030 \/ 69 59 75 -60<br \/>\nFax: 030 \/ 58 84 48 45<br \/>\nE-Mail: <a href=\"mailto:west@adberlin.org\">west@adberlin.org<br \/>\n<\/a><\/p>\n<p>Sprechzeit:<br \/>\nMo bis Fr 9.00-16.00 Uhr<\/p>\n<p>&nbsp;<\/p>\n<p>&nbsp;<\/p>\n<p>Sie erreichen das Westb\u00fcro mit dem \u00d6PNV:<\/p>\n<ul>\n<li>\u2026 mit der S-Bahn bis S\u00fcdkreuz (S-Bahn-Linien 2, 25, 41, 42, 45, 46) [barrierefrei zug\u00e4nglich]<\/li>\n<li>&#8230; mit der S-Bahn bis Julius-Leber-Br\u00fccke (S-Bahn-Linie 1) [barrierefrei zug\u00e4nglich]<\/li>\n<li>\u2026 mit dem Bus 104 bis Kesselsdorfstra\u00dfe<\/li>\n<\/ul>\n<\/td>\n<td width=\"360\"><img decoding=\"async\" loading=\"lazy\" src=\"https:\/\/www.adberlin.com\/neu\/wp-content\/uploads\/2013\/07\/Karte-Westbuero_homepage.jpg\" alt=\"Karte Westbuero_homepage\" width=\"360\" height=\"579\"><\/td>\n<\/tr>\n<\/tbody>\n<\/table>\n<p>&nbsp;<\/p>\n<div align=\"center\">\n<hr width=\"100%\" size=\"2\" align=\"center\">\n<\/div>\n<table width=\"100%\" cellpadding=\"0\" border=\"0\">\n<tbody>\n<tr>\n<td valign=\"top\"><strong>Beratungsb\u00fcro Nord\/Ost<\/strong><\/p>\n<p>Wilhelm-Kabus-Stra\u00dfe 21-35<br \/>\n(Eingang 2, 1. Etage)<br \/>\n10829 Berlin-Sch\u00f6neberg<br \/>\nTel.: 030 \/ 69 59 75 -30<br \/>\nFax: 030 \/ 58 84 48 45<br \/>\nE-Mail: <a href=\"mailto:nordost@adberlin.org\">nordost@adberlin.org<\/a><\/p>\n<p>Sprechzeit:<br \/>\nMo bis Fr 9.00-16.00 Uhr<\/p>\n<p>&nbsp;<\/p>\n<p>Sie erreichen das Nordostb\u00fcro mit dem \u00d6PNV:<\/p>\n<ul>\n<li>\u2026 mit der S-Bahn bis S\u00fcdkreuz (S-Bahn-Linien 2, 25, 41, 42, 45, 46) [barrierefrei zug\u00e4nglich]<\/li>\n<li>&#8230; mit der S-Bahn bis Julius-Leber-Br\u00fccke (S-Bahn-Linie 1) [barrierefrei zug\u00e4nglich]<\/li>\n<li>\u2026 mit dem Bus 104 bis Kesselsdorfstra\u00dfe<\/li>\n<\/ul>\n<\/td>\n<td width=\"360\"><img decoding=\"async\" loading=\"lazy\" src=\"https:\/\/www.adberlin.com\/neu\/wp-content\/uploads\/2013\/07\/Karte-Westbuero_homepage.jpg\" alt=\"Karte Nordostbuero_homepage\" width=\"360\" height=\"579\"><\/td>\n<\/tr>\n<\/tbody>\n<\/table>\n<p>&nbsp;<\/p>\n","protected":false},"excerpt":{"rendered":"<p>Wenn Sie pers\u00f6nliche Assistenz bzw. Beratung ben\u00f6tigen, wenden Sie sich bitte an eines unserer drei Beratungsb\u00fcros: an das&nbsp;Beratungsb\u00fcro S\u00fcd, das Beratungsb\u00fcro West, oder an das Beratungsb\u00fcro Nord\/Ost. Dort begr\u00fc\u00dfen Sie unsere Sozialarbeiter*innen, die durch B\u00fcroorganisationsmitarbeiter*innen unterst\u00fctzt werden. N\u00e4here Informationen zu &#8230;<br \/> <a href=\"https:\/\/www.adberlin.com\/neu\/assistenzdienst\/beratungsbueros\" class=\"readmore_link\">weiterlesen<\/a><\/p>\n","protected":false},"author":3,"featured_media":0,"parent":368,"menu_order":0,"comment_status":"closed","ping_status":"closed","template":"","meta":[],"_links":{"self":[{"href":"https:\/\/www.adberlin.com\/neu\/wp-json\/wp\/v2\/pages\/378"}],"collection":[{"href":"https:\/\/www.adberlin.com\/neu\/wp-json\/wp\/v2\/pages"}],"about":[{"href":"https:\/\/www.adberlin.com\/neu\/wp-json\/wp\/v2\/types\/page"}],"author":[{"embeddable":true,"href":"https:\/\/www.adberlin.com\/neu\/wp-json\/wp\/v2\/users\/3"}],"replies":[{"embeddable":true,"href":"https:\/\/www.adberlin.com\/neu\/wp-json\/wp\/v2\/comments?post=378"}],"version-history":[{"count":55,"href":"https:\/\/www.adberlin.com\/neu\/wp-json\/wp\/v2\/pages\/378\/revisions"}],"predecessor-version":[{"id":5069,"href":"https:\/\/www.adberlin.com\/neu\/wp-json\/wp\/v2\/pages\/378\/revisions\/5069"}],"up":[{"embeddable":true,"href":"https:\/\/www.adberlin.com\/neu\/wp-json\/wp\/v2\/pages\/368"}],"wp:attachment":[{"href":"https:\/\/www.adberlin.com\/neu\/wp-json\/wp\/v2\/media?parent=378"}],"curies":[{"name":"wp","href":"https:\/\/api.w.org\/{rel}","templated":true}]}}