{"id":368,"date":"2013-07-16T13:19:31","date_gmt":"2013-07-16T13:19:31","guid":{"rendered":"http:\/\/www.adberlin.com\/neu\/?page_id=368"},"modified":"2025-11-09T06:52:50","modified_gmt":"2025-11-09T05:52:50","slug":"assistenzdienst","status":"publish","type":"page","link":"https:\/\/www.adberlin.com\/neu\/assistenzdienst","title":{"rendered":"Der Assistenzdienst von ambulante dienste e. V."},"content":{"rendered":"<p>Der Assistenzdienst von ambulante dienste e. V. ist mit \u00fcber 100 Kund*innen und rund 600 Angestellten einer der gr\u00f6\u00dften Anbieter von Pers\u00f6nlicher Assistenz in Deutschland.<\/p>\n<p>Wir unterst\u00fctzen Menschen mit den unterschiedlichsten k\u00f6rperlichen Behinderungen und erm\u00f6glichen es ihnen, mit Pers\u00f6nlicher Assistenz ein selbstbestimmtes Leben zu f\u00fchren und am gesellschaftlichen Leben teilzuhaben.<\/p>\n<p>Ma\u00dfgebend f\u00fcr unsere Arbeit ist das <b>Leitbild von ambulante dienste e. V.<\/b>: Lesen Sie hierzu das Dokument \u201c<a href=\"http:\/\/www.adberlin.com\/downloads\/Leitbild_Umfassende-Positionen.pdf\">Umfassende Positionen und Grundlagen<\/a>\u201d bzw. den Text \u201c<a href=\"http:\/\/www.adberlin.com\/downloads\/Leitbild_Handlungsgrundlagen.pdf\">Handlungsgrundlagen<\/a>\u201c.<\/p>\n<p>Mit unseren zentral gelegenen <a title=\"Unsere Beratungsb\u00fcros\" href=\"https:\/\/www.adberlin.com\/neu\/assistenzdienst\/beratungsbueros\">Beratungsb\u00fcros<\/a> und der <a title=\"Die Einsatzstelle in Berlin-Sch\u00f6neberg\" href=\"https:\/\/www.adberlin.com\/neu\/assistenzdienst\/einsatzstelle\">Einsatzstelle<\/a> mit Leitung, Team der Pflegefachkr\u00e4fte, Verwaltung und Stabsstellen in Berlin-Sch\u00f6neberg sind wir f\u00fcr Menschen mit Behinderung aus der ganzen Stadt gut erreichbar.<\/p>\n<p>Als Pflegedienst, der einen Versorgungsvertrag mit den Pflegekassen hat, werden wir einmal j\u00e4hrlich vom Medizinischen Dienst der Krankenkassen (MDK) gepr\u00fcft. Bei der j\u00fcngsten Pr\u00fcfung, die Mitte September 2025 stattfand, erhielten wir  die Note 1,1 [<a href=\"http:\/\/www.adberlin.com\/downloads\/MD-Pruefbericht_2025.pdf\">Pr\u00fcfergebnis<\/a>].<\/p>\n<p><a title=\"Qualit\u00e4tsmanagement: Startseite\" href=\"https:\/\/www.adberlin.com\/neu\/assistenzdienst\/qualitatsmanagement-startseite\">Informationen<\/a> zu unserem Qualit\u00e4tsmanagement<\/p>\n<p>ambulante dienste e.V. hat eine Beauftragte f\u00fcr Medizinproduktesicherheit bzw. Hilfsmittelsicherheit.<br \/>\nSie unterst\u00fctzt, wenn:<\/p>\n<ul>\n<li>Hilfsmittel bzw. Medizinprodukte defekt oder nicht funktionst\u00fcchtig sind,<\/li>\n<li>eine Verletzungsgefahr f\u00fcr Assistenznehmer*in und Anwender*in besteht, weil ein Hilfsmittel bzw. ein Medizinprodukt defekt ist, und\/oder<\/li>\n<li>es zu einem Unfall, einem Beinah-Unfall oder einer Verletzung durch ein defektes Hilfsmittel kam.<\/li>\n<\/ul>\n<p>Unsere Kund*innen und Mitarbeiter*innen erreichen die Beauftragte unter der E-Mail-Adresse <a href=\"mailto:Medizinproduktesicherheit@adberlin.com\">Medizinproduktesicherheit@adberlin.com<\/a>.<\/p>\n","protected":false},"excerpt":{"rendered":"<p>Der Assistenzdienst von ambulante dienste e. V. ist mit \u00fcber 100 Kund*innen und rund 600 Angestellten einer der gr\u00f6\u00dften Anbieter von Pers\u00f6nlicher Assistenz in Deutschland. Wir unterst\u00fctzen Menschen mit den unterschiedlichsten k\u00f6rperlichen Behinderungen und erm\u00f6glichen es ihnen, mit Pers\u00f6nlicher Assistenz &#8230;<br \/> <a href=\"https:\/\/www.adberlin.com\/neu\/assistenzdienst\" class=\"readmore_link\">weiterlesen<\/a><\/p>\n","protected":false},"author":3,"featured_media":804,"parent":0,"menu_order":0,"comment_status":"closed","ping_status":"closed","template":"","meta":[],"_links":{"self":[{"href":"https:\/\/www.adberlin.com\/neu\/wp-json\/wp\/v2\/pages\/368"}],"collection":[{"href":"https:\/\/www.adberlin.com\/neu\/wp-json\/wp\/v2\/pages"}],"about":[{"href":"https:\/\/www.adberlin.com\/neu\/wp-json\/wp\/v2\/types\/page"}],"author":[{"embeddable":true,"href":"https:\/\/www.adberlin.com\/neu\/wp-json\/wp\/v2\/users\/3"}],"replies":[{"embeddable":true,"href":"https:\/\/www.adberlin.com\/neu\/wp-json\/wp\/v2\/comments?post=368"}],"version-history":[{"count":33,"href":"https:\/\/www.adberlin.com\/neu\/wp-json\/wp\/v2\/pages\/368\/revisions"}],"predecessor-version":[{"id":5702,"href":"https:\/\/www.adberlin.com\/neu\/wp-json\/wp\/v2\/pages\/368\/revisions\/5702"}],"wp:featuredmedia":[{"embeddable":true,"href":"https:\/\/www.adberlin.com\/neu\/wp-json\/wp\/v2\/media\/804"}],"wp:attachment":[{"href":"https:\/\/www.adberlin.com\/neu\/wp-json\/wp\/v2\/media?parent=368"}],"curies":[{"name":"wp","href":"https:\/\/api.w.org\/{rel}","templated":true}]}}