{"id":358,"date":"2013-07-10T14:12:12","date_gmt":"2013-07-10T14:12:12","guid":{"rendered":"http:\/\/www.adberlin.com\/neu\/?page_id=358"},"modified":"2026-02-05T14:59:00","modified_gmt":"2026-02-05T13:59:00","slug":"der-verein-ambulante-dienste-e-v","status":"publish","type":"page","link":"https:\/\/www.adberlin.com\/neu\/der-verein-ambulante-dienste-e-v","title":{"rendered":"Der Verein ambulante dienste e. V."},"content":{"rendered":"<p>Der Verein ambulante dienste e. V. hat zurzeit knapp 100 Mitglieder.<\/p>\n<p>Sein Vorstand besteht aus drei bis f\u00fcnf Personen, von denen die Mehrheit selbst auf Assistenz angewiesen sein muss.<\/p>\n<p>Zurzeit besteht der ehrenamtliche Vorstand aus:<\/p>\n<ul>\n<li>Ursula Aurien<\/li>\n<li>Dennis Jeromin<\/li>\n<li>Michael S\u00fchnel<\/li>\n<\/ul>\n<p>&nbsp;<br \/>\nDas Vereinsleben besteht aus unregelm\u00e4\u00dfig stattfindenden Vereinsabenden, bei denen \u00fcber behindertenpolitisch relevante Themen diskutiert wird, dem traditionellen Sommerfest und einer Weihnachtsfeier.<\/p>\n<p>Dar\u00fcber hinaus finden zweimal j\u00e4hrlich Mitgliederversammlungen statt. Bei den dort durchgef\u00fchrten Abstimmungen kann keine Entscheidung gegen die Mehrheit der Mitglieder mit Assistenzbedarf getroffen werden.<\/p>\n<p>Der Verein ist Tr\u00e4ger des gleichnamigen Assistenzdienstes.<br \/>\nZudem engagiert sich unser Verein \u00fcber Themen von Selbstbestimmt-Leben und Assistenz hinaus zu anderen behindertenpolitischen Themen.<\/p>\n<p>Wenn Sie mehr \u00fcber den Verein und das Vereinsleben wissen wollen, klicken Sie bitte <a title=\"Mehr \u00fcber den Verein\" href=\"https:\/\/www.adberlin.com\/neu\/der-verein-ambulante-dienste-e-v\/mehr-uber-den-verein\">hier<\/a>.<\/p>\n","protected":false},"excerpt":{"rendered":"<p>Der Verein ambulante dienste e. V. hat zurzeit knapp 100 Mitglieder. Sein Vorstand besteht aus drei bis f\u00fcnf Personen, von denen die Mehrheit selbst auf Assistenz angewiesen sein muss. Zurzeit besteht der ehrenamtliche Vorstand aus: Ursula Aurien Dennis Jeromin Michael &#8230;<br \/> <a href=\"https:\/\/www.adberlin.com\/neu\/der-verein-ambulante-dienste-e-v\" class=\"readmore_link\">weiterlesen<\/a><\/p>\n","protected":false},"author":3,"featured_media":0,"parent":0,"menu_order":0,"comment_status":"closed","ping_status":"closed","template":"","meta":[],"_links":{"self":[{"href":"https:\/\/www.adberlin.com\/neu\/wp-json\/wp\/v2\/pages\/358"}],"collection":[{"href":"https:\/\/www.adberlin.com\/neu\/wp-json\/wp\/v2\/pages"}],"about":[{"href":"https:\/\/www.adberlin.com\/neu\/wp-json\/wp\/v2\/types\/page"}],"author":[{"embeddable":true,"href":"https:\/\/www.adberlin.com\/neu\/wp-json\/wp\/v2\/users\/3"}],"replies":[{"embeddable":true,"href":"https:\/\/www.adberlin.com\/neu\/wp-json\/wp\/v2\/comments?post=358"}],"version-history":[{"count":15,"href":"https:\/\/www.adberlin.com\/neu\/wp-json\/wp\/v2\/pages\/358\/revisions"}],"predecessor-version":[{"id":5784,"href":"https:\/\/www.adberlin.com\/neu\/wp-json\/wp\/v2\/pages\/358\/revisions\/5784"}],"wp:attachment":[{"href":"https:\/\/www.adberlin.com\/neu\/wp-json\/wp\/v2\/media?parent=358"}],"curies":[{"name":"wp","href":"https:\/\/api.w.org\/{rel}","templated":true}]}}