{"id":3458,"date":"2019-08-22T20:22:51","date_gmt":"2019-08-22T18:22:51","guid":{"rendered":"http:\/\/www.adberlin.com\/neu\/?page_id=3458"},"modified":"2019-08-26T20:39:26","modified_gmt":"2019-08-26T18:39:26","slug":"reha-und-intensivpflege-staerkungsgesetz-risg","status":"publish","type":"page","link":"https:\/\/www.adberlin.com\/neu\/reha-und-intensivpflege-staerkungsgesetz-risg","title":{"rendered":"Reha- und Intensivpflege-St\u00e4rkungsgesetz (RISG)"},"content":{"rendered":"<p>Am 14.8.2019 ist ein Referentenentwurf der Bundesregierung f\u00fcr ein Reha- und Intensivpflege-St\u00e4rkungsgesetz (RISG) vom 24.7.2019 bekannt geworden, in dem es hei\u00dft:<\/p>\n<blockquote><p>\u201eDie Leistungen der au\u00dferklinischen Intensivpflege werden k\u00fcnftig regelhaft in vollstation\u00e4ren Pflegeeinrichtungen, die Leistungen nach \u00a7 43 des Elften Buch Sozialgesetzbuch erbringen, oder in speziellen Intensivpflege-Wohneinheiten, die strengen Qualit\u00e4tsanforderungen unterliegen, erbracht. \u2026 In Ausnahmef\u00e4llen kann die au\u00dferklinische Intensivpflege auch im Haushalt des Versicherten oder sonst an einem geeigneten Ort erbracht werden.<\/p>\n<p>Leistungen der au\u00dferklinischen Intensivpflege d\u00fcrfen k\u00fcnftig nur von Leistungserbringern erbracht werden, die besondere Anforderungen erf\u00fcllen. \u2026 Ein Anspruch auf au\u00dferklinische Intensivpflege in der eigenen H\u00e4uslichkeit besteht nur in Ausnahmef\u00e4llen, wenn eine Unterbringung in einer vollstation\u00e4ren Pflegeeinrichtung oder einer Wohneinheit im Sinne des \u00a7 132i nicht zumutbar oder nicht m\u00f6glich ist, beispielsweise weil keine geeignete Einrichtung zur Verf\u00fcgung steht.\u201c<\/p><\/blockquote>\n<p>Begr\u00fcndet wird diese Einschr\u00e4nkung zum einen damit, dass Qualit\u00e4tsm\u00e4ngel in der ambulanten Versorgung von dauerhaft beatmeten Menschen bestehen, \u00a0zum anderen wird behauptet, dass ambulante Dienste (aus Kostengr\u00fcnden) nicht daran interessiert seien, dass beatmete Patient*innen so schnell wie m\u00f6glich von einer k\u00fcnstlichen Beatmung \u201eentw\u00f6hnt\u201c werden.<\/p>\n<p>Es wird (mal wieder) nicht unterschieden zwischen Menschen, welche die M\u00f6glichkeit haben, wieder selbstst\u00e4ndig zu atmen, und Menschen, die wegen ihrer Behinderung dauerhaft auf Beatmung angewiesen sind. Zudem wird auch bei diesem Gesetzesvorhaben die M\u00f6glichkeit er\u00f6ffnet, dass die Entscheidungstr\u00e4ger bei den Krankenkassen paternalistisch dar\u00fcber entscheiden, was f\u00fcr die jeweilige Person zumutbar ist und was nicht.<\/p>\n<p>Fakt ist: Im station\u00e4ren Bereich ist nie eine 1:1-Versorgung gegeben, die in Notfallsituationen absolut zwingend erforderlich ist!<\/p>\n<p>Wir rufen Sie auf, gegen den Referentenentwurf der Bundesregierung f\u00fcr ein Reha- und Intensivpflege-St\u00e4rkungsgesetz (RISG) zu protestieren!<\/p>\n<p>Bitte beteiligen Sie sich an der Petition, die unter folgendem Link aufgerufen werden kann:<br \/>\n<a href=\"https:\/\/www.change.org\/p\/lasst-pflegebed%C3%BCrftigen-ihr-zuhause-stoppt-das-intensivpflegest%C3%A4rkungsgesetz-jensspahn-bmg-bund?recruiter=27557422&amp;utm_source=share_petition&amp;utm_medium=facebook&amp;utm_campaign=psf_combo_share_initial&amp;recruited_by_id=f334a100-d581-012f-1f2b-40401bfb750c&amp;utm_content=mit-17258413-10%3Av3\">https:\/\/www.change.org\/p\/lasst-pflegebed%C3%BCrftigen-ihr-zuhause-stoppt-das-intensivpflegest%C3%A4rkungsgesetz-jensspahn-bmg-bund?recruiter=27557422&amp;utm_source=share_petition&amp;utm_medium=facebook&amp;utm_campaign=psf_combo_share_initial&amp;recruited_by_id=f334a100-d581-012f-1f2b-40401bfb750c&amp;utm_content=mit-17258413-10%3Av3<\/a><\/p>\n<p>Bis auf Weiteres findet jeden Freitag von 11.00 bis 14.00 Uhr eine Protestaktion vor dem Bundesgesundheitsministerium in der Friedrichstra\u00dfe 108 (Berlin-Mitte, n\u00e4he U-Bahnhof Oranienburger Tor) statt.<\/p>\n<p>&nbsp;<\/p>\n<p>N\u00e4here Informationen:<\/p>\n<ol>\n<li>der Gesetzesentwurf:<br \/>\n<a href=\"https:\/\/www.bundesgesundheitsministerium.de\/fileadmin\/Dateien\/3_Downloads\/Gesetze_und_Verordnungen\/GuV\/R\/Referentenentwurf_RISG.pdf\">https:\/\/www.bundesgesundheitsministerium.de\/fileadmin\/Dateien\/3_Downloads\/Gesetze_und_Verordnungen\/GuV\/R\/Referentenentwurf_RISG.pdf<\/a><\/li>\n<li>Artikel \u00fcber den Gesetzesentwurf:<br \/>\n&#8211; <a href=\"http:\/\/www.haeusliche-pflege.net\/Infopool\/Nachrichten\/Haeusliche-Intensivpflege-mit-Beatmung-soll-nur-noch-absolute-Ausnahme-sein?fbclid=IwAR1gQ7pZSozpPrvTWIIlRPdML3pq-XXdQBhV3-OHG9ycmnAjixJHDlJ_PHk\">http:\/\/www.haeusliche-pflege.net\/Infopool\/Nachrichten\/Haeusliche-Intensivpflege-mit-Beatmung-soll-nur-noch-absolute-Ausnahme-sein?fbclid=IwAR1gQ7pZSozpPrvTWIIlRPdML3pq-XXdQBhV3-OHG9ycmnAjixJHDlJ_PHk<\/a><br \/>\n&#8211; <a href=\"https:\/\/abilitywatch.de\/2019\/08\/14\/gesetz-will-haeusliche-behandlungspflege-streichen-beatmungspatienten-muessen-ins-heim\/\">https:\/\/abilitywatch.de\/2019\/08\/14\/gesetz-will-haeusliche-behandlungspflege-streichen-beatmungspatienten-muessen-ins-heim\/<br \/>\n<\/a><\/li>\n<li>\u00a0zur Protestaktion am Sonntag, den 18. August 2019:<br \/>\n&#8211; <a href=\"https:\/\/kobinet-nachrichten.org\/2019\/08\/18\/bewegter-tag-der-offenen-tuer\/\">https:\/\/kobinet-nachrichten.org\/2019\/08\/18\/bewegter-tag-der-offenen-tuer\/<\/a><br \/>\n&#8211; <a href=\"https:\/\/kobinet-nachrichten.org\/2019\/08\/19\/krauthausen-und-spahn-zwei-bilder-zwei-perspektiven\/\">https:\/\/kobinet-nachrichten.org\/2019\/08\/19\/krauthausen-und-spahn-zwei-bilder-zwei-perspektiven\/<\/a><\/li>\n<\/ol>\n<p>&nbsp;<\/p>\n<p>&nbsp;<\/p>\n","protected":false},"excerpt":{"rendered":"<p>Am 14.8.2019 ist ein Referentenentwurf der Bundesregierung f\u00fcr ein Reha- und Intensivpflege-St\u00e4rkungsgesetz (RISG) vom 24.7.2019 bekannt geworden, in dem es hei\u00dft: \u201eDie Leistungen der au\u00dferklinischen Intensivpflege werden k\u00fcnftig regelhaft in vollstation\u00e4ren Pflegeeinrichtungen, die Leistungen nach \u00a7 43 des Elften Buch &#8230;<br \/> <a href=\"https:\/\/www.adberlin.com\/neu\/reha-und-intensivpflege-staerkungsgesetz-risg\" class=\"readmore_link\">weiterlesen<\/a><\/p>\n","protected":false},"author":2,"featured_media":0,"parent":0,"menu_order":0,"comment_status":"closed","ping_status":"closed","template":"","meta":[],"_links":{"self":[{"href":"https:\/\/www.adberlin.com\/neu\/wp-json\/wp\/v2\/pages\/3458"}],"collection":[{"href":"https:\/\/www.adberlin.com\/neu\/wp-json\/wp\/v2\/pages"}],"about":[{"href":"https:\/\/www.adberlin.com\/neu\/wp-json\/wp\/v2\/types\/page"}],"author":[{"embeddable":true,"href":"https:\/\/www.adberlin.com\/neu\/wp-json\/wp\/v2\/users\/2"}],"replies":[{"embeddable":true,"href":"https:\/\/www.adberlin.com\/neu\/wp-json\/wp\/v2\/comments?post=3458"}],"version-history":[{"count":4,"href":"https:\/\/www.adberlin.com\/neu\/wp-json\/wp\/v2\/pages\/3458\/revisions"}],"predecessor-version":[{"id":3464,"href":"https:\/\/www.adberlin.com\/neu\/wp-json\/wp\/v2\/pages\/3458\/revisions\/3464"}],"wp:attachment":[{"href":"https:\/\/www.adberlin.com\/neu\/wp-json\/wp\/v2\/media?parent=3458"}],"curies":[{"name":"wp","href":"https:\/\/api.w.org\/{rel}","templated":true}]}}