{"id":2907,"date":"2017-12-13T00:05:53","date_gmt":"2017-12-12T22:05:53","guid":{"rendered":"http:\/\/www.adberlin.com\/neu\/?page_id=2907"},"modified":"2018-08-31T19:40:08","modified_gmt":"2018-08-31T17:40:08","slug":"audios-zum-thema-assistenz","status":"publish","type":"page","link":"https:\/\/www.adberlin.com\/neu\/weiterfuerende-informationen\/audios-zum-thema-assistenz","title":{"rendered":"Audios zum Thema Assistenz"},"content":{"rendered":"<p>Sendung 3 der BIZEPS-Sendereihe &#8222;barrierefrei aufgerollt&#8220;:<br \/>\n<a href=\"https:\/\/www.barrierefrei-aufgerollt.at\/sendung-3-persoenliche-assistenz-fuer-ein-selbstbestimmtes-leben\/\">Pers\u00f6nliche Assistenz f\u00fcr ein selbstbestimmtes Leben<\/a><br \/>\n(\u00d6sterreich, 31.07.2017, 21 Min.)<\/p>\n<p><a href=\"http:\/\/www.hoerspielpark.de\/website\/titel\/der-assistent\">&#8222;Der Assistent&#8220;<\/a><br \/>\nH\u00f6rspiel von Paul Plamper und Nils Kacirek<br \/>\n(WDR \/ DLF \/ HR 2009, 54 Min.)<\/p>\n","protected":false},"excerpt":{"rendered":"<p>Sendung 3 der BIZEPS-Sendereihe &#8222;barrierefrei aufgerollt&#8220;: Pers\u00f6nliche Assistenz f\u00fcr ein selbstbestimmtes Leben (\u00d6sterreich, 31.07.2017, 21 Min.) &#8222;Der Assistent&#8220; H\u00f6rspiel von Paul Plamper und Nils Kacirek (WDR \/ DLF \/ HR 2009, 54 Min.)<\/p>\n","protected":false},"author":2,"featured_media":0,"parent":617,"menu_order":0,"comment_status":"closed","ping_status":"closed","template":"","meta":[],"_links":{"self":[{"href":"https:\/\/www.adberlin.com\/neu\/wp-json\/wp\/v2\/pages\/2907"}],"collection":[{"href":"https:\/\/www.adberlin.com\/neu\/wp-json\/wp\/v2\/pages"}],"about":[{"href":"https:\/\/www.adberlin.com\/neu\/wp-json\/wp\/v2\/types\/page"}],"author":[{"embeddable":true,"href":"https:\/\/www.adberlin.com\/neu\/wp-json\/wp\/v2\/users\/2"}],"replies":[{"embeddable":true,"href":"https:\/\/www.adberlin.com\/neu\/wp-json\/wp\/v2\/comments?post=2907"}],"version-history":[{"count":5,"href":"https:\/\/www.adberlin.com\/neu\/wp-json\/wp\/v2\/pages\/2907\/revisions"}],"predecessor-version":[{"id":3168,"href":"https:\/\/www.adberlin.com\/neu\/wp-json\/wp\/v2\/pages\/2907\/revisions\/3168"}],"up":[{"embeddable":true,"href":"https:\/\/www.adberlin.com\/neu\/wp-json\/wp\/v2\/pages\/617"}],"wp:attachment":[{"href":"https:\/\/www.adberlin.com\/neu\/wp-json\/wp\/v2\/media?parent=2907"}],"curies":[{"name":"wp","href":"https:\/\/api.w.org\/{rel}","templated":true}]}}