{"id":2662,"date":"2017-06-28T18:47:55","date_gmt":"2017-06-28T16:47:55","guid":{"rendered":"http:\/\/www.adberlin.com\/neu\/?page_id=2662"},"modified":"2023-11-24T18:08:38","modified_gmt":"2023-11-24T16:08:38","slug":"gespraechskreis-fuer-behinderte-menschen-mit-hilfe-bzw-assistenzbedarf","status":"publish","type":"page","link":"https:\/\/www.adberlin.com\/neu\/unser-angebot\/angebote-fur-assistenznehmerinnen\/gespraechskreis-fuer-behinderte-menschen-mit-hilfe-bzw-assistenzbedarf","title":{"rendered":"Gespr\u00e4chskreis f\u00fcr behinderte Menschen mit Hilfe- bzw. Assistenzbedarf"},"content":{"rendered":"<p><strong>Die ambulanten dienste e. V. bieten einen Gespr\u00e4chskreis f\u00fcr behinderten Menschen mit Assistenzbedarf an.<\/strong><\/p>\n<p><strong>wann?<\/strong><br \/>\njeden 3. Freitag im Monat von 13.00 Uhr bis 15.00 Uhr<br \/>\n(sicherheitshalber vorher mit Jutta R\u00fctter Kontakt aufnehmen &#8211; siehe unten)<\/p>\n<p><strong>wo?<\/strong><br \/>\nonline<\/p>\n<p><strong>f\u00fcr wen?<\/strong><br \/>\nf\u00fcr alle, die mit Hilfe bzw. Assistenz leben und sich austauschen wollen<\/p>\n<p><strong>warum?<\/strong><br \/>\num sich auszutauschen, selbstbewusst Assistenten oder Freunde anzuleiten, auch schwierige Gespr\u00e4che konstruktiv zu f\u00fchren, Fehler auch als Lernchancen zu sehen<\/p>\n<p>&nbsp;<\/p>\n<p>Angeleitet wird der Gespr\u00e4chskreis durch Jutta R\u00fctter, die selbst blind ist, lange mit Assistent*innen zusammenarbeitet und viel Erfahrung mit dem Probleme-L\u00f6sen bez\u00fcglich Assistenz hat.<\/p>\n<p>In jeder menschlichen Beziehung muss das Verh\u00e4ltnis zwischen Distanz und N\u00e4he immer wieder ausbalanciert werden. Dabei kann das Ma\u00df dessen, was im Umgang miteinander \u201enormal\u201c ist, sehr unterschiedlich sein. Erschwert wird diese Balance, wenn die gemeinsame Zeit f\u00fcr den*die Assistent*in Dienstzeit, f\u00fcr den behinderten Menschen Freizeit darstellt. So kann es zu \u201eEinladungen\u201c kommen, das eigene Regulativ au\u00dfer Kraft zu setzen und die Grenzen zu \u00fcberschreiten.<\/p>\n<p>Ziel des Gespr\u00e4chskreises ist es, sich die eigene Wertorientierung in Bezug auf das Thema bewusst zu machen und sie mit denen anderer Teilnehmenden in Beziehung zu setzen. Davon ausgehend k\u00f6nnen die eigenen Grenzen ausgelotet werden.<br \/>\nIn Rollenspielen kann das Setzen und Verhandeln dieser Grenzen erprobt werden.<\/p>\n<p>M\u00f6chten Sie mehr wissen? Rufen Sie einfach an: Jutta R\u00fctter, Tel. 6940453 (E-Mail: j.ruetter [at] web.de).<\/p>\n","protected":false},"excerpt":{"rendered":"<p>Die ambulanten dienste e. V. bieten einen Gespr\u00e4chskreis f\u00fcr behinderten Menschen mit Assistenzbedarf an. wann? jeden 3. Freitag im Monat von 13.00 Uhr bis 15.00 Uhr (sicherheitshalber vorher mit Jutta R\u00fctter Kontakt aufnehmen &#8211; siehe unten) wo? online f\u00fcr wen? &#8230;<br \/> <a href=\"https:\/\/www.adberlin.com\/neu\/unser-angebot\/angebote-fur-assistenznehmerinnen\/gespraechskreis-fuer-behinderte-menschen-mit-hilfe-bzw-assistenzbedarf\" class=\"readmore_link\">weiterlesen<\/a><\/p>\n","protected":false},"author":2,"featured_media":0,"parent":472,"menu_order":0,"comment_status":"closed","ping_status":"closed","template":"","meta":[],"_links":{"self":[{"href":"https:\/\/www.adberlin.com\/neu\/wp-json\/wp\/v2\/pages\/2662"}],"collection":[{"href":"https:\/\/www.adberlin.com\/neu\/wp-json\/wp\/v2\/pages"}],"about":[{"href":"https:\/\/www.adberlin.com\/neu\/wp-json\/wp\/v2\/types\/page"}],"author":[{"embeddable":true,"href":"https:\/\/www.adberlin.com\/neu\/wp-json\/wp\/v2\/users\/2"}],"replies":[{"embeddable":true,"href":"https:\/\/www.adberlin.com\/neu\/wp-json\/wp\/v2\/comments?post=2662"}],"version-history":[{"count":4,"href":"https:\/\/www.adberlin.com\/neu\/wp-json\/wp\/v2\/pages\/2662\/revisions"}],"predecessor-version":[{"id":4777,"href":"https:\/\/www.adberlin.com\/neu\/wp-json\/wp\/v2\/pages\/2662\/revisions\/4777"}],"up":[{"embeddable":true,"href":"https:\/\/www.adberlin.com\/neu\/wp-json\/wp\/v2\/pages\/472"}],"wp:attachment":[{"href":"https:\/\/www.adberlin.com\/neu\/wp-json\/wp\/v2\/media?parent=2662"}],"curies":[{"name":"wp","href":"https:\/\/api.w.org\/{rel}","templated":true}]}}