{"id":2295,"date":"2016-09-05T19:56:14","date_gmt":"2016-09-05T17:56:14","guid":{"rendered":"http:\/\/www.adberlin.com\/neu\/?page_id=2295"},"modified":"2019-08-26T17:20:10","modified_gmt":"2019-08-26T15:20:10","slug":"behindertenpolitik","status":"publish","type":"page","link":"https:\/\/www.adberlin.com\/neu\/behindertenpolitik","title":{"rendered":"Behindertenpolitik"},"content":{"rendered":"<p>Hier finden Sie Informationen zu aktuellen behindertenpolitischen Themen:<\/p>\n<ul>\n<li><a title=\"Bundesteilhabegesetz\" href=\"https:\/\/www.adberlin.com\/neu\/behindertenpolitik\/bundesteilhabegesetz\">Bundesteilhabegesetz<\/a><\/li>\n<li><a title=\"nicht-invasive pr\u00e4natale Tests\" href=\"https:\/\/www.adberlin.com\/neu\/behindertenpolitik\/nicht-invasive-praenatale-tests\">nicht-invasive pr\u00e4natale Tests<\/a><\/li>\n<li><a title=\"Reha- und Intensivpflege-St\u00e4rkungsgesetz (RISG)\" href=\"https:\/\/www.adberlin.com\/neu\/reha-und-intensivpflege-staerkungsgesetz-risg\">Reha- und Intensivpflege-St\u00e4rkungsgesetz (RISG)<\/a><\/li>\n<li>Arzneimittelforschung (in K\u00fcrze)<\/li>\n<li>Pflegest\u00e4rkungsgesetze (in K\u00fcrze)<\/li>\n<li>&#8230;<\/li>\n<\/ul>\n","protected":false},"excerpt":{"rendered":"<p>Hier finden Sie Informationen zu aktuellen behindertenpolitischen Themen: Bundesteilhabegesetz nicht-invasive pr\u00e4natale Tests Reha- und Intensivpflege-St\u00e4rkungsgesetz (RISG) Arzneimittelforschung (in K\u00fcrze) Pflegest\u00e4rkungsgesetze (in K\u00fcrze) &#8230;<\/p>\n","protected":false},"author":2,"featured_media":0,"parent":0,"menu_order":0,"comment_status":"closed","ping_status":"closed","template":"","meta":[],"_links":{"self":[{"href":"https:\/\/www.adberlin.com\/neu\/wp-json\/wp\/v2\/pages\/2295"}],"collection":[{"href":"https:\/\/www.adberlin.com\/neu\/wp-json\/wp\/v2\/pages"}],"about":[{"href":"https:\/\/www.adberlin.com\/neu\/wp-json\/wp\/v2\/types\/page"}],"author":[{"embeddable":true,"href":"https:\/\/www.adberlin.com\/neu\/wp-json\/wp\/v2\/users\/2"}],"replies":[{"embeddable":true,"href":"https:\/\/www.adberlin.com\/neu\/wp-json\/wp\/v2\/comments?post=2295"}],"version-history":[{"count":6,"href":"https:\/\/www.adberlin.com\/neu\/wp-json\/wp\/v2\/pages\/2295\/revisions"}],"predecessor-version":[{"id":3461,"href":"https:\/\/www.adberlin.com\/neu\/wp-json\/wp\/v2\/pages\/2295\/revisions\/3461"}],"wp:attachment":[{"href":"https:\/\/www.adberlin.com\/neu\/wp-json\/wp\/v2\/media?parent=2295"}],"curies":[{"name":"wp","href":"https:\/\/api.w.org\/{rel}","templated":true}]}}