{"id":2283,"date":"2016-08-26T17:51:45","date_gmt":"2016-08-26T15:51:45","guid":{"rendered":"http:\/\/www.adberlin.com\/neu\/?page_id=2283"},"modified":"2016-08-26T17:59:40","modified_gmt":"2016-08-26T15:59:40","slug":"ausstellung-von-veronica-van-de-vorst","status":"publish","type":"page","link":"https:\/\/www.adberlin.com\/neu\/der-verein-ambulante-dienste-e-v\/aktivitaeten\/ausstellung-von-veronica-van-de-vorst","title":{"rendered":"Ausstellung von Veronica van de Vorst"},"content":{"rendered":"<p><strong>Ausstellung von Veronica van de Vorst (hooy)<\/strong><\/p>\n<p>Wir haben uns gefreut, in den B\u00fcror\u00e4umen von ambulante dienste e. V. in der Urbanstra\u00dfe 100 (2. Hinterhof, 3. Stock) eine Ausstellung unserer Mitarbeiterin Veronica van de Vorst bzw. hooy pr\u00e4sentieren zu k\u00f6nnen.<br \/>\nVom 10. Februar bis zum 10. Mai 2016 waren 15 kleine freundliche Bilder und einige Postkarten zu sehen. Zur Ausstellung dazu geh\u00f6rte ein kleiner Tisch, an dem sich die Austellungsbesucher_innen (zeichnerisch) selbst ausprobieren konnten.<\/p>\n<p>Mehr zur K\u00fcnstlerin unter <a href=\"http:\/\/www.hooywerk.com\" target=\"_blank\">www.hooywerk.com<\/a> bzw. bei Instagram unter @hooyslittledrawings.<\/p>\n<p><a href=\"https:\/\/www.adberlin.com\/neu\/wp-content\/uploads\/2013\/11\/Ausstellung-hooy-2016.jpg\"><img decoding=\"async\" loading=\"lazy\" class=\"size-medium wp-image-2018 aligncenter\" src=\"https:\/\/www.adberlin.com\/neu\/wp-content\/uploads\/2013\/11\/Ausstellung-hooy-2016-217x300.jpg\" alt=\"Ausstellung hooy 2016\" width=\"217\" height=\"300\" srcset=\"https:\/\/www.adberlin.com\/neu\/wp-content\/uploads\/2013\/11\/Ausstellung-hooy-2016-217x300.jpg 217w, https:\/\/www.adberlin.com\/neu\/wp-content\/uploads\/2013\/11\/Ausstellung-hooy-2016-741x1024.jpg 741w, https:\/\/www.adberlin.com\/neu\/wp-content\/uploads\/2013\/11\/Ausstellung-hooy-2016.jpg 1654w\" sizes=\"(max-width: 217px) 100vw, 217px\" \/><\/a><\/p>\n","protected":false},"excerpt":{"rendered":"<p>Ausstellung von Veronica van de Vorst (hooy) Wir haben uns gefreut, in den B\u00fcror\u00e4umen von ambulante dienste e. V. in der Urbanstra\u00dfe 100 (2. Hinterhof, 3. Stock) eine Ausstellung unserer Mitarbeiterin Veronica van de Vorst bzw. hooy pr\u00e4sentieren zu k\u00f6nnen. &#8230;<br \/> <a href=\"https:\/\/www.adberlin.com\/neu\/der-verein-ambulante-dienste-e-v\/aktivitaeten\/ausstellung-von-veronica-van-de-vorst\" class=\"readmore_link\">weiterlesen<\/a><\/p>\n","protected":false},"author":2,"featured_media":0,"parent":393,"menu_order":0,"comment_status":"closed","ping_status":"closed","template":"","meta":[],"_links":{"self":[{"href":"https:\/\/www.adberlin.com\/neu\/wp-json\/wp\/v2\/pages\/2283"}],"collection":[{"href":"https:\/\/www.adberlin.com\/neu\/wp-json\/wp\/v2\/pages"}],"about":[{"href":"https:\/\/www.adberlin.com\/neu\/wp-json\/wp\/v2\/types\/page"}],"author":[{"embeddable":true,"href":"https:\/\/www.adberlin.com\/neu\/wp-json\/wp\/v2\/users\/2"}],"replies":[{"embeddable":true,"href":"https:\/\/www.adberlin.com\/neu\/wp-json\/wp\/v2\/comments?post=2283"}],"version-history":[{"count":1,"href":"https:\/\/www.adberlin.com\/neu\/wp-json\/wp\/v2\/pages\/2283\/revisions"}],"predecessor-version":[{"id":2284,"href":"https:\/\/www.adberlin.com\/neu\/wp-json\/wp\/v2\/pages\/2283\/revisions\/2284"}],"up":[{"embeddable":true,"href":"https:\/\/www.adberlin.com\/neu\/wp-json\/wp\/v2\/pages\/393"}],"wp:attachment":[{"href":"https:\/\/www.adberlin.com\/neu\/wp-json\/wp\/v2\/media?parent=2283"}],"curies":[{"name":"wp","href":"https:\/\/api.w.org\/{rel}","templated":true}]}}