{"id":2281,"date":"2016-08-26T17:46:58","date_gmt":"2016-08-26T15:46:58","guid":{"rendered":"http:\/\/www.adberlin.com\/neu\/?page_id=2281"},"modified":"2016-08-26T17:46:58","modified_gmt":"2016-08-26T15:46:58","slug":"ausstellung-von-jens-roessiger","status":"publish","type":"page","link":"https:\/\/www.adberlin.com\/neu\/der-verein-ambulante-dienste-e-v\/aktivitaeten\/ausstellung-von-jens-roessiger","title":{"rendered":"Ausstellung von Jens R\u00f6\u00dfiger"},"content":{"rendered":"<p><strong>Ausstellung von Jens R\u00f6\u00dfiger<\/strong><\/p>\n<p>Vom 17. Mai bis 29. Juli 2016 war in der Gesch\u00e4ftsstelle von ambulante dienste e. V. eine Ausstellung unseres Kunden Jens R\u00f6\u00dfiger zu sehen.<\/p>\n<p class=\"Text\">Der Maler, Jahrgang 1962, arbeitet und malt mit dem Mundstab. Er schreibt \u00fcber sich selbst:<\/p>\n<blockquote>\n<p class=\"Text\">\u201eGelernt oder studiert habe ich die Malerei nicht. Da bin ich ganz leidenschaftlicher Autodidakt und folge lieber meiner Inspiration, &#8218;durch probieren bis es mir gef\u00e4llt&#8216;. Darum geht es ja beim Malen. Meine Bilder braucht man nicht hinterfragen, wollen niemanden g\u00e4ngeln \u00fcber irgendetwas nachzudenken. Sie haben sich beim Malen so ergeben und wollen einfach nur gefallen.\u201c<\/p>\n<\/blockquote>\n<p class=\"Text\"><a href=\"https:\/\/www.adberlin.com\/neu\/wp-content\/uploads\/2013\/11\/Ausstellung-Jens-Roessiger.jpg\"><img decoding=\"async\" loading=\"lazy\" class=\"aligncenter  wp-image-2118\" src=\"https:\/\/www.adberlin.com\/neu\/wp-content\/uploads\/2013\/11\/Ausstellung-Jens-Roessiger-212x300.jpg\" alt=\"Ausstellung Jens Roessiger\" width=\"411\" height=\"582\" srcset=\"https:\/\/www.adberlin.com\/neu\/wp-content\/uploads\/2013\/11\/Ausstellung-Jens-Roessiger-212x300.jpg 212w, https:\/\/www.adberlin.com\/neu\/wp-content\/uploads\/2013\/11\/Ausstellung-Jens-Roessiger-723x1024.jpg 723w, https:\/\/www.adberlin.com\/neu\/wp-content\/uploads\/2013\/11\/Ausstellung-Jens-Roessiger.jpg 918w\" sizes=\"(max-width: 411px) 100vw, 411px\" \/><\/a>(Zum Vergr\u00f6\u00dfern bitte das Bild anklicken)<\/p>\n<p>&nbsp;<\/p>\n","protected":false},"excerpt":{"rendered":"<p>Ausstellung von Jens R\u00f6\u00dfiger Vom 17. Mai bis 29. Juli 2016 war in der Gesch\u00e4ftsstelle von ambulante dienste e. V. eine Ausstellung unseres Kunden Jens R\u00f6\u00dfiger zu sehen. Der Maler, Jahrgang 1962, arbeitet und malt mit dem Mundstab. Er schreibt &#8230;<br \/> <a href=\"https:\/\/www.adberlin.com\/neu\/der-verein-ambulante-dienste-e-v\/aktivitaeten\/ausstellung-von-jens-roessiger\" class=\"readmore_link\">weiterlesen<\/a><\/p>\n","protected":false},"author":2,"featured_media":0,"parent":393,"menu_order":0,"comment_status":"closed","ping_status":"closed","template":"","meta":[],"_links":{"self":[{"href":"https:\/\/www.adberlin.com\/neu\/wp-json\/wp\/v2\/pages\/2281"}],"collection":[{"href":"https:\/\/www.adberlin.com\/neu\/wp-json\/wp\/v2\/pages"}],"about":[{"href":"https:\/\/www.adberlin.com\/neu\/wp-json\/wp\/v2\/types\/page"}],"author":[{"embeddable":true,"href":"https:\/\/www.adberlin.com\/neu\/wp-json\/wp\/v2\/users\/2"}],"replies":[{"embeddable":true,"href":"https:\/\/www.adberlin.com\/neu\/wp-json\/wp\/v2\/comments?post=2281"}],"version-history":[{"count":1,"href":"https:\/\/www.adberlin.com\/neu\/wp-json\/wp\/v2\/pages\/2281\/revisions"}],"predecessor-version":[{"id":2282,"href":"https:\/\/www.adberlin.com\/neu\/wp-json\/wp\/v2\/pages\/2281\/revisions\/2282"}],"up":[{"embeddable":true,"href":"https:\/\/www.adberlin.com\/neu\/wp-json\/wp\/v2\/pages\/393"}],"wp:attachment":[{"href":"https:\/\/www.adberlin.com\/neu\/wp-json\/wp\/v2\/media?parent=2281"}],"curies":[{"name":"wp","href":"https:\/\/api.w.org\/{rel}","templated":true}]}}