{"id":2158,"date":"2016-06-01T19:50:46","date_gmt":"2016-06-01T17:50:46","guid":{"rendered":"http:\/\/www.adberlin.com\/neu\/?page_id=2158"},"modified":"2026-02-23T16:57:03","modified_gmt":"2026-02-23T15:57:03","slug":"broschueren-und-buecher-zum-thema-behinderung-allgemein","status":"publish","type":"page","link":"https:\/\/www.adberlin.com\/neu\/weiterfuerende-informationen\/broschueren-und-buecher-zum-thema-behinderung-allgemein","title":{"rendered":"Brosch\u00fcren, B\u00fccher und Zeitschriften zum Thema Behinderung (allgemein)"},"content":{"rendered":"<p>(Auswahl)<\/p>\n<p><a href=\"#sachbuecher\">1. Sachb\u00fccher<\/a><br \/>\n<a href=\"#schoeneliteratur\">2. so genannte &#8222;Sch\u00f6ne Literatur&#8220; und B\u00fccher mit dem Schwerpunkt auf Karrikaturen\/Cartoons<\/a><br \/>\n<a href=\"#apuz\">3. relevante Themenhefte der Zeitschrift &#8222;Aus Politik und Zeitgeschichte&#8220;<\/a><br \/>\n<a href=\"http:\/\/archiv-behindertenbewegung.org\" target=\"_blank\" rel=\"noopener\">4. Zeitschriften aus Deutschland, \u00d6sterreich und der Schweiz<\/a><\/p>\n<hr>\n<p style=\"margin-bottom: 20px;\"><a name=\"sachbuecher\"><\/a><strong>1. Sachb\u00fccher<\/strong><\/p>\n<ul>\n<li style=\"margin-bottom: 20px;\">AG TuWas (2018): <b><br \/>\n<\/b>Leitfaden Sozialhilfe f\u00fcr Behinderte und Pflegebed\u00fcrftige<br \/>\n276 S.<br \/>\n10,00 \u20ac inkl. Versandkosten<br \/>\n[<a href=\"http:\/\/www.dvs-buch.de\/pdf\/lf_beh_aenderungen_2022.pdf\">Aktualisierung auf den Stand von 2022 <\/a>]<\/li>\n<li style=\"margin-bottom: 20px;\">Bender Konstantin (2010):<br \/>\nDer Zusammenhang von Behinderung und Armut &#8211; Ein Beitrag zur Sozialberichtserstattung<\/li>\n<li style=\"margin-bottom: 20px;\">Bundeszentrale f\u00fcr politische Bildung:<br \/>\nHandbuch Behindertenrechtskonvention<br \/>\n<a href=\"https:\/\/www.bpb.de\/system\/files\/dokument_pdf\/Handbuch_Behindertenrechtskonvention.pdf\">kostenloser Download<\/a><\/li>\n<li style=\"margin-bottom: 20px;\">Daniels, Susanne von u.a. (Hrsg.) (1983):<br \/>\nKr\u00fcppel-Tribunal. Menschenrechtsverletzungen im Sozialstaat<\/li>\n<li style=\"margin-bottom: 20px;\">Ewinkel, Carola \/ Hermes, Gisela (1985):<br \/>\nGeschlecht behindert \u2013 Besonderes Merkmal: Frau [<a href=\"http:\/\/www.agspak-buecher.de\/Hermes-Ewinkel-ua-Hg-Geschlecht-behindert-Besonderes-Merkmal-Frau\">Kurzbeschreibung<\/a>]<\/li>\n<li style=\"margin-bottom: 20px;\">Gersdorff, Anne \/ Sturm, Karina (2024):<br \/>\n\u201eStoppt Ableismus!\u201c<br \/>\nrowohlt-Verlag<\/li>\n<li style=\"margin-bottom: 20px;\">Heiden, G\u00fcnter (2024):<br \/>\nBehindertenrechte in die Verfassung!&nbsp;Der Kampf um die Grundgesetzerg\u00e4nzung 1990-1994<br \/>\nBeltz Juventa (Weinheim Basel)<\/li>\n<li style=\"margin-bottom: 20px;\">Henninger, Antje \/ Steiner, Gusti (2003):<br \/>\nSchwarzbuch Deutsche Bahn AG: Handbuch der Ignoranz<\/li>\n<li style=\"margin-bottom: 20px;\">Hermes, Gisela \/ Rohrmann, Eckhard (2006):<br \/>\nNichts \u00fcber uns &#8211; ohne uns!: Disability Studies als neuer Ansatz emanzipatorischer und interdisziplin\u00e4rer Forschung&#8230;<\/li>\n<li style=\"margin-bottom: 20px;\">Klee, Ernst \/ Steiner, Gusti (1974):<br \/>\nBehindertsein ist sch\u00f6n<\/li>\n<li style=\"margin-bottom: 20px;\">K\u00f6bsell, Swantje (2012):<br \/>\nWegweiser Behindertenbewegung: Neues (Selbst)-Verst\u00e4ndnis von Behinderung<\/li>\n<li style=\"margin-bottom: 20px;\">Lingelbach, Gabriele \/ Waldschmidt, Anne [Hrsg.] (2016):<br \/>\nKontinuit\u00e4ten, Z\u00e4suren, Br\u00fcche? Lebenslagen von Menschen mit Behinderungen in der deutschen Zeitgeschichte<\/li>\n<li style=\"margin-bottom: 20px;\">Maskos, Rebecca \/ Kaiser, Mareice (2023):<br \/>\n\u00bbBist du behindert, oder was?\u00ab. Kinder inklusiv st\u00e4rken und ableismussensibel begleiten<br \/>\nFamiliar Faces Verlag<\/li>\n<li style=\"margin-bottom: 20px;\">Miles-Paul, Ottmar \/ Grund, Katrin (2023):<br \/>\nZ\u00fcndeln an den Strukturen \u2013 Reportageroman \u00fcber die Situation in Werkst\u00e4tten f\u00fcr behinderte Menschen<br \/>\nSelbstverlag<br \/>\n<a href=\"https:\/\/bidok.library.uibk.ac.at\/obvbidoa\/download\/pdf\/9593417\">kostenloser Download <\/a><\/li>\n<li style=\"margin-bottom: 20px;\">Miles-Paul, Ottmar \/ Weber, Helen (2025):<br \/>\nIch will raus. Von der Exklusion zur Inklusion<br \/>\n<a href=\"https:\/\/www.bizeps.or.at\/wp-content\/uploads\/2026\/01\/Ichwillraus.pdf\">kostenloser Download <\/a><\/li>\n<li style=\"margin-bottom: 20px;\">M\u00fcrner, Christian \/ Sierck, Udo (2011):<br \/>\nBehinderte Identit\u00e4t?<br \/>\nVerein zur F\u00f6rderung der sozialpolitischen Arbeit<\/li>\n<li style=\"margin-bottom: 20px;\">M\u00fcrner, Christian \/ Sierck, Udo (2012):<br \/>\nBehinderung: Chronik eines Jahrhunderts (Juventa Paperback)<\/li>\n<li style=\"margin-bottom: 20px;\">M\u00fcrner, Christian \/ Sierck, Udo (2009):<br \/>\nKr\u00fcppelzeitung: Brisanz der Behindertenbewegung<br \/>\nVerein zur F\u00f6rderung der sozialpolitischen Arbeit<\/li>\n<li style=\"margin-bottom: 20px;\">M\u00fcrner, Christian \/ Sierck, Udo (2025):<br \/>\nBehinderung. Chronik eines Jahrhunderts<br \/>\nJuventa Verlag ein Imprint der Beltz Verlagsgruppe GmbH &amp; Co. KG<\/li>\n<li style=\"margin-bottom: 20px;\">Neubert, Dieter \/ Cloerkes, G\u00fcnther (1987):<br \/>\nBehinderung und Behinderte in verschiedenen Kulturen<br \/>\nEdition Schindele<\/li>\n<li style=\"margin-bottom: 20px;\">R\u00f6sner, Hans-Uwe (2014):<br \/>\nBehindert sein &#8211; behindert werden. Texte zu einer dekonstruktiven Ethik der Anerkennung behinderter Menschen<\/li>\n<li style=\"margin-bottom: 20px;\">Rohrmann, Eckhard (2014):<br \/>\nAus der Geschichte lernen, Zukunft zu gestalten<\/li>\n<li style=\"margin-bottom: 20px;\">Sch\u00f6ne, Andrea (2022):<br \/>\nBehinderung und Ableismus<br \/>\nUnrast Verlag<\/li>\n<li style=\"margin-bottom: 20px;\">Sierck, Udo \/ Radtke, Nati (2015):<br \/>\nDilemma Dankbarkeit<br \/>\nVerein zur F\u00f6rderung der sozialpolitischen Arbeit<\/li>\n<li style=\"margin-bottom: 20px;\">Sierck, Udo (1992):<br \/>\nArbeit ist die beste Medizin: Zur Geschichte der Rehabilitationspolitik<\/li>\n<li style=\"margin-bottom: 20px;\">Sierck, Udo (2013):<br \/>\nBudenzauber Inklusion<br \/>\nVerein zur F\u00f6rderung der sozialpolitischen Arbeit<\/li>\n<li style=\"margin-bottom: 20px;\">Sierck, Udo (2017):<br \/>\nWiderspenstig, eigensinnig, unbequem. Die unbekannte Geschichte behinderter Menschen<br \/>\nJuventa Verlag ein Imprint der Beltz Verlagsgruppe GmbH &amp; Co. KG<\/li>\n<li style=\"margin-bottom: 20px;\">Sierck, Udo (2021):<br \/>\nB\u00f6sewicht, Sorgenkind, Alltagsheld. 120 Jahre Behindertenbilder in der Kinder- und Jugendliteratur<br \/>\nJuventa Verlag ein Imprint der Beltz Verlagsgruppe GmbH &amp; Co. KG<\/li>\n<li style=\"margin-bottom: 20px;\">Sierck, Udo (2023):<br \/>\nK\u00f6rperkult und Behinderung. Eine Geschichte zwischen Erniedrigung und Faszination<br \/>\nVerein zur F\u00f6rderung der sozialpolitischen Arbeit<\/li>\n<li style=\"margin-bottom: 20px;\">Sierck, Udo (2025):<br \/>\nFRECH + FREI: 50 Jahre K\u00e4mpfe der Behindertenbewegung<br \/>\nVerlag Assoziation A<\/li>\n<li style=\"margin-bottom: 20px;\">Steiner, Gusti (1988):<br \/>\nHand- und Fu\u00dfbuch f\u00fcr Behinderte<\/li>\n<li style=\"margin-bottom: 20px;\">Stoll, Jan (2016):<br \/>\nBehinderte Anerkennung? Interessenorganisationen von Menschen mit Behinderungen in Westdeutschland seit 1945<\/li>\n<li style=\"margin-bottom: 20px;\">Wagner, Franz-Josef \/ Sch\u00e4fer, Cornelia (2024):<br \/>\nHinfallen, Aufstehen Weitergehen \u2013 Recovery durch Selbsthilfe<br \/>\nPsychiatrie-Verlag<\/li>\n<li>&#8230;<\/li>\n<\/ul>\n<p><a name=\"schoeneliteratur\"><\/a><strong>2. so genannte &#8222;Sch\u00f6ne Literatur&#8220; und B\u00fccher mit dem Schwerpunkt auf Karrikaturen\/Cartoons<\/strong><\/p>\n<ul>\n<li style=\"margin-bottom: 20px;\">Callahan, John (1992):<br \/>\nDu st\u00f6rst!: Cartoons<\/li>\n<li style=\"margin-bottom: 20px;\">Callahan, John (1993):<br \/>\nDeine Stallt\u00fcr ist offen<\/li>\n<li style=\"margin-bottom: 20px;\">Callahan, John (1999):<br \/>\nDon&#8217;t worry, weglaufen geht nicht<\/li>\n<li style=\"margin-bottom: 20px;\">Eggli, Ursula:<br \/>\nDie Bl\u00fctenhexe und der blaue Rauch<\/li>\n<li style=\"margin-bottom: 20px;\">Eggli, Ursula:<br \/>\nDie Z\u00e4rtlichkeit des Sonntagsbratens<\/li>\n<li style=\"margin-bottom: 20px;\">Eggli, Ursula:<br \/>\nFreakgeschichten f\u00fcr Kinder und Erwachsene<\/li>\n<li style=\"margin-bottom: 20px;\">Eggli, Ursula:<br \/>\nHerz im Korsett<\/li>\n<li style=\"margin-bottom: 20px;\">Eggli, Ursula:<br \/>\nRalph und Luc im Freakland. Wo Behindertsein normal ist<\/li>\n<li style=\"margin-bottom: 20px;\">Eggli, Ursula:<br \/>\nJ\u00fcrg von Spreitenbach \/ Sammelbammel und Rollstuhlr\u00e4der<\/li>\n<li style=\"margin-bottom: 20px;\">Hubbe, Phil (2004):<br \/>\nDer Stuhl des Manitou<\/li>\n<li style=\"margin-bottom: 20px;\">Hubbe, Phil (2006):<br \/>\nDer letzte Mohikaner: Behinderte Cartoons 2<\/li>\n<li style=\"margin-bottom: 20px;\">Hubbe, Phil (2009):<br \/>\nDas Leben des Rainer: Behinderte Cartoons 3<\/li>\n<li style=\"margin-bottom: 20px;\">Hubbe, Phil (2011):<br \/>\nDer Stein des Sisyphos: Behinderte Cartoons 4<\/li>\n<li style=\"margin-bottom: 20px;\">Hubbe, Phil (2013):<br \/>\nDie Lizenz zum Parken: Behinderte Cartoons 5<\/li>\n<li style=\"margin-bottom: 20px;\">Hubbe, Phil (2016):<br \/>\nMein letztes Selfie: Behinderte Cartoons 6<\/li>\n<li style=\"margin-bottom: 20px;\">Hubbe, Phil \/ Kohr, Knud (2015):<br \/>\nScooterman: Schwer behindert &#8230; schwer zu stoppen!<\/li>\n<li>&#8230;<\/li>\n<\/ul>\n<p><a name=\"apuz\"><\/a><strong>3. relevante Themenhefte der Zeitschrift &#8222;Aus Politik und Zeitgeschichte&#8220; <\/strong><\/p>\n<ul>\n<li><a href=\"https:\/\/www.bpb.de\/system\/files\/pdf\/Q72JKM.pdf\">Heft 08\/2003 &#8211; Menschen mit Behinderungen <\/a><\/li>\n<li><a href=\"https:\/\/www.bpb.de\/system\/files\/pdf\/VFM4HO.pdf\">Heft 23\/2010 &#8211; Menschen mit Behinderungen <\/a><\/li>\n<li><a href=\"https:\/\/www.bpb.de\/system\/files\/pdf\/2RPJX7.pdf\">Heft 16-19\/2011 &#8211; Sport und Teilhabe<\/a> (S. 33-38)<\/li>\n<li><a href=\"https:\/\/www.bpb.de\/system\/files\/dokument_pdf\/APuZ_2014-09-11_online_0.pdf\">Heft 09\u201311\/2014 &#8211; Leichte und Einfache Sprache <\/a><\/li>\n<li><a href=\"https:\/\/www.bpb.de\/system\/files\/dokument_pdf\/APuZ_2019-06-07_online.pdf\">Heft 6-7\/2019 &#8211; Menschen mit Behinderungen <\/a><\/li>\n<li><a href=\"https:\/\/www.bpb.de\/system\/files\/dokument_pdf\/APuZ_2025-32-35_online_Inklusion_0.pdf\">Heft 32-35\/2025 &#8211; Inklusion <\/a><\/li>\n<\/ul>\n","protected":false},"excerpt":{"rendered":"<p>(Auswahl) 1. Sachb\u00fccher 2. so genannte &#8222;Sch\u00f6ne Literatur&#8220; und B\u00fccher mit dem Schwerpunkt auf Karrikaturen\/Cartoons 3. relevante Themenhefte der Zeitschrift &#8222;Aus Politik und Zeitgeschichte&#8220; 4. Zeitschriften aus Deutschland, \u00d6sterreich und der Schweiz 1. Sachb\u00fccher AG TuWas (2018): Leitfaden Sozialhilfe f\u00fcr &#8230;<br \/> <a href=\"https:\/\/www.adberlin.com\/neu\/weiterfuerende-informationen\/broschueren-und-buecher-zum-thema-behinderung-allgemein\" class=\"readmore_link\">weiterlesen<\/a><\/p>\n","protected":false},"author":2,"featured_media":0,"parent":617,"menu_order":0,"comment_status":"closed","ping_status":"closed","template":"","meta":[],"_links":{"self":[{"href":"https:\/\/www.adberlin.com\/neu\/wp-json\/wp\/v2\/pages\/2158"}],"collection":[{"href":"https:\/\/www.adberlin.com\/neu\/wp-json\/wp\/v2\/pages"}],"about":[{"href":"https:\/\/www.adberlin.com\/neu\/wp-json\/wp\/v2\/types\/page"}],"author":[{"embeddable":true,"href":"https:\/\/www.adberlin.com\/neu\/wp-json\/wp\/v2\/users\/2"}],"replies":[{"embeddable":true,"href":"https:\/\/www.adberlin.com\/neu\/wp-json\/wp\/v2\/comments?post=2158"}],"version-history":[{"count":31,"href":"https:\/\/www.adberlin.com\/neu\/wp-json\/wp\/v2\/pages\/2158\/revisions"}],"predecessor-version":[{"id":5836,"href":"https:\/\/www.adberlin.com\/neu\/wp-json\/wp\/v2\/pages\/2158\/revisions\/5836"}],"up":[{"embeddable":true,"href":"https:\/\/www.adberlin.com\/neu\/wp-json\/wp\/v2\/pages\/617"}],"wp:attachment":[{"href":"https:\/\/www.adberlin.com\/neu\/wp-json\/wp\/v2\/media?parent=2158"}],"curies":[{"name":"wp","href":"https:\/\/api.w.org\/{rel}","templated":true}]}}