{"id":2153,"date":"2016-06-01T19:40:18","date_gmt":"2016-06-01T17:40:18","guid":{"rendered":"http:\/\/www.adberlin.com\/neu\/?page_id=2153"},"modified":"2021-01-07T21:41:26","modified_gmt":"2021-01-07T19:41:26","slug":"broschueren-und-buecher-zum-thema-assistenz","status":"publish","type":"page","link":"https:\/\/www.adberlin.com\/neu\/weiterfuerende-informationen\/broschueren-und-buecher-zum-thema-assistenz","title":{"rendered":"Brosch\u00fcren und B\u00fccher zum  Thema Assistenz"},"content":{"rendered":"<p>(Auswahl)<\/p>\n<p>&nbsp;<\/p>\n<ul>\n<li style=\"margin-bottom: 20px;\">\n<a href=\"http:\/\/www.adberlin.com\/downloads\/Ambulante Hilfe ohne Grenzen. Wenn Menschenwuerde zum Luxus wird (1991).pdf\">Ambulante Dienste (1991):<br \/>\nAmbulante Hilfe ohne Grenzen. Wenn Menschenwuerde zum Luxus wird<\/a><\/li>\n<li style=\"margin-bottom: 20px;\"><a href=\"http:\/\/www.adberlin.com\/downloads\/menschenwuerde_luxus.pdf\"> Ambulante Dienste (2001):<br \/>\nWenn Menschenw\u00fcrde zum Luxus wird<\/a><\/li>\n<li style=\"margin-bottom: 20px;\"><a href=\"http:\/\/www.adberlin.com\/downloads\/Broschuere _SELBT BESTIMMT LEBEN_ - barrierefrei.pdf\" target=\"_blank\"> Ambulante Dienste (2019):<br \/>\nSELBST BESTIMMT LEBEN mit pers\u00f6nlicher Assistenz<br \/>\n<\/a>[barrierefreie pdf-Datei &#8211; um die Bildbeschreibungen lesen zu k\u00f6nnen: Datei herunterladen und mit Acrobat-Reader \u00f6ffnen]<br \/>\n\u201e<em>Die pers\u00f6nliche Assistenz ist eine kluge Antwort auf die gro\u00dfe Frage, in welcher Gesellschaft wir eigentlich leben wollen<\/em>\u201c, schreibt Prof. Dr. Heribert Prantl, Mitglied der Chefredaktion der S\u00fcddeutschen Zeitung in seinem Essay auf den ersten Seiten der neuen Brosch\u00fcre.<br \/>\nNeben dem Beitrag von Prantl finden sich Texte von Matthias Vernaldi, Ursula Aurien und Ulrike Pohl sowie Portraits von sechs Assistenznehmer*innen und jeweils einem*r ihrer Assistent*innen in dem 66-seitigen Heft.<\/li>\n<li style=\"margin-bottom: 20px;\">ForseA e. V. (2001):<br \/>\n20 Jahre Pers\u00f6nliche Assistenz<br \/>\n108 S., DIN A4<br \/>\ngegen Erstattung der Versandkosten zu beziehen beim <a href=\"mailto:info@forsea.de\">Forum selbstbestimmter Assistenz e.V.<\/a> oder bei <a href=\"mailto:adberlin@gmx.de\">ambulante dienste e. V.<\/a><\/li>\n<li style=\"margin-bottom: 20px;\">ForseA e. V. (2007):<br \/>\n\u201eIch muss ins Krankenhaus \u2026 und nun?\u201c<br \/>\n70 S., DIN A4<br \/>\nals <a href=\"http:\/\/www.forsea.de\/projekte\/Krankenhaus\/Dokumentation_ich_muss_ins_Krankenhaus.pdf\">Download<\/a> oder gegen Erstattung der Versandkosten zu beziehen beim<br \/>\n<a href=\"mailto:info@forsea.de\" target=\"_blank\">Forum selbstbestimmter Assistenz e. V.<\/a><\/li>\n<li style=\"margin-bottom: 20px;\">Franz, Alexandra \/ MOBILE (2002):<br \/>\nSelbstbestimmt Leben mit Pers\u00f6nlicher Assistenz. Frauen<br \/>\n<a href=\"http:\/\/www.leibi.de\/spak-buecher\/shop\/index.htm\" target=\"_blank\">AG SPAK B\u00fccher<br \/>\n<\/a>151 S.<br \/>\n14,00 EUR<\/li>\n<li style=\"margin-bottom: 20px;\">MOBILE (2001):<br \/>\nSelbstbestimmt Leben mit Pers\u00f6nlicher Assistenz. Band A<br \/>\n<a href=\"http:\/\/www.leibi.de\/spak-buecher\/shop\/index.htm\" target=\"_blank\">AG SPAK B\u00fccher<\/a><br \/>\n666 S., DIN A5<br \/>\n39,00 EUR<\/li>\n<li style=\"margin-bottom: 20px;\">MOBILE \/ ZSL K\u00f6ln (2002):<br \/>\nSelbstbestimmt Leben mit Pers\u00f6nlicher Assistenz. Band B <a href=\"http:\/\/www.leibi.de\/spak-buecher\/shop\/index.htm\" target=\"_blank\"><br \/>\nAG SPAK B\u00fccher<\/a><br \/>\n400 S., DIN A5<br \/>\n34,00 EUR<\/li>\n<li style=\"margin-bottom: 20px;\"><strong>M\u00fcller, Conny (2011):<br \/>\nPers\u00f6nliche Assistenz: Kompendium von der Praxis f\u00fcr die Praxis<br \/>\n<\/strong>Hamburg (Diplomica Verlag)<\/li>\n<li style=\"margin-bottom: 20px;\">Netzwerkfrauen-Bayern (2008):<br \/>\nWanted. Gleichwertige Teilnahme am Leben durch pers\u00f6nliche Assistenz = Assistenzleistungsgesetz (Dokumentation zur Fachtagung<br \/>\nder Netzwerkfrauen-Bayern am 14.05.2007 im HypoVereinsbank Haus Ost, M\u00fcnchen)<br \/>\n40 S., DIN A4<br \/>\nzu beziehen bei den <a href=\"mailto:info@netzwerkfrauen-bayern.de\" target=\"_blank\">Netzwerkfrauen-Bayern<\/a><\/li>\n<li style=\"margin-bottom: 20px;\">Schneiberg, Pauline (2004):<br \/>\nLeitfaden f\u00fcr Assistenten und Assistentinnen und solche, die es werden wollen<br \/>\nca. 50 S., DIN A5<br \/>\nzu beziehen beim <a href=\"mailto:assistenzboerse@vba-muenchen.de\">Verbund behinderter ArbeitgeberInnen e. V.<\/a><br \/>\n[<a href=\"http:\/\/www.assistenzboerse.de\/Leitfaden.pdf\">Leseprobe<\/a>]<\/li>\n<li style=\"margin-bottom: 20px;\">&#8230;<\/li>\n<\/ul>\n","protected":false},"excerpt":{"rendered":"<p>(Auswahl) &nbsp; Ambulante Dienste (1991): Ambulante Hilfe ohne Grenzen. Wenn Menschenwuerde zum Luxus wird Ambulante Dienste (2001): Wenn Menschenw\u00fcrde zum Luxus wird Ambulante Dienste (2019): SELBST BESTIMMT LEBEN mit pers\u00f6nlicher Assistenz [barrierefreie pdf-Datei &#8211; um die Bildbeschreibungen lesen zu k\u00f6nnen: &#8230;<br \/> <a href=\"https:\/\/www.adberlin.com\/neu\/weiterfuerende-informationen\/broschueren-und-buecher-zum-thema-assistenz\" class=\"readmore_link\">weiterlesen<\/a><\/p>\n","protected":false},"author":2,"featured_media":0,"parent":617,"menu_order":0,"comment_status":"closed","ping_status":"closed","template":"","meta":[],"_links":{"self":[{"href":"https:\/\/www.adberlin.com\/neu\/wp-json\/wp\/v2\/pages\/2153"}],"collection":[{"href":"https:\/\/www.adberlin.com\/neu\/wp-json\/wp\/v2\/pages"}],"about":[{"href":"https:\/\/www.adberlin.com\/neu\/wp-json\/wp\/v2\/types\/page"}],"author":[{"embeddable":true,"href":"https:\/\/www.adberlin.com\/neu\/wp-json\/wp\/v2\/users\/2"}],"replies":[{"embeddable":true,"href":"https:\/\/www.adberlin.com\/neu\/wp-json\/wp\/v2\/comments?post=2153"}],"version-history":[{"count":11,"href":"https:\/\/www.adberlin.com\/neu\/wp-json\/wp\/v2\/pages\/2153\/revisions"}],"predecessor-version":[{"id":3932,"href":"https:\/\/www.adberlin.com\/neu\/wp-json\/wp\/v2\/pages\/2153\/revisions\/3932"}],"up":[{"embeddable":true,"href":"https:\/\/www.adberlin.com\/neu\/wp-json\/wp\/v2\/pages\/617"}],"wp:attachment":[{"href":"https:\/\/www.adberlin.com\/neu\/wp-json\/wp\/v2\/media?parent=2153"}],"curies":[{"name":"wp","href":"https:\/\/api.w.org\/{rel}","templated":true}]}}