{"id":1995,"date":"2016-02-04T15:29:39","date_gmt":"2016-02-04T13:29:39","guid":{"rendered":"http:\/\/www.adberlin.com\/neu\/?page_id=1995"},"modified":"2016-08-25T16:54:24","modified_gmt":"2016-08-25T14:54:24","slug":"marita-jansen","status":"publish","type":"page","link":"https:\/\/www.adberlin.com\/neu\/der-verein-ambulante-dienste-e-v\/aktivitaeten\/marita-jansen","title":{"rendered":"Marita Jansen"},"content":{"rendered":"<p style=\"text-align: right;\">Meine Vorliebe in der Kunst geh\u00f6rt der realistischen Malerei,<br \/>\ndie nicht Abklatsch der Wirklichkeit ist, sondern zum Nachdenken \u00fcber Verh\u00e4ltnisse auffordert\u201c<br \/>\n(Marita Jansen, 15.01.1941 &#8211; 26.07.2014)<\/p>\n<p>&nbsp;<\/p>\n<p>Vom 18.09.2015 bis zum bis zum 19.12.2015 zeigten wir die <span style=\"color: black;\"><span style=\"color: black;\">Ausstellung \u201cVerletzlichkeit\u201d der K\u00fcnstlerin Marita Jansen in unseren R\u00e4umen (<a href=\"http:\/\/www.adberlin.com\/downloads\/Ausstellung_Marita-Jansen.pdf\">zum Einladungsflyer<\/a>).<br \/>\nambulante dienste e.V. hat folgende sechs Bilder der K\u00fcnstlerin erworben, die bei uns ausgeliehen werden k\u00f6nnen: <\/span><\/span><\/p>\n<p>&nbsp;<\/p>\n<p style=\"text-align: center;\"><a href=\"https:\/\/www.adberlin.com\/neu\/wp-content\/uploads\/2016\/02\/Boatpeople_klein.jpg\"><img decoding=\"async\" loading=\"lazy\" class=\"size-medium wp-image-1999 aligncenter\" src=\"https:\/\/www.adberlin.com\/neu\/wp-content\/uploads\/2016\/02\/Boatpeople_klein-300x207.jpg\" alt=\"Boatpeople_klein\" width=\"300\" height=\"207\" srcset=\"https:\/\/www.adberlin.com\/neu\/wp-content\/uploads\/2016\/02\/Boatpeople_klein-300x207.jpg 300w, https:\/\/www.adberlin.com\/neu\/wp-content\/uploads\/2016\/02\/Boatpeople_klein-1024x707.jpg 1024w, https:\/\/www.adberlin.com\/neu\/wp-content\/uploads\/2016\/02\/Boatpeople_klein.jpg 1181w\" sizes=\"(max-width: 300px) 100vw, 300px\" \/><\/a>Boatpeople<\/p>\n<p>&nbsp;<\/p>\n<p style=\"text-align: center;\"><a href=\"https:\/\/www.adberlin.com\/neu\/wp-content\/uploads\/2016\/02\/Ertrinkende_klein.jpg\"><img decoding=\"async\" loading=\"lazy\" class=\"alignnone size-medium wp-image-2000\" src=\"https:\/\/www.adberlin.com\/neu\/wp-content\/uploads\/2016\/02\/Ertrinkende_klein-300x225.jpg\" alt=\"Ertrinkende_klein\" width=\"300\" height=\"225\" srcset=\"https:\/\/www.adberlin.com\/neu\/wp-content\/uploads\/2016\/02\/Ertrinkende_klein-300x225.jpg 300w, https:\/\/www.adberlin.com\/neu\/wp-content\/uploads\/2016\/02\/Ertrinkende_klein-1024x768.jpg 1024w, https:\/\/www.adberlin.com\/neu\/wp-content\/uploads\/2016\/02\/Ertrinkende_klein.jpg 1181w\" sizes=\"(max-width: 300px) 100vw, 300px\" \/><\/a><br \/>\nErtrinkende<\/p>\n<p>&nbsp;<br \/>\n<img decoding=\"async\" loading=\"lazy\" class=\"size-medium wp-image-2001 aligncenter\" src=\"https:\/\/www.adberlin.com\/neu\/wp-content\/uploads\/2016\/02\/Fl\u00fcchtling_klein-300x222.jpg\" alt=\"Fl\u00fcchtling_klein\" width=\"300\" height=\"222\" srcset=\"https:\/\/www.adberlin.com\/neu\/wp-content\/uploads\/2016\/02\/Fl\u00fcchtling_klein-300x222.jpg 300w, https:\/\/www.adberlin.com\/neu\/wp-content\/uploads\/2016\/02\/Fl\u00fcchtling_klein-1024x758.jpg 1024w, https:\/\/www.adberlin.com\/neu\/wp-content\/uploads\/2016\/02\/Fl\u00fcchtling_klein.jpg 1181w\" sizes=\"(max-width: 300px) 100vw, 300px\" \/><\/p>\n<p style=\"text-align: center;\">Fl\u00fcchtling<\/p>\n<p>&nbsp;<\/p>\n<p style=\"text-align: center;\"><a href=\"https:\/\/www.adberlin.com\/neu\/wp-content\/uploads\/2016\/02\/Gefesselt_klein.jpg\"><img decoding=\"async\" loading=\"lazy\" class=\"size-medium wp-image-2002 aligncenter\" src=\"https:\/\/www.adberlin.com\/neu\/wp-content\/uploads\/2016\/02\/Gefesselt_klein-300x207.jpg\" alt=\"Gefesselt_klein\" width=\"300\" height=\"207\" srcset=\"https:\/\/www.adberlin.com\/neu\/wp-content\/uploads\/2016\/02\/Gefesselt_klein-300x207.jpg 300w, https:\/\/www.adberlin.com\/neu\/wp-content\/uploads\/2016\/02\/Gefesselt_klein-1024x709.jpg 1024w, https:\/\/www.adberlin.com\/neu\/wp-content\/uploads\/2016\/02\/Gefesselt_klein.jpg 1080w\" sizes=\"(max-width: 300px) 100vw, 300px\" \/><\/a>Gefesselt<\/p>\n<p>&nbsp;<\/p>\n<p style=\"text-align: center;\"><a href=\"https:\/\/www.adberlin.com\/neu\/wp-content\/uploads\/2016\/02\/Portrait-braun_klein.jpg\"><img decoding=\"async\" loading=\"lazy\" class=\"size-medium wp-image-2003 aligncenter\" src=\"https:\/\/www.adberlin.com\/neu\/wp-content\/uploads\/2016\/02\/Portrait-braun_klein-229x300.jpg\" alt=\"Portrait braun_klein\" width=\"229\" height=\"300\" srcset=\"https:\/\/www.adberlin.com\/neu\/wp-content\/uploads\/2016\/02\/Portrait-braun_klein-229x300.jpg 229w, https:\/\/www.adberlin.com\/neu\/wp-content\/uploads\/2016\/02\/Portrait-braun_klein-784x1024.jpg 784w, https:\/\/www.adberlin.com\/neu\/wp-content\/uploads\/2016\/02\/Portrait-braun_klein.jpg 905w\" sizes=\"(max-width: 229px) 100vw, 229px\" \/><\/a>Portrait braun<\/p>\n<p>&nbsp;<\/p>\n<p style=\"text-align: center;\"><a href=\"https:\/\/www.adberlin.com\/neu\/wp-content\/uploads\/2016\/02\/Schreiende-auf-schwarz_klein.jpg\"><img decoding=\"async\" loading=\"lazy\" class=\"size-medium wp-image-2004 aligncenter\" src=\"https:\/\/www.adberlin.com\/neu\/wp-content\/uploads\/2016\/02\/Schreiende-auf-schwarz_klein-247x300.jpg\" alt=\"Schreiende auf schwarz_klein\" width=\"247\" height=\"300\" srcset=\"https:\/\/www.adberlin.com\/neu\/wp-content\/uploads\/2016\/02\/Schreiende-auf-schwarz_klein-247x300.jpg 247w, https:\/\/www.adberlin.com\/neu\/wp-content\/uploads\/2016\/02\/Schreiende-auf-schwarz_klein-844x1024.jpg 844w, https:\/\/www.adberlin.com\/neu\/wp-content\/uploads\/2016\/02\/Schreiende-auf-schwarz_klein.jpg 974w\" sizes=\"(max-width: 247px) 100vw, 247px\" \/><\/a>Schreiende auf schwarz<\/p>\n<p>&nbsp;<br \/>\n<strong>Gegen Rassismus, Rechtsextremismus und Antisemitismus!<\/strong><\/p>\n","protected":false},"excerpt":{"rendered":"<p>Meine Vorliebe in der Kunst geh\u00f6rt der realistischen Malerei, die nicht Abklatsch der Wirklichkeit ist, sondern zum Nachdenken \u00fcber Verh\u00e4ltnisse auffordert\u201c (Marita Jansen, 15.01.1941 &#8211; 26.07.2014) &nbsp; Vom 18.09.2015 bis zum bis zum 19.12.2015 zeigten wir die Ausstellung \u201cVerletzlichkeit\u201d der &#8230;<br \/> <a href=\"https:\/\/www.adberlin.com\/neu\/der-verein-ambulante-dienste-e-v\/aktivitaeten\/marita-jansen\" class=\"readmore_link\">weiterlesen<\/a><\/p>\n","protected":false},"author":2,"featured_media":0,"parent":393,"menu_order":0,"comment_status":"closed","ping_status":"closed","template":"","meta":[],"_links":{"self":[{"href":"https:\/\/www.adberlin.com\/neu\/wp-json\/wp\/v2\/pages\/1995"}],"collection":[{"href":"https:\/\/www.adberlin.com\/neu\/wp-json\/wp\/v2\/pages"}],"about":[{"href":"https:\/\/www.adberlin.com\/neu\/wp-json\/wp\/v2\/types\/page"}],"author":[{"embeddable":true,"href":"https:\/\/www.adberlin.com\/neu\/wp-json\/wp\/v2\/users\/2"}],"replies":[{"embeddable":true,"href":"https:\/\/www.adberlin.com\/neu\/wp-json\/wp\/v2\/comments?post=1995"}],"version-history":[{"count":11,"href":"https:\/\/www.adberlin.com\/neu\/wp-json\/wp\/v2\/pages\/1995\/revisions"}],"predecessor-version":[{"id":2013,"href":"https:\/\/www.adberlin.com\/neu\/wp-json\/wp\/v2\/pages\/1995\/revisions\/2013"}],"up":[{"embeddable":true,"href":"https:\/\/www.adberlin.com\/neu\/wp-json\/wp\/v2\/pages\/393"}],"wp:attachment":[{"href":"https:\/\/www.adberlin.com\/neu\/wp-json\/wp\/v2\/media?parent=1995"}],"curies":[{"name":"wp","href":"https:\/\/api.w.org\/{rel}","templated":true}]}}