{"id":1842,"date":"2015-10-06T14:33:11","date_gmt":"2015-10-06T12:33:11","guid":{"rendered":"http:\/\/www.adberlin.com\/neu\/?page_id=1842"},"modified":"2015-10-06T14:36:50","modified_gmt":"2015-10-06T12:36:50","slug":"fruehere-meldungen","status":"publish","type":"page","link":"https:\/\/www.adberlin.com\/neu\/aktuelles\/fruehere-meldungen","title":{"rendered":"fr\u00fchere Meldungen"},"content":{"rendered":"<p>(30.04.2015)\u00a0 <strong>Sommerfest von ambulante dienste e. V. 2015<br \/>\n<\/strong><br \/>\nUnser\u00a0 traditionelles Sommerfest\u00a0 findet dieses Jahr am Samstag, den 25. Juli 2015 statt &#8211; wieder im <a href=\"http:\/\/www.suedblock.org\/\">S\u00dcDBLOCK<\/a>, Admiralstr. 1-2, 10999 Berlin-Kreuzberg (direkt am Kottbusser Tor).<\/p>\n<p style=\"text-align: center;\"><a href=\"https:\/\/www.adberlin.com\/neu\/wp-content\/uploads\/2013\/11\/150706_AD-Sommerfest_Mail.jpg\"><img decoding=\"async\" loading=\"lazy\" class=\"wp-image-1730 aligncenter\" src=\"https:\/\/www.adberlin.com\/neu\/wp-content\/uploads\/2013\/11\/150706_AD-Sommerfest_Mail.jpg\" alt=\"SB003_Plakat 02.indd\" width=\"347\" height=\"491\" srcset=\"https:\/\/www.adberlin.com\/neu\/wp-content\/uploads\/2013\/11\/150706_AD-Sommerfest_Mail.jpg 600w, https:\/\/www.adberlin.com\/neu\/wp-content\/uploads\/2013\/11\/150706_AD-Sommerfest_Mail-212x300.jpg 212w\" sizes=\"(max-width: 347px) 100vw, 347px\" \/><\/a><a href=\"https:\/\/www.adberlin.com\/neu\/wp-content\/uploads\/2013\/11\/150706_AD-Sommerfest_Flyer-A5.pdf\">als pdf-Datei<\/a><\/p>\n<p>&nbsp;<\/p>\n<hr width=\"80%\" \/>\n<p>&nbsp;<\/p>\n<p>(03.03.2015) <strong>Menschen mit Behinderung gehen auf die Stra\u00dfe<\/strong><\/p>\n<p>Auch dieses Jahr wird es wieder zwei gr\u00f6\u00dfere Veranstaltungen geben, bei denen sich Menschen mit Behinderung in der \u00d6ffentlichkeit zeigen und auf sich und ihre Rechte aufmerksam machen:<\/p>\n<blockquote>\n<ul>\n<li><em>Am Dienstag, den 5. Mai 2015, dem diesj\u00e4hrigen Europ\u00e4ischen Protesttag zur Gleichstellung von Menschen mit Behinderungen, rufen verschiedene Verb\u00e4nde und Initiativen wieder zu einer Demonstration auf, die vom Bundeskanzleramt zum Brandenburger Tor f\u00fchrt. Sie steht unter dem Motto &#8222;Aufzug statt Auszug&#8220;.<br \/>\nDie Veranstaltung beginnt um 11.00 Uhr vor dem Bundeskanzleramt.<\/em><br \/>\n<em>Den Ablauf und die Forderungen finden Sie <a href=\"http:\/\/www.berliner-behindertenzeitung.de\/wp-content\/uploads\/2015\/03\/Plakat_5_Mai_2015_Final.pdf\">hier<\/a>.<\/em><\/li>\n<li><em>Am Samstag, den 11. Juli 2015, findet die 3. Disability and Mad Pride Parade in Berlin statt. N\u00e4heres unter <a href=\"http:\/\/www.pride-parade.de\/\">www.pride-parade.de<\/a>.<\/em><\/li>\n<\/ul>\n<\/blockquote>\n<hr width=\"80%\" \/>\n<p>&nbsp;<\/p>\n<p>(01.12.2014) <strong>MDK-Pr\u00fcfungsergebnis: Note 1,0<\/strong><\/p>\n<p>Bei der diesj\u00e4hrigen MDK-Pr\u00fcfung im November 2014 wurde der Assistenzdienst von ambulante dienste e. V. erneut mit der Bestnote 1,0 bewertet.<br \/>\nDen vorl\u00e4ufigen Transparenzbericht finden Sie <a href=\"http:\/\/www.adberlin.com\/downloads\/MDK-Pruefung_2014.pdf\">hier<\/a>.<\/p>\n<p>&nbsp;<\/p>\n<hr width=\"80%\" \/>\n<p>&nbsp;<\/p>\n<p>(26.05.2014) <strong>2. Disability and Mad Pride Parade am 12. Juli 2014<\/strong><\/p>\n<p>Am Samstag, den 12. Juli 2014, findet die 2. Disability and Mad Pride Parade in Berlin statt. Sie beginnt um 15.00 Uhr am Hermannplatz und endet (wie letztes Jahr) am Kottbusser Tor.<\/p>\n<p>Ziel der Veranstaltung ist es, mit der Behinderung auf die Stra\u00dfe zu gehen und sich so zu zeigen, wie man\/frau ist.<br \/>\nIm Aufruf hei\u00dft es:<\/p>\n<blockquote><p>\u201eTanzt Barrieren weg! H\u00fcpft aus den Schubladen! Schei\u00dft auf Diagnosen!<br \/>\nWir wollen eine Gesellschaft, die bereit ist, Barrieren abzubauen, statt Menschen als &#8222;krank&#8220;, &#8222;gest\u00f6rt&#8220; und &#8222;nicht normal&#8220; auszusortieren! Wir verwahren uns dagegen, Experimentierfeld f\u00fcr problemorientierte Menschenverbesserungen zu sein. So, wie wir sind, sind wir richtig!<br \/>\nAlso: K\u00fcsst den Wahnsinn wach, liebt Krummbeine und Spasmus, begehrt Kr\u00fccken und Katheter! Malt Eurer Scham Pink und Glitzer auf die Wange und lasst sie laufen! Rollt, humpelt, tastet Euch vor \u2013 zum Hermannplatz, am 12. Juli, um 15 Uhr.<br \/>\nWir sind viele. Wir verst\u00f6ren und verf\u00fchren. Unser Leben geh\u00f6rt uns! Unsere K\u00f6rper geh\u00f6ren uns! Und zur Parade geh\u00f6rt uns auch die Stra\u00dfe!\u201c<\/p><\/blockquote>\n<p>N\u00e4heres im Internet unter <a href=\"http:\/\/www.pride-parade.de\">www.pride-parade.de<\/a><\/p>\n<p>&nbsp;<\/p>\n<hr width=\"80%\" \/>\n<p>&nbsp;<\/p>\n<p>(05.03.2014)\u00a0 <strong>ad-Sommerfest am 5. Juli 2014<br \/>\n<\/strong><\/p>\n<p>Am Samstag, den 05.07.2014 findet ab 15.00 Uhr das traditionelle Sommerfest von ambulante dienste e. V.\u00a0 statt &#8211; und zwar im <a href=\"http:\/\/www.suedblock.org\/\">S\u00dcDBLOCK<\/a>, Admiralstr. 1-2, 10999 Berlin-Kreuzberg (direkt am Kottbusser Tor).<\/p>\n<p>&gt; <a title=\"Assistenzvermittlungsb\u00f6rse: Person mit Assistenzbedarf sucht \u2026\" href=\"http:\/\/www.adberlin.com\/downloads\/sommerfest2014_web.pdf\">Plakat mit den Programmpunkten<\/a><\/p>\n<p>&nbsp;<\/p>\n<hr width=\"80%\" \/>\n<p>&nbsp;<\/p>\n<p>(04.03.2014) <strong>Listen mit Gerichtsentscheidungen online<\/strong><\/p>\n<p>Seit heute sind unter dem Men\u00fcpunkt &#8222;Rechtssprechung&#8220; Listen mit Gerichtsentscheidungen online, die f\u00fcr behinderte Menschen interessant sind:<\/p>\n<p>Es gibt jeweils eine Liste (als Word-Datei) zu den Themen &#8222;Behinderung und Lebensunterhalt&#8220; , &#8222;Kosten f\u00fcr Pflege bzw. Assistenz&#8220;, &#8222;Hilfsmittel&#8220; und &#8222;sonstige Themen&#8220;.<\/p>\n<p>Die \u00dcbersichten werden kontinuierlich aktualisiert.<\/p>\n<p>&nbsp;<\/p>\n<hr width=\"80%\" \/>\n<p>&nbsp;<\/p>\n<p>21.01.2014 <strong>MDK-Pr\u00fcfung mit &#8222;sehr gut&#8220; bestanden<\/strong><\/p>\n<p>Als Pflegedienst, der einen Versorgungsvertrag mit den Pflegekassen hat, wird ambulante dienste einmal j\u00e4hrlich vom Medizinischen Dienst\u00a0 der Krankenkassen gepr\u00fcft. Bei der j\u00fcngsten Pr\u00fcfung, die Ende November 2013 stattfand, erhielten wir die (Best-)Note 1,0. Den Bewertungsbogen finden Sie <a title=\"Sommerfest 2012\" href=\"http:\/\/www.adberlin.com\/downloads\/MDK-Pruefung_2013.pdf\">hier<\/a>.<\/p>\n<p>&nbsp;<\/p>\n","protected":false},"excerpt":{"rendered":"<p>(30.04.2015)\u00a0 Sommerfest von ambulante dienste e. V. 2015 Unser\u00a0 traditionelles Sommerfest\u00a0 findet dieses Jahr am Samstag, den 25. Juli 2015 statt &#8211; wieder im S\u00dcDBLOCK, Admiralstr. 1-2, 10999 Berlin-Kreuzberg (direkt am Kottbusser Tor). als pdf-Datei &nbsp; &nbsp; (03.03.2015) Menschen mit &#8230;<br \/> <a href=\"https:\/\/www.adberlin.com\/neu\/aktuelles\/fruehere-meldungen\" class=\"readmore_link\">weiterlesen<\/a><\/p>\n","protected":false},"author":2,"featured_media":0,"parent":608,"menu_order":0,"comment_status":"closed","ping_status":"closed","template":"","meta":[],"_links":{"self":[{"href":"https:\/\/www.adberlin.com\/neu\/wp-json\/wp\/v2\/pages\/1842"}],"collection":[{"href":"https:\/\/www.adberlin.com\/neu\/wp-json\/wp\/v2\/pages"}],"about":[{"href":"https:\/\/www.adberlin.com\/neu\/wp-json\/wp\/v2\/types\/page"}],"author":[{"embeddable":true,"href":"https:\/\/www.adberlin.com\/neu\/wp-json\/wp\/v2\/users\/2"}],"replies":[{"embeddable":true,"href":"https:\/\/www.adberlin.com\/neu\/wp-json\/wp\/v2\/comments?post=1842"}],"version-history":[{"count":2,"href":"https:\/\/www.adberlin.com\/neu\/wp-json\/wp\/v2\/pages\/1842\/revisions"}],"predecessor-version":[{"id":1844,"href":"https:\/\/www.adberlin.com\/neu\/wp-json\/wp\/v2\/pages\/1842\/revisions\/1844"}],"up":[{"embeddable":true,"href":"https:\/\/www.adberlin.com\/neu\/wp-json\/wp\/v2\/pages\/608"}],"wp:attachment":[{"href":"https:\/\/www.adberlin.com\/neu\/wp-json\/wp\/v2\/media?parent=1842"}],"curies":[{"name":"wp","href":"https:\/\/api.w.org\/{rel}","templated":true}]}}