{"id":1556,"date":"2014-10-17T18:57:32","date_gmt":"2014-10-17T16:57:32","guid":{"rendered":"http:\/\/www.adberlin.com\/neu\/?page_id=1556"},"modified":"2024-09-10T23:35:36","modified_gmt":"2024-09-10T22:35:36","slug":"leben-mit-behinderung-in-berlin-linksammlung","status":"publish","type":"page","link":"https:\/\/www.adberlin.com\/neu\/weiterfuerende-informationen\/leben-mit-behinderung-in-berlin-linksammlung","title":{"rendered":"Leben mit Behinderung in Berlin (Linksammlung)"},"content":{"rendered":"<p><strong>&#8230; zum Thema Assistenz:<\/strong><\/p>\n<p><a href=\"https:\/\/lebenswege-berlin.de\/\">https:\/\/lebenswege-berlin.de\/<\/a><br \/>\nAssistenzdienst Neue Lebenswege \/ Pflegedienst Normales Leben<\/p>\n<p><a href=\"https:\/\/www.phoenix-soziale-dienste.de\/leistungen\/persoenliche-assistenz\/\">https:\/\/www.phoenix-soziale-dienste.de\/leistungen\/persoenliche-assistenz\/<\/a><br \/>\nAssistenzdienst von Ph\u00f6nix &#8211; Soziale Dienste gGmbHNeue Lebenswege \/ Pflegedienst Normales Leben<\/p>\n<p><a href=\"https:\/\/asl-berlin.de\/\">https:\/\/asl-berlin.de\/<\/a><br \/>\nArbeitsgemeinschaft f\u00fcr ein selbstbestimmtes Leben schwerstbehinderter Menschen (ASL) e. V.<br \/>\n(Beratung zum Arbeitgebermodell)<\/p>\n<p><a href=\"http:\/\/www.berliner-assistenz-verein.de\">http:\/\/www.berliner-assistenz-verein.de<\/a><br \/>\nBerliner AssistenzVerein (BAV) e. V.<br \/>\n(Beratung zum bzw. Begleitung im pers\u00f6nlichen Budget)<\/p>\n<p>&nbsp;<\/p>\n<p><strong>&#8230; zum Thema Frauen mit Behinderung:<\/strong><\/p>\n<p><a href=\"http:\/\/www.netzwerk-behinderter-frauen-berlin.de\/\">http:\/\/www.netzwerk-behinderter-frauen-berlin.de<\/a><br \/>\nNetzwerk behinderter Frauen Berlin e.V.<\/p>\n<p>Gyn\u00e4kologische Angebote unter dem Stichwort &#8222;Gesundheit&#8220; (siehe unten)<\/p>\n<p>&nbsp;<\/p>\n<p><a name=\"gesundheit\"><\/a><strong>&#8230; zum Thema Gesundheit:<\/strong><\/p>\n<p><a href=\"https:\/\/www.kvberlin.de\/60arztsuche\/detailsuche.html\">https:\/\/www.kvberlin.de\/60arztsuche\/detailsuche.html<\/a><br \/>\nSuchmaske der Kassen\u00e4rztlichen Vereinigung Berlin zur Arztsuche<br \/>\n(es kann augew\u00e4hlt werden, wie barrierefrei die Praxis sein muss)<\/p>\n<p>Medizinische Zentren f\u00fcr Erwachsene mit Behinderung (MZEB)<\/p>\n<ul>\n<li><a href=\"https:\/\/www.keh-berlin.de\/fileadmin\/Dateien\/Downloads\/Fachabteilungen\/BHZ\/Flyer_MZEB.pdf\">am Evangelischen Krankenhaus K\u00f6nigin Elisabeth Herzberge<\/a><\/li>\n<li><a href=\"https:\/\/www.gib-ev.de\/mzeb\/downloads\/MZEB_Berlin-Nord_Flyer2021.pdf\">MZEB Berlin-Nord<\/a><\/li>\n<li><a href=\"https:\/\/www.cooperative-mensch.de\/fileadmin\/Dokumente\/MZEB\/Flyer_MZEB_barrierefrei_210304.pdf\">MZEB Berlin-S\u00fcd<\/a><\/li>\n<\/ul>\n<p>gyn\u00e4kologische Spezialambulanz des Familienplanungszentrums Balance in Lichtenberg:<br \/>\n<a href=\"https:\/\/www.fpz-berlin.de\/Frauenaerztliche-Angebote-884831.html\">https:\/\/www.fpz-berlin.de\/Frauenaerztliche-Angebote-884831.html<\/a><\/p>\n<p>gyn\u00e4kologische Praxen f\u00fcr Frauen mit besonderen Bed\u00fcrfnissen:<br \/>\n<a href=\"https:\/\/www.gynformation.de\/profiles?tag%5B%5D=&amp;treatment_method%5B%5D=&amp;state=DE-BE&amp;category=&amp;commit=Filtern\">https:\/\/www.gynformation.de\/profiles?tag%5B%5D=&amp;treatment_method%5B%5D=&amp;state=DE-BE&amp;category=&amp;commit=Filtern<\/a><\/p>\n<p>Listen ausgew\u00e4hlter Arztpraxen. zusammengestellt durch die Qualit\u00e4tsmanagementbeauftragten von ambulante dienste e. V.<br \/>\n(Kriterien der Auswahl: Barrierefreiheit gesichert \/ Annahme von Neupatient*innen m\u00f6glich)<br \/>\nder Fachrichtungen<\/p>\n<ul>\n<li><a href=\"http:\/\/www.adberlin.com\/downloads\/Liste_Praxen%20fuer Gynaekologie_barrierefrei_2020-05.pdf\">Gyn\u00e4kologie<\/a><\/li>\n<li><a href=\"http:\/\/www.adberlin.com\/downloads\/Liste_Praxen%20fuer Schmerztherapie_barrierefrei_2022-09.pdf\">Schmerztherapie<\/a><\/li>\n<li><a href=\"http:\/\/www.adberlin.com\/downloads\/Liste_Praxen%20fuer Urologie_barrierefrei_2020-05.pdf\">Urologie<\/a><\/li>\n<\/ul>\n<p>Zahn\u00e4rztlicher Praxisf\u00fchrer f\u00fcr Menschen mit Behinderungen und geriatrische Patienten:<br \/>\n<a href=\"https:\/\/www.zaek-berlin.de\/dateien\/Content\/Dokumente\/Patienten\/Ratgeber\/ZAEK_Praxisfuehrer_2016.pdf\">https:\/\/www.zaek-berlin.de\/dateien\/Content\/Dokumente\/Patienten\/Ratgeber\/ZAEK_Praxisfuehrer_2016.pdf<\/a><\/p>\n<p>Zahnarztpraxen mit dem speziellen Behandlungsangebot &#8222;Behandlung von Menschen mit Behinderung unter Vollnarkose&#8220; (Stand: 31.05.2024):<br \/>\n<a href=\"https:\/\/www.kzv-berlin.de\/fileadmin\/user_upload_kzv\/Patienten\/Zahnarztpraxen_Behindertenbehandlung_Vollnarkose.pdf\">https:\/\/www.kzv-berlin.de\/fileadmin\/user_upload_kzv\/Patienten\/Zahnarztpraxen_Behindertenbehandlung_Vollnarkose.pdf<\/a><\/p>\n<p>&nbsp;<\/p>\n<p><strong>&#8230; zum Thema Kinder mit Behinderung:<\/strong><\/p>\n<p><a href=\"https:\/\/humanistisch.de\/menschenkind\">https:\/\/humanistisch.de\/menschenkind<\/a><br \/>\nInformationen zum Berliner Hilfe- und Versorgungssystem f\u00fcr Kinder mit Unterst\u00fctzungsbedarf<\/p>\n<p><a href=\"https:\/\/www.eltern-beraten-eltern.de\/\">https:\/\/www.eltern-beraten-eltern.de<\/a><br \/>\nEltern beraten Eltern von Kindern mit und ohne Behinderung e. V.<\/p>\n<p><a href=\"http:\/\/www.bebsk.de\">http:\/\/www.bebsk.de<\/a><br \/>\nBundesvereinigung Eltern blinder und sehbehinderter Kinder e. V. (mit regionaler Vertretung in Berlin)<\/p>\n<p>&nbsp;<\/p>\n<p><strong>&#8230; zum Thema Mobilit\u00e4t:<\/strong><\/p>\n<p><a href=\"http:\/\/www.fahrinfo-berlin.de\/barrierefrei\/bin\/\">http:\/\/www.fahrinfo-berlin.de\/barrierefrei\/bin\/<\/a><br \/>\nSuche nach barierefreien Verbindungen mit \u00f6ffentlichen Verkehrsmitteln im Verkehrsverbund Berlin-Brandenburg<\/p>\n<p><a href=\"http:\/\/www.brokenlifts.org\/\">http:\/\/www.brokenlifts.org<\/a><br \/>\nInformationen \u00fcber defekte Fahrst\u00fchle an den Bahnh\u00f6fen im Verkehrsverbund Berlin-Brandenburg<\/p>\n<p><a href=\"https:\/\/rollstuhltaxi-berlin.de\/\">https:\/\/rollstuhltaxi-berlin.de\/<\/a><br \/>\n\u00dcbersicht \u00fcber die Anbieter von Taxis und Fahrdiensten, die mit dem Rollstuhl nutzbar sind<\/p>\n<p>&nbsp;<\/p>\n<p><strong>&#8230; zum Thema Wohnen:<\/strong><\/p>\n<p><a href=\"http:\/\/www.rb-wohnungen.de\/\">http:\/\/www.rb-wohnungen.de\/<\/a><br \/>\nDatenbank des Landesamts f\u00fcr Gesundheit und Soziales (LaGeSo) zur Suche nach Wohnungen f\u00fcr Rollstuhlnutzer*innen<\/p>\n<p>&nbsp;<\/p>\n<p><strong>&#8230; allgemein zum Thema Behinderung:<\/strong><\/p>\n<p><a href=\"http:\/\/www.berlin.de\/lageso\/_assets\/behinderung\/schwerbehinderung-versorgungsamt\/publikationen\/ratgeber.pdf\">http:\/\/www.berlin.de\/lageso\/_assets\/behinderung\/schwerbehinderung-versorgungsamt\/publikationen\/ratgeber.pdf<\/a><br \/>\nBerliner Ratgeber f\u00fcr Menschen mit Behinderung des Landesamts f\u00fcr Gesundheit und Soziales<\/p>\n<p><a href=\"http:\/\/www.bbv-ev.de\/\">http:\/\/www.bbv-ev.de<\/a><br \/>\nBerliner Behindertenverband &#8222;F\u00fcr Selbstbestimmung und W\u00fcrde\u201c e.V.<\/p>\n<p><a href=\"http:\/\/www.berliner-behindertenzeitung.de\/\">http:\/\/www.berliner-behindertenzeitung.de<\/a><br \/>\nBerliner Behindertenzeitung<\/p>\n<p><a href=\"http:\/\/www.berlin.de\/lb\/behi\/\">http:\/\/www.berlin.de\/lb\/behi\/<\/a><br \/>\nLandesbeauftragte f\u00fcr Menschen mit Behinderung<\/p>\n<p><a href=\"http:\/\/www.berlin.de\/lb\/behi-beirat\/\">www.berlin.de\/lb\/behi-beirat\/<\/a><br \/>\nLandesbeirat f\u00fcr Menschen mit Behinderung<\/p>\n<p><a href=\"http:\/\/www.mobidat.net\/\">http:\/\/www.mobidat.net<\/a><br \/>\nInformationen zur barrierefreien Zug\u00e4nglichkeit von Geb\u00e4uden<\/p>\n<p><a href=\"https:\/\/www.berlin.de\/sen\/uvk\/verkehr\/infrastruktur\/oeffentliche-toiletten\/download\/\">https:\/\/www.berlin.de\/sen\/uvk\/verkehr\/infrastruktur\/oeffentliche-toiletten\/download\/<\/a><br \/>\nInformationen \u00fcber rollstuhlgerechte \u00f6ffentliche Toiletten im Berliner Stadtgebiet<\/p>\n<p>&nbsp;<\/p>\n","protected":false},"excerpt":{"rendered":"<p>&#8230; zum Thema Assistenz: https:\/\/lebenswege-berlin.de\/ Assistenzdienst Neue Lebenswege \/ Pflegedienst Normales Leben https:\/\/www.phoenix-soziale-dienste.de\/leistungen\/persoenliche-assistenz\/ Assistenzdienst von Ph\u00f6nix &#8211; Soziale Dienste gGmbHNeue Lebenswege \/ Pflegedienst Normales Leben https:\/\/asl-berlin.de\/ Arbeitsgemeinschaft f\u00fcr ein selbstbestimmtes Leben schwerstbehinderter Menschen (ASL) e. V. (Beratung zum Arbeitgebermodell) http:\/\/www.berliner-assistenz-verein.de &#8230;<br \/> <a href=\"https:\/\/www.adberlin.com\/neu\/weiterfuerende-informationen\/leben-mit-behinderung-in-berlin-linksammlung\" class=\"readmore_link\">weiterlesen<\/a><\/p>\n","protected":false},"author":2,"featured_media":0,"parent":617,"menu_order":0,"comment_status":"closed","ping_status":"closed","template":"","meta":[],"_links":{"self":[{"href":"https:\/\/www.adberlin.com\/neu\/wp-json\/wp\/v2\/pages\/1556"}],"collection":[{"href":"https:\/\/www.adberlin.com\/neu\/wp-json\/wp\/v2\/pages"}],"about":[{"href":"https:\/\/www.adberlin.com\/neu\/wp-json\/wp\/v2\/types\/page"}],"author":[{"embeddable":true,"href":"https:\/\/www.adberlin.com\/neu\/wp-json\/wp\/v2\/users\/2"}],"replies":[{"embeddable":true,"href":"https:\/\/www.adberlin.com\/neu\/wp-json\/wp\/v2\/comments?post=1556"}],"version-history":[{"count":30,"href":"https:\/\/www.adberlin.com\/neu\/wp-json\/wp\/v2\/pages\/1556\/revisions"}],"predecessor-version":[{"id":5202,"href":"https:\/\/www.adberlin.com\/neu\/wp-json\/wp\/v2\/pages\/1556\/revisions\/5202"}],"up":[{"embeddable":true,"href":"https:\/\/www.adberlin.com\/neu\/wp-json\/wp\/v2\/pages\/617"}],"wp:attachment":[{"href":"https:\/\/www.adberlin.com\/neu\/wp-json\/wp\/v2\/media?parent=1556"}],"curies":[{"name":"wp","href":"https:\/\/api.w.org\/{rel}","templated":true}]}}